{"id":3308,"date":"2026-04-16T14:40:15","date_gmt":"2026-04-16T14:40:15","guid":{"rendered":"https:\/\/aquariavanwolferen.nl\/?post_type=product&#038;p=3308"},"modified":"2026-04-16T14:41:47","modified_gmt":"2026-04-16T14:41:47","slug":"aquarium-volglas-met-of-zonder-frame-nr-4","status":"publish","type":"product","link":"https:\/\/aquariavanwolferen.nl\/es\/product\/aquarium-volglas-met-of-zonder-frame-nr-4\/","title":{"rendered":"Aquarium volglas met of zonder frame nr 4"},"content":{"rendered":"","protected":false},"excerpt":{"rendered":"<p>Los acuarios de vidrio est\u00e1n disponibles en diferentes formas, tama\u00f1os y estilos, y pueden personalizarse para satisfacer las necesidades y preferencias del propietario. Los tama\u00f1os de acuarios var\u00edan desde peque\u00f1os acuarios de escritorio hasta grandes instalaciones personalizadas que pueden ocupar una pared entera.<\/p>\n<p>Al instalar un acuario de cristal, es importante tener en cuenta las necesidades de los animales acu\u00e1ticos que desea conservar, como el tama\u00f1o del acuario, la calidad del agua, la iluminaci\u00f3n, el sistema de filtraci\u00f3n y calefacci\u00f3n, etc. Es fundamental encontrar un buen equilibrio entre la est\u00e9tica y el entorno de vida de los animales.<\/p>\n<p>En resumen, un acuario de cristal es una maravillosa adici\u00f3n a un hogar u oficina, ya que le ofrece la oportunidad de traer un pedazo del mundo submarino a su hogar y disfrutar de la belleza y tranquilidad que ofrece.<\/p>\n<p>Los acuarios se pueden adaptar a los deseos del cliente con, por ejemplo, rebosaderos, c\u00e1maras de secado, polimolienda, vidrio negro, l\u00e1minas negras y agujeros sueltos.<\/p>\n<p>Consulte nuestra lista de precios para precios y tama\u00f1os est\u00e1ndar.<\/p>","protected":false},"featured_media":3129,"template":"","meta":[],"product_brand":[],"product_cat":[52],"product_tag":[],"class_list":{"0":"post-3308","1":"product","2":"type-product","3":"status-publish","4":"has-post-thumbnail","6":"product_cat-aquarium-volglas-met-of-zonder-frame","8":"first","9":"instock","10":"shipping-taxable","11":"product-type-external"},"yoast_head":"<!-- This site is optimized with the Yoast SEO plugin v27.5 - https:\/\/yoast.com\/product\/yoast-seo-wordpress\/ -->\n<title>Aquarium volglas met of zonder frame nr 4 - Aquaria van Wolferen<\/title>\n<meta name=\"robots\" content=\"index, follow, max-snippet:-1, max-image-preview:large, max-video-preview:-1\" \/>\n<link rel=\"canonical\" href=\"https:\/\/aquariavanwolferen.nl\/es\/producto\/aquarium-volglas-met-of-zonder-frame-nr-4\/\" \/>\n<meta property=\"og:locale\" content=\"es_ES\" \/>\n<meta property=\"og:type\" content=\"article\" \/>\n<meta property=\"og:title\" content=\"Aquarium volglas met of zonder frame nr 4 - Aquaria van Wolferen\" \/>\n<meta property=\"og:description\" content=\"glazen aquaria zijn verkrijgbaar in verschillende vormen, maten en stijlen, en ze kunnen worden aangepast aan de behoeften en voorkeuren van de eigenaar. Het formaat van een aquarium varieert van kleine desktopaquaria tot grote, op maat gemaakte installaties die een hele muur kunnen beslaan.  Bij het opzetten van een glazen aquarium is het belangrijk om rekening te houden met de behoeften van de waterdieren die je wilt houden, zoals de grootte van het aquarium, de waterkwaliteit, de verlichting, het filter- en verwarmingssysteem, enzovoort. Het is essentieel om een goed evenwicht te vinden tussen esthetiek en de leefomgeving van de dieren.  Kortom, een glazen aquarium is een prachtige toevoeging aan een huis of kantoor, die je de mogelijkheid biedt om een stukje onderwaterwereld in huis te halen en te genieten van de schoonheid en rust die het biedt.  de aquaria kunnen op wensen van de klant aangepast worden met bv overlopen , droogkamers, poly slijpen, zwart glas , zwarte folie , losse gaten .  zie voor prijzen en standaard maten onze prijslijst.\" \/>\n<meta property=\"og:url\" content=\"https:\/\/aquariavanwolferen.nl\/es\/producto\/aquarium-volglas-met-of-zonder-frame-nr-4\/\" \/>\n<meta property=\"og:site_name\" content=\"Aquaria van Wolferen\" \/>\n<meta property=\"article:publisher\" content=\"https:\/\/www.facebook.com\/profile.php?id=100009060239869\" \/>\n<meta property=\"article:modified_time\" content=\"2026-04-16T14:41:47+00:00\" \/>\n<meta property=\"og:image\" content=\"https:\/\/aquariavanwolferen.nl\/wp-content\/uploads\/2026\/03\/IMG_5326-scaled.jpg\" \/>\n\t<meta property=\"og:image:width\" content=\"2560\" \/>\n\t<meta property=\"og:image:height\" content=\"1920\" \/>\n\t<meta property=\"og:image:type\" content=\"image\/jpeg\" \/>\n<meta name=\"twitter:card\" content=\"summary_large_image\" \/>\n<meta name=\"twitter:label1\" content=\"Tiempo de lectura\" \/>\n\t<meta name=\"twitter:data1\" content=\"1 minuto\" \/>\n<script type=\"application\/ld+json\" class=\"yoast-schema-graph\">{\"@context\":\"https:\\\/\\\/schema.org\",\"@graph\":[{\"@type\":\"WebPage\",\"@id\":\"https:\\\/\\\/aquariavanwolferen.nl\\\/product\\\/aquarium-volglas-met-of-zonder-frame-nr-4\\\/\",\"url\":\"https:\\\/\\\/aquariavanwolferen.nl\\\/product\\\/aquarium-volglas-met-of-zonder-frame-nr-4\\\/\",\"name\":\"Aquarium volglas met of zonder frame nr 4 - Aquaria van Wolferen\",\"isPartOf\":{\"@id\":\"https:\\\/\\\/aquariavanwolferen.nl\\\/#website\"},\"primaryImageOfPage\":{\"@id\":\"https:\\\/\\\/aquariavanwolferen.nl\\\/product\\\/aquarium-volglas-met-of-zonder-frame-nr-4\\\/#primaryimage\"},\"image\":{\"@id\":\"https:\\\/\\\/aquariavanwolferen.nl\\\/product\\\/aquarium-volglas-met-of-zonder-frame-nr-4\\\/#primaryimage\"},\"thumbnailUrl\":\"https:\\\/\\\/i0.wp.com\\\/aquariavanwolferen.nl\\\/wp-content\\\/uploads\\\/2026\\\/03\\\/IMG_5326-scaled.jpg?fit=2560%2C1920&ssl=1\",\"datePublished\":\"2026-04-16T14:40:15+00:00\",\"dateModified\":\"2026-04-16T14:41:47+00:00\",\"breadcrumb\":{\"@id\":\"https:\\\/\\\/aquariavanwolferen.nl\\\/product\\\/aquarium-volglas-met-of-zonder-frame-nr-4\\\/#breadcrumb\"},\"inLanguage\":\"es\",\"potentialAction\":[{\"@type\":\"ReadAction\",\"target\":[\"https:\\\/\\\/aquariavanwolferen.nl\\\/product\\\/aquarium-volglas-met-of-zonder-frame-nr-4\\\/\"]}]},{\"@type\":\"ImageObject\",\"inLanguage\":\"es\",\"@id\":\"https:\\\/\\\/aquariavanwolferen.nl\\\/product\\\/aquarium-volglas-met-of-zonder-frame-nr-4\\\/#primaryimage\",\"url\":\"https:\\\/\\\/i0.wp.com\\\/aquariavanwolferen.nl\\\/wp-content\\\/uploads\\\/2026\\\/03\\\/IMG_5326-scaled.jpg?fit=2560%2C1920&ssl=1\",\"contentUrl\":\"https:\\\/\\\/i0.wp.com\\\/aquariavanwolferen.nl\\\/wp-content\\\/uploads\\\/2026\\\/03\\\/IMG_5326-scaled.jpg?fit=2560%2C1920&ssl=1\",\"width\":2560,\"height\":1920},{\"@type\":\"BreadcrumbList\",\"@id\":\"https:\\\/\\\/aquariavanwolferen.nl\\\/product\\\/aquarium-volglas-met-of-zonder-frame-nr-4\\\/#breadcrumb\",\"itemListElement\":[{\"@type\":\"ListItem\",\"position\":1,\"name\":\"Home\",\"item\":\"https:\\\/\\\/aquariavanwolferen.nl\\\/\"},{\"@type\":\"ListItem\",\"position\":2,\"name\":\"Ons aanbod\",\"item\":\"https:\\\/\\\/aquariavanwolferen.nl\\\/onsaanbod\\\/\"},{\"@type\":\"ListItem\",\"position\":3,\"name\":\"Aquarium volglas met of zonder frame nr 4\"}]},{\"@type\":\"WebSite\",\"@id\":\"https:\\\/\\\/aquariavanwolferen.nl\\\/#website\",\"url\":\"https:\\\/\\\/aquariavanwolferen.nl\\\/\",\"name\":\"Aquaria van Wolferen\",\"description\":\"Voor al uw aquarias\",\"publisher\":{\"@id\":\"https:\\\/\\\/aquariavanwolferen.nl\\\/#organization\"},\"potentialAction\":[{\"@type\":\"SearchAction\",\"target\":{\"@type\":\"EntryPoint\",\"urlTemplate\":\"https:\\\/\\\/aquariavanwolferen.nl\\\/?s={search_term_string}\"},\"query-input\":{\"@type\":\"PropertyValueSpecification\",\"valueRequired\":true,\"valueName\":\"search_term_string\"}}],\"inLanguage\":\"es\"},{\"@type\":\"Organization\",\"@id\":\"https:\\\/\\\/aquariavanwolferen.nl\\\/#organization\",\"name\":\"Aquaria van Wolferen\",\"url\":\"https:\\\/\\\/aquariavanwolferen.nl\\\/\",\"logo\":{\"@type\":\"ImageObject\",\"inLanguage\":\"es\",\"@id\":\"https:\\\/\\\/aquariavanwolferen.nl\\\/#\\\/schema\\\/logo\\\/image\\\/\",\"url\":\"https:\\\/\\\/aquariavanwolferen.nl\\\/wp-content\\\/uploads\\\/2023\\\/06\\\/Logo.png\",\"contentUrl\":\"https:\\\/\\\/aquariavanwolferen.nl\\\/wp-content\\\/uploads\\\/2023\\\/06\\\/Logo.png\",\"width\":275,\"height\":121,\"caption\":\"Aquaria van Wolferen\"},\"image\":{\"@id\":\"https:\\\/\\\/aquariavanwolferen.nl\\\/#\\\/schema\\\/logo\\\/image\\\/\"},\"sameAs\":[\"https:\\\/\\\/www.facebook.com\\\/profile.php?id=100009060239869\",\"https:\\\/\\\/www.instagram.com\\\/aquariavanwolferen\\\/\"]}]}<\/script>\n<!-- \/ Yoast SEO plugin. -->","yoast_head_json":{"title":"Aquarium volglas met of zonder frame nr 4 - Aquaria van Wolferen","robots":{"index":"index","follow":"follow","max-snippet":"max-snippet:-1","max-image-preview":"max-image-preview:large","max-video-preview":"max-video-preview:-1"},"canonical":"https:\/\/aquariavanwolferen.nl\/es\/producto\/aquarium-volglas-met-of-zonder-frame-nr-4\/","og_locale":"es_ES","og_type":"article","og_title":"Aquarium volglas met of zonder frame nr 4 - Aquaria van Wolferen","og_description":"glazen aquaria zijn verkrijgbaar in verschillende vormen, maten en stijlen, en ze kunnen worden aangepast aan de behoeften en voorkeuren van de eigenaar. Het formaat van een aquarium varieert van kleine desktopaquaria tot grote, op maat gemaakte installaties die een hele muur kunnen beslaan.  Bij het opzetten van een glazen aquarium is het belangrijk om rekening te houden met de behoeften van de waterdieren die je wilt houden, zoals de grootte van het aquarium, de waterkwaliteit, de verlichting, het filter- en verwarmingssysteem, enzovoort. Het is essentieel om een goed evenwicht te vinden tussen esthetiek en de leefomgeving van de dieren.  Kortom, een glazen aquarium is een prachtige toevoeging aan een huis of kantoor, die je de mogelijkheid biedt om een stukje onderwaterwereld in huis te halen en te genieten van de schoonheid en rust die het biedt.  de aquaria kunnen op wensen van de klant aangepast worden met bv overlopen , droogkamers, poly slijpen, zwart glas , zwarte folie , losse gaten .  zie voor prijzen en standaard maten onze prijslijst.","og_url":"https:\/\/aquariavanwolferen.nl\/es\/producto\/aquarium-volglas-met-of-zonder-frame-nr-4\/","og_site_name":"Aquaria van Wolferen","article_publisher":"https:\/\/www.facebook.com\/profile.php?id=100009060239869","article_modified_time":"2026-04-16T14:41:47+00:00","og_image":[{"width":2560,"height":1920,"url":"https:\/\/aquariavanwolferen.nl\/wp-content\/uploads\/2026\/03\/IMG_5326-scaled.jpg","type":"image\/jpeg"}],"twitter_card":"summary_large_image","twitter_misc":{"Tiempo de lectura":"1 minuto"},"schema":{"@context":"https:\/\/schema.org","@graph":[{"@type":"WebPage","@id":"https:\/\/aquariavanwolferen.nl\/product\/aquarium-volglas-met-of-zonder-frame-nr-4\/","url":"https:\/\/aquariavanwolferen.nl\/product\/aquarium-volglas-met-of-zonder-frame-nr-4\/","name":"Aquarium volglas met of zonder frame nr 4 - Aquaria van Wolferen","isPartOf":{"@id":"https:\/\/aquariavanwolferen.nl\/#website"},"primaryImageOfPage":{"@id":"https:\/\/aquariavanwolferen.nl\/product\/aquarium-volglas-met-of-zonder-frame-nr-4\/#primaryimage"},"image":{"@id":"https:\/\/aquariavanwolferen.nl\/product\/aquarium-volglas-met-of-zonder-frame-nr-4\/#primaryimage"},"thumbnailUrl":"https:\/\/i0.wp.com\/aquariavanwolferen.nl\/wp-content\/uploads\/2026\/03\/IMG_5326-scaled.jpg?fit=2560%2C1920&ssl=1","datePublished":"2026-04-16T14:40:15+00:00","dateModified":"2026-04-16T14:41:47+00:00","breadcrumb":{"@id":"https:\/\/aquariavanwolferen.nl\/product\/aquarium-volglas-met-of-zonder-frame-nr-4\/#breadcrumb"},"inLanguage":"es","potentialAction":[{"@type":"ReadAction","target":["https:\/\/aquariavanwolferen.nl\/product\/aquarium-volglas-met-of-zonder-frame-nr-4\/"]}]},{"@type":"ImageObject","inLanguage":"es","@id":"https:\/\/aquariavanwolferen.nl\/product\/aquarium-volglas-met-of-zonder-frame-nr-4\/#primaryimage","url":"https:\/\/i0.wp.com\/aquariavanwolferen.nl\/wp-content\/uploads\/2026\/03\/IMG_5326-scaled.jpg?fit=2560%2C1920&ssl=1","contentUrl":"https:\/\/i0.wp.com\/aquariavanwolferen.nl\/wp-content\/uploads\/2026\/03\/IMG_5326-scaled.jpg?fit=2560%2C1920&ssl=1","width":2560,"height":1920},{"@type":"BreadcrumbList","@id":"https:\/\/aquariavanwolferen.nl\/product\/aquarium-volglas-met-of-zonder-frame-nr-4\/#breadcrumb","itemListElement":[{"@type":"ListItem","position":1,"name":"Home","item":"https:\/\/aquariavanwolferen.nl\/"},{"@type":"ListItem","position":2,"name":"Ons aanbod","item":"https:\/\/aquariavanwolferen.nl\/onsaanbod\/"},{"@type":"ListItem","position":3,"name":"Aquarium volglas met of zonder frame nr 4"}]},{"@type":"WebSite","@id":"https:\/\/aquariavanwolferen.nl\/#website","url":"https:\/\/aquariavanwolferen.nl\/","name":"Acuarios Wolferen","description":"Para todos tus acuarios","publisher":{"@id":"https:\/\/aquariavanwolferen.nl\/#organization"},"potentialAction":[{"@type":"SearchAction","target":{"@type":"EntryPoint","urlTemplate":"https:\/\/aquariavanwolferen.nl\/?s={search_term_string}"},"query-input":{"@type":"PropertyValueSpecification","valueRequired":true,"valueName":"search_term_string"}}],"inLanguage":"es"},{"@type":"Organization","@id":"https:\/\/aquariavanwolferen.nl\/#organization","name":"Acuarios Wolferen","url":"https:\/\/aquariavanwolferen.nl\/","logo":{"@type":"ImageObject","inLanguage":"es","@id":"https:\/\/aquariavanwolferen.nl\/#\/schema\/logo\/image\/","url":"https:\/\/aquariavanwolferen.nl\/wp-content\/uploads\/2023\/06\/Logo.png","contentUrl":"https:\/\/aquariavanwolferen.nl\/wp-content\/uploads\/2023\/06\/Logo.png","width":275,"height":121,"caption":"Aquaria van Wolferen"},"image":{"@id":"https:\/\/aquariavanwolferen.nl\/#\/schema\/logo\/image\/"},"sameAs":["https:\/\/www.facebook.com\/profile.php?id=100009060239869","https:\/\/www.instagram.com\/aquariavanwolferen\/"]}]}},"_links":{"self":[{"href":"https:\/\/aquariavanwolferen.nl\/es\/wp-json\/wp\/v2\/product\/3308","targetHints":{"allow":["GET"]}}],"collection":[{"href":"https:\/\/aquariavanwolferen.nl\/es\/wp-json\/wp\/v2\/product"}],"about":[{"href":"https:\/\/aquariavanwolferen.nl\/es\/wp-json\/wp\/v2\/types\/product"}],"wp:featuredmedia":[{"embeddable":true,"href":"https:\/\/aquariavanwolferen.nl\/es\/wp-json\/wp\/v2\/media\/3129"}],"wp:attachment":[{"href":"https:\/\/aquariavanwolferen.nl\/es\/wp-json\/wp\/v2\/media?parent=3308"}],"wp:term":[{"taxonomy":"product_brand","embeddable":true,"href":"https:\/\/aquariavanwolferen.nl\/es\/wp-json\/wp\/v2\/product_brand?post=3308"},{"taxonomy":"product_cat","embeddable":true,"href":"https:\/\/aquariavanwolferen.nl\/es\/wp-json\/wp\/v2\/product_cat?post=3308"},{"taxonomy":"product_tag","embeddable":true,"href":"https:\/\/aquariavanwolferen.nl\/es\/wp-json\/wp\/v2\/product_tag?post=3308"}],"curies":[{"name":"wp","href":"https:\/\/api.w.org\/{rel}","templated":true}]}}