{"id":1855,"date":"2024-04-22T09:03:37","date_gmt":"2024-04-22T09:03:37","guid":{"rendered":"https:\/\/aquariavanwolferen.nl\/?post_type=product&#038;p=1855"},"modified":"2024-04-22T09:03:38","modified_gmt":"2024-04-22T09:03:38","slug":"paludarium-nr-2","status":"publish","type":"product","link":"https:\/\/aquariavanwolferen.nl\/es\/product\/paludarium-nr-2\/","title":{"rendered":"paludarium nr 2"},"content":{"rendered":"<p>Un paludario es una variante \u00fanica y fascinante de un acuario, en el que se crean tanto una parte de agua como una parte de tierra. En un paludario pueden convivir plantas, animales y anfibios terrestres y acu\u00e1ticos, creando un entorno de vida diverso y din\u00e1mico.<\/p>\n<p>La secci\u00f3n de agua de un paludario suele estar equipada con un filtro, iluminaci\u00f3n y calefacci\u00f3n para mantener las condiciones de vida ideales de los animales acu\u00e1ticos. La superficie terrestre suele estar elevada y provista de cobertura vegetal, rocas, ramas y plantas, para que los habitantes de la tierra puedan asentarse y moverse.<\/p>\n<p>Crear un paludario es un proceso creativo que debe tener en cuenta las necesidades espec\u00edficas de las plantas y animales elegidos. Es importante encontrar el equilibrio adecuado entre humedad, temperatura e iluminaci\u00f3n tanto para el agua como para la tierra.<\/p>\n<p>Las paludarias son populares entre los amantes de los reptiles, los anfibios y algunas especies de plantas tropicales. Proporcionan una oportunidad \u00fanica de imitar diferentes ecosistemas y crear un entorno natural en el que prosperan tanto los animales acu\u00e1ticos como los terrestres.<\/p>\n<p>El mantenimiento de un paludario incluye cambios regulares de agua, control de la humedad y la temperatura, poda de plantas y limpieza general. Tambi\u00e9n es importante monitorear las interacciones entre los diferentes residentes y asegurarse de que sean compatibles.<\/p>\n<p>En resumen, un paludario ofrece una combinaci\u00f3n cautivadora y est\u00e9ticamente agradable de elementos acu\u00e1ticos y terrestres. Permite a los entusiastas crear un ecosistema \u00fanico y disfrutar de una variedad de plantas y animales que viven juntos en armon\u00eda.<\/p>\n<p>dit paludarium is grotendeels gemaakt in optic white glas en rondom poly geslepen<\/p>","protected":false},"excerpt":{"rendered":"<p>Een paludarium is een unieke en fascinerende variant van een aquarium, waarbij zowel een watergedeelte als een landgedeelte worden gecre\u00eberd. In een paludarium kunnen zowel waterminnende als landbewonende planten, dieren en amfibie\u00ebn samenleven, waardoor een diverse en dynamische leefomgeving ontstaat. Het watergedeelte van een paludarium is vaak uitgerust met een filter, verlichting en verwarming om de ideale leefomstandigheden voor aquatische&hellip;<\/p>","protected":false},"featured_media":1856,"template":"","meta":[],"product_brand":[],"product_cat":[66],"product_tag":[],"class_list":{"0":"post-1855","1":"product","2":"type-product","3":"status-publish","4":"has-post-thumbnail","6":"product_cat-paludarium","8":"first","9":"instock","10":"shipping-taxable","11":"product-type-external"},"yoast_head":"<!-- This site is optimized with the Yoast SEO plugin v27.4 - https:\/\/yoast.com\/product\/yoast-seo-wordpress\/ -->\n<title>paludarium nr 2 - Aquaria van Wolferen<\/title>\n<meta name=\"robots\" content=\"index, follow, max-snippet:-1, max-image-preview:large, max-video-preview:-1\" \/>\n<link rel=\"canonical\" href=\"https:\/\/aquariavanwolferen.nl\/es\/producto\/paludarium-nr-2\/\" \/>\n<meta property=\"og:locale\" content=\"es_ES\" \/>\n<meta property=\"og:type\" content=\"article\" \/>\n<meta property=\"og:title\" content=\"paludarium nr 2 - Aquaria van Wolferen\" \/>\n<meta property=\"og:description\" content=\"Een paludarium is een unieke en fascinerende variant van een aquarium, waarbij zowel een watergedeelte als een landgedeelte worden gecre\u00eberd. In een paludarium kunnen zowel waterminnende als landbewonende planten, dieren en amfibie\u00ebn samenleven, waardoor een diverse en dynamische leefomgeving ontstaat. Het watergedeelte van een paludarium is vaak uitgerust met een filter, verlichting en verwarming om de ideale leefomstandigheden voor aquatische&hellip;\" \/>\n<meta property=\"og:url\" content=\"https:\/\/aquariavanwolferen.nl\/es\/producto\/paludarium-nr-2\/\" \/>\n<meta property=\"og:site_name\" content=\"Aquaria van Wolferen\" \/>\n<meta property=\"article:publisher\" content=\"https:\/\/www.facebook.com\/profile.php?id=100009060239869\" \/>\n<meta property=\"article:modified_time\" content=\"2024-04-22T09:03:38+00:00\" \/>\n<meta property=\"og:image\" content=\"https:\/\/aquariavanwolferen.nl\/wp-content\/uploads\/2024\/04\/palud1.jpg\" \/>\n\t<meta property=\"og:image:width\" content=\"640\" \/>\n\t<meta property=\"og:image:height\" content=\"480\" \/>\n\t<meta property=\"og:image:type\" content=\"image\/jpeg\" \/>\n<meta name=\"twitter:card\" content=\"summary_large_image\" \/>\n<meta name=\"twitter:label1\" content=\"Tiempo de lectura\" \/>\n\t<meta name=\"twitter:data1\" content=\"1 minuto\" \/>\n<script type=\"application\/ld+json\" class=\"yoast-schema-graph\">{\"@context\":\"https:\\\/\\\/schema.org\",\"@graph\":[{\"@type\":\"WebPage\",\"@id\":\"https:\\\/\\\/aquariavanwolferen.nl\\\/product\\\/paludarium-nr-2\\\/\",\"url\":\"https:\\\/\\\/aquariavanwolferen.nl\\\/product\\\/paludarium-nr-2\\\/\",\"name\":\"paludarium nr 2 - Aquaria van Wolferen\",\"isPartOf\":{\"@id\":\"https:\\\/\\\/aquariavanwolferen.nl\\\/#website\"},\"primaryImageOfPage\":{\"@id\":\"https:\\\/\\\/aquariavanwolferen.nl\\\/product\\\/paludarium-nr-2\\\/#primaryimage\"},\"image\":{\"@id\":\"https:\\\/\\\/aquariavanwolferen.nl\\\/product\\\/paludarium-nr-2\\\/#primaryimage\"},\"thumbnailUrl\":\"https:\\\/\\\/i0.wp.com\\\/aquariavanwolferen.nl\\\/wp-content\\\/uploads\\\/2024\\\/04\\\/palud1.jpg?fit=640%2C480&ssl=1\",\"datePublished\":\"2024-04-22T09:03:37+00:00\",\"dateModified\":\"2024-04-22T09:03:38+00:00\",\"breadcrumb\":{\"@id\":\"https:\\\/\\\/aquariavanwolferen.nl\\\/product\\\/paludarium-nr-2\\\/#breadcrumb\"},\"inLanguage\":\"es\",\"potentialAction\":[{\"@type\":\"ReadAction\",\"target\":[\"https:\\\/\\\/aquariavanwolferen.nl\\\/product\\\/paludarium-nr-2\\\/\"]}]},{\"@type\":\"ImageObject\",\"inLanguage\":\"es\",\"@id\":\"https:\\\/\\\/aquariavanwolferen.nl\\\/product\\\/paludarium-nr-2\\\/#primaryimage\",\"url\":\"https:\\\/\\\/i0.wp.com\\\/aquariavanwolferen.nl\\\/wp-content\\\/uploads\\\/2024\\\/04\\\/palud1.jpg?fit=640%2C480&ssl=1\",\"contentUrl\":\"https:\\\/\\\/i0.wp.com\\\/aquariavanwolferen.nl\\\/wp-content\\\/uploads\\\/2024\\\/04\\\/palud1.jpg?fit=640%2C480&ssl=1\",\"width\":640,\"height\":480},{\"@type\":\"BreadcrumbList\",\"@id\":\"https:\\\/\\\/aquariavanwolferen.nl\\\/product\\\/paludarium-nr-2\\\/#breadcrumb\",\"itemListElement\":[{\"@type\":\"ListItem\",\"position\":1,\"name\":\"Home\",\"item\":\"https:\\\/\\\/aquariavanwolferen.nl\\\/\"},{\"@type\":\"ListItem\",\"position\":2,\"name\":\"Ons aanbod\",\"item\":\"https:\\\/\\\/aquariavanwolferen.nl\\\/onsaanbod\\\/\"},{\"@type\":\"ListItem\",\"position\":3,\"name\":\"paludarium nr 2\"}]},{\"@type\":\"WebSite\",\"@id\":\"https:\\\/\\\/aquariavanwolferen.nl\\\/#website\",\"url\":\"https:\\\/\\\/aquariavanwolferen.nl\\\/\",\"name\":\"Aquaria van Wolferen\",\"description\":\"Voor al uw aquarias\",\"publisher\":{\"@id\":\"https:\\\/\\\/aquariavanwolferen.nl\\\/#organization\"},\"potentialAction\":[{\"@type\":\"SearchAction\",\"target\":{\"@type\":\"EntryPoint\",\"urlTemplate\":\"https:\\\/\\\/aquariavanwolferen.nl\\\/?s={search_term_string}\"},\"query-input\":{\"@type\":\"PropertyValueSpecification\",\"valueRequired\":true,\"valueName\":\"search_term_string\"}}],\"inLanguage\":\"es\"},{\"@type\":\"Organization\",\"@id\":\"https:\\\/\\\/aquariavanwolferen.nl\\\/#organization\",\"name\":\"Aquaria van Wolferen\",\"url\":\"https:\\\/\\\/aquariavanwolferen.nl\\\/\",\"logo\":{\"@type\":\"ImageObject\",\"inLanguage\":\"es\",\"@id\":\"https:\\\/\\\/aquariavanwolferen.nl\\\/#\\\/schema\\\/logo\\\/image\\\/\",\"url\":\"https:\\\/\\\/aquariavanwolferen.nl\\\/wp-content\\\/uploads\\\/2023\\\/06\\\/Logo.png\",\"contentUrl\":\"https:\\\/\\\/aquariavanwolferen.nl\\\/wp-content\\\/uploads\\\/2023\\\/06\\\/Logo.png\",\"width\":275,\"height\":121,\"caption\":\"Aquaria van Wolferen\"},\"image\":{\"@id\":\"https:\\\/\\\/aquariavanwolferen.nl\\\/#\\\/schema\\\/logo\\\/image\\\/\"},\"sameAs\":[\"https:\\\/\\\/www.facebook.com\\\/profile.php?id=100009060239869\",\"https:\\\/\\\/www.instagram.com\\\/aquariavanwolferen\\\/\"]}]}<\/script>\n<!-- \/ Yoast SEO plugin. -->","yoast_head_json":{"title":"paludarium nr 2 - Aquaria van Wolferen","robots":{"index":"index","follow":"follow","max-snippet":"max-snippet:-1","max-image-preview":"max-image-preview:large","max-video-preview":"max-video-preview:-1"},"canonical":"https:\/\/aquariavanwolferen.nl\/es\/producto\/paludarium-nr-2\/","og_locale":"es_ES","og_type":"article","og_title":"paludarium nr 2 - Aquaria van Wolferen","og_description":"Een paludarium is een unieke en fascinerende variant van een aquarium, waarbij zowel een watergedeelte als een landgedeelte worden gecre\u00eberd. In een paludarium kunnen zowel waterminnende als landbewonende planten, dieren en amfibie\u00ebn samenleven, waardoor een diverse en dynamische leefomgeving ontstaat. Het watergedeelte van een paludarium is vaak uitgerust met een filter, verlichting en verwarming om de ideale leefomstandigheden voor aquatische&hellip;","og_url":"https:\/\/aquariavanwolferen.nl\/es\/producto\/paludarium-nr-2\/","og_site_name":"Aquaria van Wolferen","article_publisher":"https:\/\/www.facebook.com\/profile.php?id=100009060239869","article_modified_time":"2024-04-22T09:03:38+00:00","og_image":[{"width":640,"height":480,"url":"https:\/\/aquariavanwolferen.nl\/wp-content\/uploads\/2024\/04\/palud1.jpg","type":"image\/jpeg"}],"twitter_card":"summary_large_image","twitter_misc":{"Tiempo de lectura":"1 minuto"},"schema":{"@context":"https:\/\/schema.org","@graph":[{"@type":"WebPage","@id":"https:\/\/aquariavanwolferen.nl\/product\/paludarium-nr-2\/","url":"https:\/\/aquariavanwolferen.nl\/product\/paludarium-nr-2\/","name":"paludarium nr 2 - Aquaria van Wolferen","isPartOf":{"@id":"https:\/\/aquariavanwolferen.nl\/#website"},"primaryImageOfPage":{"@id":"https:\/\/aquariavanwolferen.nl\/product\/paludarium-nr-2\/#primaryimage"},"image":{"@id":"https:\/\/aquariavanwolferen.nl\/product\/paludarium-nr-2\/#primaryimage"},"thumbnailUrl":"https:\/\/i0.wp.com\/aquariavanwolferen.nl\/wp-content\/uploads\/2024\/04\/palud1.jpg?fit=640%2C480&ssl=1","datePublished":"2024-04-22T09:03:37+00:00","dateModified":"2024-04-22T09:03:38+00:00","breadcrumb":{"@id":"https:\/\/aquariavanwolferen.nl\/product\/paludarium-nr-2\/#breadcrumb"},"inLanguage":"es","potentialAction":[{"@type":"ReadAction","target":["https:\/\/aquariavanwolferen.nl\/product\/paludarium-nr-2\/"]}]},{"@type":"ImageObject","inLanguage":"es","@id":"https:\/\/aquariavanwolferen.nl\/product\/paludarium-nr-2\/#primaryimage","url":"https:\/\/i0.wp.com\/aquariavanwolferen.nl\/wp-content\/uploads\/2024\/04\/palud1.jpg?fit=640%2C480&ssl=1","contentUrl":"https:\/\/i0.wp.com\/aquariavanwolferen.nl\/wp-content\/uploads\/2024\/04\/palud1.jpg?fit=640%2C480&ssl=1","width":640,"height":480},{"@type":"BreadcrumbList","@id":"https:\/\/aquariavanwolferen.nl\/product\/paludarium-nr-2\/#breadcrumb","itemListElement":[{"@type":"ListItem","position":1,"name":"Home","item":"https:\/\/aquariavanwolferen.nl\/"},{"@type":"ListItem","position":2,"name":"Ons aanbod","item":"https:\/\/aquariavanwolferen.nl\/onsaanbod\/"},{"@type":"ListItem","position":3,"name":"paludarium nr 2"}]},{"@type":"WebSite","@id":"https:\/\/aquariavanwolferen.nl\/#website","url":"https:\/\/aquariavanwolferen.nl\/","name":"Acuarios Wolferen","description":"Para todos tus acuarios","publisher":{"@id":"https:\/\/aquariavanwolferen.nl\/#organization"},"potentialAction":[{"@type":"SearchAction","target":{"@type":"EntryPoint","urlTemplate":"https:\/\/aquariavanwolferen.nl\/?s={search_term_string}"},"query-input":{"@type":"PropertyValueSpecification","valueRequired":true,"valueName":"search_term_string"}}],"inLanguage":"es"},{"@type":"Organization","@id":"https:\/\/aquariavanwolferen.nl\/#organization","name":"Acuarios Wolferen","url":"https:\/\/aquariavanwolferen.nl\/","logo":{"@type":"ImageObject","inLanguage":"es","@id":"https:\/\/aquariavanwolferen.nl\/#\/schema\/logo\/image\/","url":"https:\/\/aquariavanwolferen.nl\/wp-content\/uploads\/2023\/06\/Logo.png","contentUrl":"https:\/\/aquariavanwolferen.nl\/wp-content\/uploads\/2023\/06\/Logo.png","width":275,"height":121,"caption":"Aquaria van Wolferen"},"image":{"@id":"https:\/\/aquariavanwolferen.nl\/#\/schema\/logo\/image\/"},"sameAs":["https:\/\/www.facebook.com\/profile.php?id=100009060239869","https:\/\/www.instagram.com\/aquariavanwolferen\/"]}]}},"_links":{"self":[{"href":"https:\/\/aquariavanwolferen.nl\/es\/wp-json\/wp\/v2\/product\/1855","targetHints":{"allow":["GET"]}}],"collection":[{"href":"https:\/\/aquariavanwolferen.nl\/es\/wp-json\/wp\/v2\/product"}],"about":[{"href":"https:\/\/aquariavanwolferen.nl\/es\/wp-json\/wp\/v2\/types\/product"}],"wp:featuredmedia":[{"embeddable":true,"href":"https:\/\/aquariavanwolferen.nl\/es\/wp-json\/wp\/v2\/media\/1856"}],"wp:attachment":[{"href":"https:\/\/aquariavanwolferen.nl\/es\/wp-json\/wp\/v2\/media?parent=1855"}],"wp:term":[{"taxonomy":"product_brand","embeddable":true,"href":"https:\/\/aquariavanwolferen.nl\/es\/wp-json\/wp\/v2\/product_brand?post=1855"},{"taxonomy":"product_cat","embeddable":true,"href":"https:\/\/aquariavanwolferen.nl\/es\/wp-json\/wp\/v2\/product_cat?post=1855"},{"taxonomy":"product_tag","embeddable":true,"href":"https:\/\/aquariavanwolferen.nl\/es\/wp-json\/wp\/v2\/product_tag?post=1855"}],"curies":[{"name":"wp","href":"https:\/\/api.w.org\/{rel}","templated":true}]}}