{"id":1795,"date":"2023-07-16T09:51:26","date_gmt":"2023-07-16T09:51:26","guid":{"rendered":"https:\/\/aquariavanwolferen.nl\/?post_type=product&#038;p=1795"},"modified":"2023-07-16T09:51:26","modified_gmt":"2023-07-16T09:51:26","slug":"aquarium-met-frame-en-houten-ombouw-nr15","status":"publish","type":"product","link":"https:\/\/aquariavanwolferen.nl\/es\/product\/aquarium-met-frame-en-houten-ombouw-nr15\/","title":{"rendered":"Acuario con estructura y carcasa de madera No.15"},"content":{"rendered":"<div class=\"woocommerce-product-details__short-description\">\n<p>El acuario enmarcado con marco de madera y puertas que se abren con presi\u00f3n es una opci\u00f3n popular para los entusiastas de los acuarios. Esta construcci\u00f3n combina funcionalidad con est\u00e9tica, haciendo del acuario una adici\u00f3n atractiva a cualquier espacio.<\/p>\n<p>El marco del acuario proporciona resistencia y estabilidad a los paneles de vidrio del acuario. Est\u00e1 fabricado en hierro o acero inoxidable, seg\u00fan el dise\u00f1o y preferencia del propietario.<\/p>\n<p>La carcasa de madera sirve como revestimiento decorativo alrededor del acuario y ayuda a mantener fuera de la vista los componentes t\u00e9cnicos del acuario, como filtros y calentadores. Tambi\u00e9n proporciona aislamiento y protecci\u00f3n adicional para el acuario.<\/p>\n<p>Las puertas de empujar para abrir son una caracter\u00edstica \u00fatil de la conversi\u00f3n. Estas puertas le permiten acceder f\u00e1cilmente al acuario sin tener que utilizar manijas ni botones. Con solo presionar la puerta, se abre autom\u00e1ticamente. Esto asegura una apariencia elegante y perfecta de la conversi\u00f3n.<\/p>\n<p>Tener un marco y un recinto de madera con puertas que se abren mediante presi\u00f3n puede simplificar el mantenimiento del acuario y al mismo tiempo agregar un aspecto elegante y moderno a la configuraci\u00f3n del acuario.<\/p>\n<\/div>","protected":false},"excerpt":{"rendered":"<p>El acuario enmarcado con marco de madera y puertas que se abren con presi\u00f3n es una opci\u00f3n popular para los entusiastas de los acuarios. Esta construcci\u00f3n combina funcionalidad con est\u00e9tica, haciendo del acuario una adici\u00f3n atractiva a cualquier espacio. El marco del acuario proporciona resistencia y estabilidad a los paneles de vidrio del acuario. Est\u00e1 fabricado en hierro o acero inoxidable, seg\u00fan el dise\u00f1o y\u2026<\/p>","protected":false},"featured_media":1792,"template":"","meta":[],"product_brand":[],"product_cat":[64],"product_tag":[],"class_list":{"0":"post-1795","1":"product","2":"type-product","3":"status-publish","4":"has-post-thumbnail","6":"product_cat-aquarium-met-frame-en-hout-ombouw","8":"first","9":"instock","10":"shipping-taxable","11":"product-type-external"},"yoast_head":"<!-- This site is optimized with the Yoast SEO plugin v27.4 - https:\/\/yoast.com\/product\/yoast-seo-wordpress\/ -->\n<title>Aquarium met frame en houten ombouw Nr15 - Aquaria van Wolferen<\/title>\n<meta name=\"robots\" content=\"index, follow, max-snippet:-1, max-image-preview:large, max-video-preview:-1\" \/>\n<link rel=\"canonical\" href=\"https:\/\/aquariavanwolferen.nl\/es\/producto\/aquarium-met-frame-en-houten-ombouw-nr15\/\" \/>\n<meta property=\"og:locale\" content=\"es_ES\" \/>\n<meta property=\"og:type\" content=\"article\" \/>\n<meta property=\"og:title\" content=\"Aquarium met frame en houten ombouw Nr15 - Aquaria van Wolferen\" \/>\n<meta property=\"og:description\" content=\"Aquarium met \u00a0frame en houten ombouw en push-to-open deuren is een populaire keuze voor aquariumliefhebbers. Deze constructie combineert functionaliteit met esthetiek, waardoor het aquarium een aantrekkelijke toevoeging wordt aan elke ruimte. Het frame van het aquarium biedt stevigheid en stabiliteit aan de glazen panelen van het aquarium. Het is gemaakt van ijzer of RVS, \u00a0afhankelijk van het ontwerp en de&hellip;\" \/>\n<meta property=\"og:url\" content=\"https:\/\/aquariavanwolferen.nl\/es\/producto\/aquarium-met-frame-en-houten-ombouw-nr15\/\" \/>\n<meta property=\"og:site_name\" content=\"Aquaria van Wolferen\" \/>\n<meta property=\"article:publisher\" content=\"https:\/\/www.facebook.com\/profile.php?id=100009060239869\" \/>\n<meta property=\"og:image\" content=\"https:\/\/aquariavanwolferen.nl\/wp-content\/uploads\/2023\/07\/IMG_9173-Klein.jpeg\" \/>\n\t<meta property=\"og:image:width\" content=\"320\" \/>\n\t<meta property=\"og:image:height\" content=\"240\" \/>\n\t<meta property=\"og:image:type\" content=\"image\/jpeg\" \/>\n<meta name=\"twitter:card\" content=\"summary_large_image\" \/>\n<meta name=\"twitter:label1\" content=\"Tiempo de lectura\" \/>\n\t<meta name=\"twitter:data1\" content=\"1 minuto\" \/>\n<script type=\"application\/ld+json\" class=\"yoast-schema-graph\">{\"@context\":\"https:\\\/\\\/schema.org\",\"@graph\":[{\"@type\":\"WebPage\",\"@id\":\"https:\\\/\\\/aquariavanwolferen.nl\\\/product\\\/aquarium-met-frame-en-houten-ombouw-nr15\\\/\",\"url\":\"https:\\\/\\\/aquariavanwolferen.nl\\\/product\\\/aquarium-met-frame-en-houten-ombouw-nr15\\\/\",\"name\":\"Aquarium met frame en houten ombouw Nr15 - Aquaria van Wolferen\",\"isPartOf\":{\"@id\":\"https:\\\/\\\/aquariavanwolferen.nl\\\/#website\"},\"primaryImageOfPage\":{\"@id\":\"https:\\\/\\\/aquariavanwolferen.nl\\\/product\\\/aquarium-met-frame-en-houten-ombouw-nr15\\\/#primaryimage\"},\"image\":{\"@id\":\"https:\\\/\\\/aquariavanwolferen.nl\\\/product\\\/aquarium-met-frame-en-houten-ombouw-nr15\\\/#primaryimage\"},\"thumbnailUrl\":\"https:\\\/\\\/i0.wp.com\\\/aquariavanwolferen.nl\\\/wp-content\\\/uploads\\\/2023\\\/07\\\/IMG_9173-Klein.jpeg?fit=320%2C240&ssl=1\",\"datePublished\":\"2023-07-16T09:51:26+00:00\",\"breadcrumb\":{\"@id\":\"https:\\\/\\\/aquariavanwolferen.nl\\\/product\\\/aquarium-met-frame-en-houten-ombouw-nr15\\\/#breadcrumb\"},\"inLanguage\":\"es\",\"potentialAction\":[{\"@type\":\"ReadAction\",\"target\":[\"https:\\\/\\\/aquariavanwolferen.nl\\\/product\\\/aquarium-met-frame-en-houten-ombouw-nr15\\\/\"]}]},{\"@type\":\"ImageObject\",\"inLanguage\":\"es\",\"@id\":\"https:\\\/\\\/aquariavanwolferen.nl\\\/product\\\/aquarium-met-frame-en-houten-ombouw-nr15\\\/#primaryimage\",\"url\":\"https:\\\/\\\/i0.wp.com\\\/aquariavanwolferen.nl\\\/wp-content\\\/uploads\\\/2023\\\/07\\\/IMG_9173-Klein.jpeg?fit=320%2C240&ssl=1\",\"contentUrl\":\"https:\\\/\\\/i0.wp.com\\\/aquariavanwolferen.nl\\\/wp-content\\\/uploads\\\/2023\\\/07\\\/IMG_9173-Klein.jpeg?fit=320%2C240&ssl=1\",\"width\":320,\"height\":240},{\"@type\":\"BreadcrumbList\",\"@id\":\"https:\\\/\\\/aquariavanwolferen.nl\\\/product\\\/aquarium-met-frame-en-houten-ombouw-nr15\\\/#breadcrumb\",\"itemListElement\":[{\"@type\":\"ListItem\",\"position\":1,\"name\":\"Home\",\"item\":\"https:\\\/\\\/aquariavanwolferen.nl\\\/\"},{\"@type\":\"ListItem\",\"position\":2,\"name\":\"Ons aanbod\",\"item\":\"https:\\\/\\\/aquariavanwolferen.nl\\\/onsaanbod\\\/\"},{\"@type\":\"ListItem\",\"position\":3,\"name\":\"Aquarium met frame en houten ombouw Nr15\"}]},{\"@type\":\"WebSite\",\"@id\":\"https:\\\/\\\/aquariavanwolferen.nl\\\/#website\",\"url\":\"https:\\\/\\\/aquariavanwolferen.nl\\\/\",\"name\":\"Aquaria van Wolferen\",\"description\":\"Voor al uw aquarias\",\"publisher\":{\"@id\":\"https:\\\/\\\/aquariavanwolferen.nl\\\/#organization\"},\"potentialAction\":[{\"@type\":\"SearchAction\",\"target\":{\"@type\":\"EntryPoint\",\"urlTemplate\":\"https:\\\/\\\/aquariavanwolferen.nl\\\/?s={search_term_string}\"},\"query-input\":{\"@type\":\"PropertyValueSpecification\",\"valueRequired\":true,\"valueName\":\"search_term_string\"}}],\"inLanguage\":\"es\"},{\"@type\":\"Organization\",\"@id\":\"https:\\\/\\\/aquariavanwolferen.nl\\\/#organization\",\"name\":\"Aquaria van Wolferen\",\"url\":\"https:\\\/\\\/aquariavanwolferen.nl\\\/\",\"logo\":{\"@type\":\"ImageObject\",\"inLanguage\":\"es\",\"@id\":\"https:\\\/\\\/aquariavanwolferen.nl\\\/#\\\/schema\\\/logo\\\/image\\\/\",\"url\":\"https:\\\/\\\/aquariavanwolferen.nl\\\/wp-content\\\/uploads\\\/2023\\\/06\\\/Logo.png\",\"contentUrl\":\"https:\\\/\\\/aquariavanwolferen.nl\\\/wp-content\\\/uploads\\\/2023\\\/06\\\/Logo.png\",\"width\":275,\"height\":121,\"caption\":\"Aquaria van Wolferen\"},\"image\":{\"@id\":\"https:\\\/\\\/aquariavanwolferen.nl\\\/#\\\/schema\\\/logo\\\/image\\\/\"},\"sameAs\":[\"https:\\\/\\\/www.facebook.com\\\/profile.php?id=100009060239869\",\"https:\\\/\\\/www.instagram.com\\\/aquariavanwolferen\\\/\"]}]}<\/script>\n<!-- \/ Yoast SEO plugin. -->","yoast_head_json":{"title":"Aquarium met frame en houten ombouw Nr15 - Aquaria van Wolferen","robots":{"index":"index","follow":"follow","max-snippet":"max-snippet:-1","max-image-preview":"max-image-preview:large","max-video-preview":"max-video-preview:-1"},"canonical":"https:\/\/aquariavanwolferen.nl\/es\/producto\/aquarium-met-frame-en-houten-ombouw-nr15\/","og_locale":"es_ES","og_type":"article","og_title":"Aquarium met frame en houten ombouw Nr15 - Aquaria van Wolferen","og_description":"Aquarium met \u00a0frame en houten ombouw en push-to-open deuren is een populaire keuze voor aquariumliefhebbers. Deze constructie combineert functionaliteit met esthetiek, waardoor het aquarium een aantrekkelijke toevoeging wordt aan elke ruimte. Het frame van het aquarium biedt stevigheid en stabiliteit aan de glazen panelen van het aquarium. Het is gemaakt van ijzer of RVS, \u00a0afhankelijk van het ontwerp en de&hellip;","og_url":"https:\/\/aquariavanwolferen.nl\/es\/producto\/aquarium-met-frame-en-houten-ombouw-nr15\/","og_site_name":"Aquaria van Wolferen","article_publisher":"https:\/\/www.facebook.com\/profile.php?id=100009060239869","og_image":[{"width":320,"height":240,"url":"https:\/\/aquariavanwolferen.nl\/wp-content\/uploads\/2023\/07\/IMG_9173-Klein.jpeg","type":"image\/jpeg"}],"twitter_card":"summary_large_image","twitter_misc":{"Tiempo de lectura":"1 minuto"},"schema":{"@context":"https:\/\/schema.org","@graph":[{"@type":"WebPage","@id":"https:\/\/aquariavanwolferen.nl\/product\/aquarium-met-frame-en-houten-ombouw-nr15\/","url":"https:\/\/aquariavanwolferen.nl\/product\/aquarium-met-frame-en-houten-ombouw-nr15\/","name":"Aquarium met frame en houten ombouw Nr15 - Aquaria van Wolferen","isPartOf":{"@id":"https:\/\/aquariavanwolferen.nl\/#website"},"primaryImageOfPage":{"@id":"https:\/\/aquariavanwolferen.nl\/product\/aquarium-met-frame-en-houten-ombouw-nr15\/#primaryimage"},"image":{"@id":"https:\/\/aquariavanwolferen.nl\/product\/aquarium-met-frame-en-houten-ombouw-nr15\/#primaryimage"},"thumbnailUrl":"https:\/\/i0.wp.com\/aquariavanwolferen.nl\/wp-content\/uploads\/2023\/07\/IMG_9173-Klein.jpeg?fit=320%2C240&ssl=1","datePublished":"2023-07-16T09:51:26+00:00","breadcrumb":{"@id":"https:\/\/aquariavanwolferen.nl\/product\/aquarium-met-frame-en-houten-ombouw-nr15\/#breadcrumb"},"inLanguage":"es","potentialAction":[{"@type":"ReadAction","target":["https:\/\/aquariavanwolferen.nl\/product\/aquarium-met-frame-en-houten-ombouw-nr15\/"]}]},{"@type":"ImageObject","inLanguage":"es","@id":"https:\/\/aquariavanwolferen.nl\/product\/aquarium-met-frame-en-houten-ombouw-nr15\/#primaryimage","url":"https:\/\/i0.wp.com\/aquariavanwolferen.nl\/wp-content\/uploads\/2023\/07\/IMG_9173-Klein.jpeg?fit=320%2C240&ssl=1","contentUrl":"https:\/\/i0.wp.com\/aquariavanwolferen.nl\/wp-content\/uploads\/2023\/07\/IMG_9173-Klein.jpeg?fit=320%2C240&ssl=1","width":320,"height":240},{"@type":"BreadcrumbList","@id":"https:\/\/aquariavanwolferen.nl\/product\/aquarium-met-frame-en-houten-ombouw-nr15\/#breadcrumb","itemListElement":[{"@type":"ListItem","position":1,"name":"Home","item":"https:\/\/aquariavanwolferen.nl\/"},{"@type":"ListItem","position":2,"name":"Ons aanbod","item":"https:\/\/aquariavanwolferen.nl\/onsaanbod\/"},{"@type":"ListItem","position":3,"name":"Aquarium met frame en houten ombouw Nr15"}]},{"@type":"WebSite","@id":"https:\/\/aquariavanwolferen.nl\/#website","url":"https:\/\/aquariavanwolferen.nl\/","name":"Acuarios Wolferen","description":"Para todos tus acuarios","publisher":{"@id":"https:\/\/aquariavanwolferen.nl\/#organization"},"potentialAction":[{"@type":"SearchAction","target":{"@type":"EntryPoint","urlTemplate":"https:\/\/aquariavanwolferen.nl\/?s={search_term_string}"},"query-input":{"@type":"PropertyValueSpecification","valueRequired":true,"valueName":"search_term_string"}}],"inLanguage":"es"},{"@type":"Organization","@id":"https:\/\/aquariavanwolferen.nl\/#organization","name":"Acuarios Wolferen","url":"https:\/\/aquariavanwolferen.nl\/","logo":{"@type":"ImageObject","inLanguage":"es","@id":"https:\/\/aquariavanwolferen.nl\/#\/schema\/logo\/image\/","url":"https:\/\/aquariavanwolferen.nl\/wp-content\/uploads\/2023\/06\/Logo.png","contentUrl":"https:\/\/aquariavanwolferen.nl\/wp-content\/uploads\/2023\/06\/Logo.png","width":275,"height":121,"caption":"Aquaria van Wolferen"},"image":{"@id":"https:\/\/aquariavanwolferen.nl\/#\/schema\/logo\/image\/"},"sameAs":["https:\/\/www.facebook.com\/profile.php?id=100009060239869","https:\/\/www.instagram.com\/aquariavanwolferen\/"]}]}},"_links":{"self":[{"href":"https:\/\/aquariavanwolferen.nl\/es\/wp-json\/wp\/v2\/product\/1795","targetHints":{"allow":["GET"]}}],"collection":[{"href":"https:\/\/aquariavanwolferen.nl\/es\/wp-json\/wp\/v2\/product"}],"about":[{"href":"https:\/\/aquariavanwolferen.nl\/es\/wp-json\/wp\/v2\/types\/product"}],"wp:featuredmedia":[{"embeddable":true,"href":"https:\/\/aquariavanwolferen.nl\/es\/wp-json\/wp\/v2\/media\/1792"}],"wp:attachment":[{"href":"https:\/\/aquariavanwolferen.nl\/es\/wp-json\/wp\/v2\/media?parent=1795"}],"wp:term":[{"taxonomy":"product_brand","embeddable":true,"href":"https:\/\/aquariavanwolferen.nl\/es\/wp-json\/wp\/v2\/product_brand?post=1795"},{"taxonomy":"product_cat","embeddable":true,"href":"https:\/\/aquariavanwolferen.nl\/es\/wp-json\/wp\/v2\/product_cat?post=1795"},{"taxonomy":"product_tag","embeddable":true,"href":"https:\/\/aquariavanwolferen.nl\/es\/wp-json\/wp\/v2\/product_tag?post=1795"}],"curies":[{"name":"wp","href":"https:\/\/api.w.org\/{rel}","templated":true}]}}