{"id":1746,"date":"2023-07-05T08:20:46","date_gmt":"2023-07-05T08:20:46","guid":{"rendered":"https:\/\/aquariavanwolferen.nl\/?post_type=product&#038;p=1746"},"modified":"2023-07-05T08:20:47","modified_gmt":"2023-07-05T08:20:47","slug":"aquarium-achterwand-akwaline-op-maat","status":"publish","type":"product","link":"https:\/\/aquariavanwolferen.nl\/es\/product\/aquarium-achterwand-akwaline-op-maat\/","title":{"rendered":"Fondo de acuario personalizado aqualine"},"content":{"rendered":"<p>Las paredes traseras akwalinas tambi\u00e9n se pueden fabricar a medida.<\/p>\n<p>Las paredes traseras de Akwaline tienen una hermosa apariencia natural. Las paredes traseras Akwaline son las paredes traseras ideales para <strong>acuario<\/strong><\/p>\n<p>Las paredes traseras tienen una base de poli\u00e9ster con una capa superior dura de resinas minerales especiales y \u00fanicas. Esto hace que la capa superior sea dura como una roca y la pared posterior sea segura para los animales, las personas y la naturaleza.<\/p>\n<p>El material es m\u00e1s pesado que el agua, por lo que las paredes traseras tambi\u00e9n se pueden colocar por separado en el acuario. Otra ventaja es que las paredes traseras se pueden quitar f\u00e1cilmente del acuario, por ejemplo, para limpiarlo.<\/p>\n<p>Por supuesto, tambi\u00e9n puedes pegar las paredes traseras del acuario o del terrario.<\/p>\n<p>&nbsp;<\/p>\n<p>Las paredes traseras de Akwaline est\u00e1n coloreadas manualmente mediante la t\u00e9cnica del aer\u00f3grafo. Como resultado, ninguna pared trasera es id\u00e9ntica. Entonces cada pared trasera es <strong>\u00fanico<\/strong> por s\u00ed mismo.<\/p>\n<p>Estas paredes traseras tambi\u00e9n se pueden hacer a medida, por ejemplo alrededor de la sala de desbordamiento\/secado o, de alguna manera, solicite el precio y el tama\u00f1o mediante cotizaci\u00f3n.<\/p>","protected":false},"excerpt":{"rendered":"<p>Las paredes traseras akwalinas tambi\u00e9n se pueden fabricar a medida. Las paredes traseras de Akwaline tienen una hermosa apariencia natural. Las paredes traseras de Akwaline son las paredes traseras ideales para el acuario. Las paredes traseras tienen una base de poli\u00e9ster con una capa superior dura de resinas minerales especiales y \u00fanicas. Esto hace que la capa superior sea dura como una roca y la pared posterior sea segura para los animales, las personas y la naturaleza. El material es\u2026<\/p>","protected":false},"featured_media":1747,"template":"","meta":[],"product_brand":[],"product_cat":[70],"product_tag":[],"class_list":{"0":"post-1746","1":"product","2":"type-product","3":"status-publish","4":"has-post-thumbnail","6":"product_cat-aquarium-achterwanden-akwaline","8":"first","9":"instock","10":"shipping-taxable","11":"product-type-external"},"yoast_head":"<!-- This site is optimized with the Yoast SEO plugin v27.4 - https:\/\/yoast.com\/product\/yoast-seo-wordpress\/ -->\n<title>Aquarium achterwand akwaline op maat - Aquaria van Wolferen<\/title>\n<meta name=\"description\" content=\"op maat gemaakte achterwanden, achterwanden op maat\" \/>\n<meta name=\"robots\" content=\"index, follow, max-snippet:-1, max-image-preview:large, max-video-preview:-1\" \/>\n<link rel=\"canonical\" href=\"https:\/\/aquariavanwolferen.nl\/es\/producto\/aquarium-achterwand-akwaline-op-maat\/\" \/>\n<meta property=\"og:locale\" content=\"es_ES\" \/>\n<meta property=\"og:type\" content=\"article\" \/>\n<meta property=\"og:title\" content=\"Aquarium achterwand akwaline op maat - Aquaria van Wolferen\" \/>\n<meta property=\"og:description\" content=\"op maat gemaakte achterwanden, achterwanden op maat\" \/>\n<meta property=\"og:url\" content=\"https:\/\/aquariavanwolferen.nl\/es\/producto\/aquarium-achterwand-akwaline-op-maat\/\" \/>\n<meta property=\"og:site_name\" content=\"Aquaria van Wolferen\" \/>\n<meta property=\"article:publisher\" content=\"https:\/\/www.facebook.com\/profile.php?id=100009060239869\" \/>\n<meta property=\"article:modified_time\" content=\"2023-07-05T08:20:47+00:00\" \/>\n<meta property=\"og:image\" content=\"https:\/\/aquariavanwolferen.nl\/wp-content\/uploads\/2023\/07\/CeramicNature-custom-project-101A-1920x1280-1.jpg\" \/>\n\t<meta property=\"og:image:width\" content=\"1920\" \/>\n\t<meta property=\"og:image:height\" content=\"1280\" \/>\n\t<meta property=\"og:image:type\" content=\"image\/jpeg\" \/>\n<meta name=\"twitter:card\" content=\"summary_large_image\" \/>\n<meta name=\"twitter:label1\" content=\"Tiempo de lectura\" \/>\n\t<meta name=\"twitter:data1\" content=\"1 minuto\" \/>\n<script type=\"application\/ld+json\" class=\"yoast-schema-graph\">{\"@context\":\"https:\\\/\\\/schema.org\",\"@graph\":[{\"@type\":\"WebPage\",\"@id\":\"https:\\\/\\\/aquariavanwolferen.nl\\\/product\\\/aquarium-achterwand-akwaline-op-maat\\\/\",\"url\":\"https:\\\/\\\/aquariavanwolferen.nl\\\/product\\\/aquarium-achterwand-akwaline-op-maat\\\/\",\"name\":\"Aquarium achterwand akwaline op maat - Aquaria van Wolferen\",\"isPartOf\":{\"@id\":\"https:\\\/\\\/aquariavanwolferen.nl\\\/#website\"},\"primaryImageOfPage\":{\"@id\":\"https:\\\/\\\/aquariavanwolferen.nl\\\/product\\\/aquarium-achterwand-akwaline-op-maat\\\/#primaryimage\"},\"image\":{\"@id\":\"https:\\\/\\\/aquariavanwolferen.nl\\\/product\\\/aquarium-achterwand-akwaline-op-maat\\\/#primaryimage\"},\"thumbnailUrl\":\"https:\\\/\\\/i0.wp.com\\\/aquariavanwolferen.nl\\\/wp-content\\\/uploads\\\/2023\\\/07\\\/CeramicNature-custom-project-101A-1920x1280-1.jpg?fit=1920%2C1280&ssl=1\",\"datePublished\":\"2023-07-05T08:20:46+00:00\",\"dateModified\":\"2023-07-05T08:20:47+00:00\",\"description\":\"op maat gemaakte achterwanden, achterwanden op maat\",\"breadcrumb\":{\"@id\":\"https:\\\/\\\/aquariavanwolferen.nl\\\/product\\\/aquarium-achterwand-akwaline-op-maat\\\/#breadcrumb\"},\"inLanguage\":\"es\",\"potentialAction\":[{\"@type\":\"ReadAction\",\"target\":[\"https:\\\/\\\/aquariavanwolferen.nl\\\/product\\\/aquarium-achterwand-akwaline-op-maat\\\/\"]}]},{\"@type\":\"ImageObject\",\"inLanguage\":\"es\",\"@id\":\"https:\\\/\\\/aquariavanwolferen.nl\\\/product\\\/aquarium-achterwand-akwaline-op-maat\\\/#primaryimage\",\"url\":\"https:\\\/\\\/i0.wp.com\\\/aquariavanwolferen.nl\\\/wp-content\\\/uploads\\\/2023\\\/07\\\/CeramicNature-custom-project-101A-1920x1280-1.jpg?fit=1920%2C1280&ssl=1\",\"contentUrl\":\"https:\\\/\\\/i0.wp.com\\\/aquariavanwolferen.nl\\\/wp-content\\\/uploads\\\/2023\\\/07\\\/CeramicNature-custom-project-101A-1920x1280-1.jpg?fit=1920%2C1280&ssl=1\",\"width\":1920,\"height\":1280},{\"@type\":\"BreadcrumbList\",\"@id\":\"https:\\\/\\\/aquariavanwolferen.nl\\\/product\\\/aquarium-achterwand-akwaline-op-maat\\\/#breadcrumb\",\"itemListElement\":[{\"@type\":\"ListItem\",\"position\":1,\"name\":\"Home\",\"item\":\"https:\\\/\\\/aquariavanwolferen.nl\\\/\"},{\"@type\":\"ListItem\",\"position\":2,\"name\":\"Ons aanbod\",\"item\":\"https:\\\/\\\/aquariavanwolferen.nl\\\/onsaanbod\\\/\"},{\"@type\":\"ListItem\",\"position\":3,\"name\":\"Aquarium achterwand akwaline op maat\"}]},{\"@type\":\"WebSite\",\"@id\":\"https:\\\/\\\/aquariavanwolferen.nl\\\/#website\",\"url\":\"https:\\\/\\\/aquariavanwolferen.nl\\\/\",\"name\":\"Aquaria van Wolferen\",\"description\":\"Voor al uw aquarias\",\"publisher\":{\"@id\":\"https:\\\/\\\/aquariavanwolferen.nl\\\/#organization\"},\"potentialAction\":[{\"@type\":\"SearchAction\",\"target\":{\"@type\":\"EntryPoint\",\"urlTemplate\":\"https:\\\/\\\/aquariavanwolferen.nl\\\/?s={search_term_string}\"},\"query-input\":{\"@type\":\"PropertyValueSpecification\",\"valueRequired\":true,\"valueName\":\"search_term_string\"}}],\"inLanguage\":\"es\"},{\"@type\":\"Organization\",\"@id\":\"https:\\\/\\\/aquariavanwolferen.nl\\\/#organization\",\"name\":\"Aquaria van Wolferen\",\"url\":\"https:\\\/\\\/aquariavanwolferen.nl\\\/\",\"logo\":{\"@type\":\"ImageObject\",\"inLanguage\":\"es\",\"@id\":\"https:\\\/\\\/aquariavanwolferen.nl\\\/#\\\/schema\\\/logo\\\/image\\\/\",\"url\":\"https:\\\/\\\/aquariavanwolferen.nl\\\/wp-content\\\/uploads\\\/2023\\\/06\\\/Logo.png\",\"contentUrl\":\"https:\\\/\\\/aquariavanwolferen.nl\\\/wp-content\\\/uploads\\\/2023\\\/06\\\/Logo.png\",\"width\":275,\"height\":121,\"caption\":\"Aquaria van Wolferen\"},\"image\":{\"@id\":\"https:\\\/\\\/aquariavanwolferen.nl\\\/#\\\/schema\\\/logo\\\/image\\\/\"},\"sameAs\":[\"https:\\\/\\\/www.facebook.com\\\/profile.php?id=100009060239869\",\"https:\\\/\\\/www.instagram.com\\\/aquariavanwolferen\\\/\"]}]}<\/script>\n<!-- \/ Yoast SEO plugin. -->","yoast_head_json":{"title":"Aquarium achterwand akwaline op maat - Aquaria van Wolferen","description":"op maat gemaakte achterwanden, achterwanden op maat","robots":{"index":"index","follow":"follow","max-snippet":"max-snippet:-1","max-image-preview":"max-image-preview:large","max-video-preview":"max-video-preview:-1"},"canonical":"https:\/\/aquariavanwolferen.nl\/es\/producto\/aquarium-achterwand-akwaline-op-maat\/","og_locale":"es_ES","og_type":"article","og_title":"Aquarium achterwand akwaline op maat - Aquaria van Wolferen","og_description":"op maat gemaakte achterwanden, achterwanden op maat","og_url":"https:\/\/aquariavanwolferen.nl\/es\/producto\/aquarium-achterwand-akwaline-op-maat\/","og_site_name":"Aquaria van Wolferen","article_publisher":"https:\/\/www.facebook.com\/profile.php?id=100009060239869","article_modified_time":"2023-07-05T08:20:47+00:00","og_image":[{"width":1920,"height":1280,"url":"https:\/\/aquariavanwolferen.nl\/wp-content\/uploads\/2023\/07\/CeramicNature-custom-project-101A-1920x1280-1.jpg","type":"image\/jpeg"}],"twitter_card":"summary_large_image","twitter_misc":{"Tiempo de lectura":"1 minuto"},"schema":{"@context":"https:\/\/schema.org","@graph":[{"@type":"WebPage","@id":"https:\/\/aquariavanwolferen.nl\/product\/aquarium-achterwand-akwaline-op-maat\/","url":"https:\/\/aquariavanwolferen.nl\/product\/aquarium-achterwand-akwaline-op-maat\/","name":"Aquarium achterwand akwaline op maat - Aquaria van Wolferen","isPartOf":{"@id":"https:\/\/aquariavanwolferen.nl\/#website"},"primaryImageOfPage":{"@id":"https:\/\/aquariavanwolferen.nl\/product\/aquarium-achterwand-akwaline-op-maat\/#primaryimage"},"image":{"@id":"https:\/\/aquariavanwolferen.nl\/product\/aquarium-achterwand-akwaline-op-maat\/#primaryimage"},"thumbnailUrl":"https:\/\/i0.wp.com\/aquariavanwolferen.nl\/wp-content\/uploads\/2023\/07\/CeramicNature-custom-project-101A-1920x1280-1.jpg?fit=1920%2C1280&ssl=1","datePublished":"2023-07-05T08:20:46+00:00","dateModified":"2023-07-05T08:20:47+00:00","description":"op maat gemaakte achterwanden, achterwanden op maat","breadcrumb":{"@id":"https:\/\/aquariavanwolferen.nl\/product\/aquarium-achterwand-akwaline-op-maat\/#breadcrumb"},"inLanguage":"es","potentialAction":[{"@type":"ReadAction","target":["https:\/\/aquariavanwolferen.nl\/product\/aquarium-achterwand-akwaline-op-maat\/"]}]},{"@type":"ImageObject","inLanguage":"es","@id":"https:\/\/aquariavanwolferen.nl\/product\/aquarium-achterwand-akwaline-op-maat\/#primaryimage","url":"https:\/\/i0.wp.com\/aquariavanwolferen.nl\/wp-content\/uploads\/2023\/07\/CeramicNature-custom-project-101A-1920x1280-1.jpg?fit=1920%2C1280&ssl=1","contentUrl":"https:\/\/i0.wp.com\/aquariavanwolferen.nl\/wp-content\/uploads\/2023\/07\/CeramicNature-custom-project-101A-1920x1280-1.jpg?fit=1920%2C1280&ssl=1","width":1920,"height":1280},{"@type":"BreadcrumbList","@id":"https:\/\/aquariavanwolferen.nl\/product\/aquarium-achterwand-akwaline-op-maat\/#breadcrumb","itemListElement":[{"@type":"ListItem","position":1,"name":"Home","item":"https:\/\/aquariavanwolferen.nl\/"},{"@type":"ListItem","position":2,"name":"Ons aanbod","item":"https:\/\/aquariavanwolferen.nl\/onsaanbod\/"},{"@type":"ListItem","position":3,"name":"Aquarium achterwand akwaline op maat"}]},{"@type":"WebSite","@id":"https:\/\/aquariavanwolferen.nl\/#website","url":"https:\/\/aquariavanwolferen.nl\/","name":"Acuarios Wolferen","description":"Para todos tus acuarios","publisher":{"@id":"https:\/\/aquariavanwolferen.nl\/#organization"},"potentialAction":[{"@type":"SearchAction","target":{"@type":"EntryPoint","urlTemplate":"https:\/\/aquariavanwolferen.nl\/?s={search_term_string}"},"query-input":{"@type":"PropertyValueSpecification","valueRequired":true,"valueName":"search_term_string"}}],"inLanguage":"es"},{"@type":"Organization","@id":"https:\/\/aquariavanwolferen.nl\/#organization","name":"Acuarios Wolferen","url":"https:\/\/aquariavanwolferen.nl\/","logo":{"@type":"ImageObject","inLanguage":"es","@id":"https:\/\/aquariavanwolferen.nl\/#\/schema\/logo\/image\/","url":"https:\/\/aquariavanwolferen.nl\/wp-content\/uploads\/2023\/06\/Logo.png","contentUrl":"https:\/\/aquariavanwolferen.nl\/wp-content\/uploads\/2023\/06\/Logo.png","width":275,"height":121,"caption":"Aquaria van Wolferen"},"image":{"@id":"https:\/\/aquariavanwolferen.nl\/#\/schema\/logo\/image\/"},"sameAs":["https:\/\/www.facebook.com\/profile.php?id=100009060239869","https:\/\/www.instagram.com\/aquariavanwolferen\/"]}]}},"_links":{"self":[{"href":"https:\/\/aquariavanwolferen.nl\/es\/wp-json\/wp\/v2\/product\/1746","targetHints":{"allow":["GET"]}}],"collection":[{"href":"https:\/\/aquariavanwolferen.nl\/es\/wp-json\/wp\/v2\/product"}],"about":[{"href":"https:\/\/aquariavanwolferen.nl\/es\/wp-json\/wp\/v2\/types\/product"}],"wp:featuredmedia":[{"embeddable":true,"href":"https:\/\/aquariavanwolferen.nl\/es\/wp-json\/wp\/v2\/media\/1747"}],"wp:attachment":[{"href":"https:\/\/aquariavanwolferen.nl\/es\/wp-json\/wp\/v2\/media?parent=1746"}],"wp:term":[{"taxonomy":"product_brand","embeddable":true,"href":"https:\/\/aquariavanwolferen.nl\/es\/wp-json\/wp\/v2\/product_brand?post=1746"},{"taxonomy":"product_cat","embeddable":true,"href":"https:\/\/aquariavanwolferen.nl\/es\/wp-json\/wp\/v2\/product_cat?post=1746"},{"taxonomy":"product_tag","embeddable":true,"href":"https:\/\/aquariavanwolferen.nl\/es\/wp-json\/wp\/v2\/product_tag?post=1746"}],"curies":[{"name":"wp","href":"https:\/\/api.w.org\/{rel}","templated":true}]}}