{"id":1699,"date":"2023-07-05T07:19:10","date_gmt":"2023-07-05T07:19:10","guid":{"rendered":"https:\/\/aquariavanwolferen.nl\/?post_type=product&#038;p=1699"},"modified":"2023-07-05T07:19:10","modified_gmt":"2023-07-05T07:19:10","slug":"aquarium-achterwand-sumatra","status":"publish","type":"product","link":"https:\/\/aquariavanwolferen.nl\/es\/product\/aquarium-achterwand-sumatra\/","title":{"rendered":"Pared trasera del acuario Sumatra"},"content":{"rendered":"<p>Paredes traseras del acuario arstone<\/p>\n<p>&nbsp;<\/p>\n<p>Los protectores contra salpicaduras de acuario son paneles decorativos que se colocan en la parte posterior de un acuario para crear un fondo atractivo. Est\u00e1n dise\u00f1ados para proporcionar un ambiente visualmente atractivo y darle al acuario un aspecto m\u00e1s realista y natural.<\/p>\n<p>Hay varios tipos de protectores contra salpicaduras para acuarios disponibles, que var\u00edan en materiales, dise\u00f1os y m\u00e9todos de instalaci\u00f3n. A continuaci\u00f3n se muestran algunos tipos comunes de protectores contra salpicaduras:<\/p>\n<ol>\n<li>L\u00e1mina de pared trasera negra, blanca o azul: se trata de un fondo de l\u00e1mina que se fija al exterior del acuario. Est\u00e1n disponibles en<\/li>\n<li>Fondos 3D: Estos fondos est\u00e1n hechos de resina sint\u00e9tica o espuma y suelen tener un relieve tridimensional. Pueden agregar un aspecto natural al acuario con rocas, cuevas, ra\u00edces u otras caracter\u00edsticas del paisaje.<\/li>\n<li>Paneles de fondo: Estas paredes traseras est\u00e1n fabricadas con materiales como resina sint\u00e9tica o espuma o PVC y se pueden fijar al interior del acuario. Est\u00e1n disponibles en una variedad de colores y dise\u00f1os, desde simples colores s\u00f3lidos hasta im\u00e1genes de paisajes detalladas.<\/li>\n<\/ol>\n<p>A la hora de elegir la pared trasera del acuario, es importante tener en cuenta el tama\u00f1o del acuario, el dise\u00f1o y el tipo de peces que tienes. Aseg\u00farese de que la pared posterior sea segura para sus peces y no filtre sustancias nocivas al agua. Tambi\u00e9n es importante seguir las instrucciones del fabricante al instalar la pared trasera para evitar da\u00f1os al acuario.<\/p>\n<p>Agregar un protector contra salpicaduras a su acuario puede generar un hermoso impacto visual y mejorar la apariencia general del acuario. Crea un fondo que puede ayudar a que los peces se destaquen y agregue una sensaci\u00f3n de profundidad y dimensi\u00f3n al tanque.<\/p>\n<p>Estos muros traseros est\u00e1n disponibles en varios tama\u00f1os, solicita el precio con el bot\u00f3n de cotizar.<\/p>","protected":false},"excerpt":{"rendered":"<p>Paredes traseras para acuarios arstone Las paredes traseras para acuarios son paneles decorativos que se colocan en la parte trasera de un acuario para crear un fondo atractivo. Est\u00e1n dise\u00f1ados para proporcionar un ambiente visualmente atractivo y darle al acuario un aspecto m\u00e1s realista y natural. Hay varios tipos de protectores contra salpicaduras para acuarios disponibles, que var\u00edan en materiales, dise\u00f1os y m\u00e9todos de instalaci\u00f3n. Estar aqu\u00ed\u2026<\/p>","protected":false},"featured_media":1696,"template":"","meta":[],"product_brand":[],"product_cat":[72],"product_tag":[],"class_list":{"0":"post-1699","1":"product","2":"type-product","3":"status-publish","4":"has-post-thumbnail","6":"product_cat-achterwand-arstone","8":"first","9":"instock","10":"shipping-taxable","11":"product-type-external"},"yoast_head":"<!-- This site is optimized with the Yoast SEO plugin v27.3 - https:\/\/yoast.com\/product\/yoast-seo-wordpress\/ -->\n<title>Aquarium achterwand sumatra - Aquaria van Wolferen<\/title>\n<meta name=\"robots\" content=\"index, follow, max-snippet:-1, max-image-preview:large, max-video-preview:-1\" \/>\n<link rel=\"canonical\" href=\"https:\/\/aquariavanwolferen.nl\/es\/producto\/aquarium-achterwand-sumatra\/\" \/>\n<meta property=\"og:locale\" content=\"es_ES\" \/>\n<meta property=\"og:type\" content=\"article\" \/>\n<meta property=\"og:title\" content=\"Aquarium achterwand sumatra - Aquaria van Wolferen\" \/>\n<meta property=\"og:description\" content=\"Aquarium achterwanden arstone &nbsp; Aquarium achterwanden zijn decoratieve panelen die aan de achterkant van een aquarium worden geplaatst om een aantrekkelijke achtergrond te cre\u00ebren. Ze zijn ontworpen om een visueel aantrekkelijke omgeving te bieden en het aquarium een meer realistische en natuurlijke uitstraling te geven. Er zijn verschillende soorten aquarium achterwanden beschikbaar, vari\u00ebrend in materialen, ontwerpen en installatiemethoden. Hier zijn&hellip;\" \/>\n<meta property=\"og:url\" content=\"https:\/\/aquariavanwolferen.nl\/es\/producto\/aquarium-achterwand-sumatra\/\" \/>\n<meta property=\"og:site_name\" content=\"Aquaria van Wolferen\" \/>\n<meta property=\"article:publisher\" content=\"https:\/\/www.facebook.com\/profile.php?id=100009060239869\" \/>\n<meta property=\"og:image\" content=\"https:\/\/aquariavanwolferen.nl\/wp-content\/uploads\/2023\/07\/sumatra-right-alpenkalk.jpg\" \/>\n\t<meta property=\"og:image:width\" content=\"900\" \/>\n\t<meta property=\"og:image:height\" content=\"789\" \/>\n\t<meta property=\"og:image:type\" content=\"image\/jpeg\" \/>\n<meta name=\"twitter:card\" content=\"summary_large_image\" \/>\n<meta name=\"twitter:label1\" content=\"Tiempo de lectura\" \/>\n\t<meta name=\"twitter:data1\" content=\"2 minutos\" \/>\n<script type=\"application\/ld+json\" class=\"yoast-schema-graph\">{\"@context\":\"https:\\\/\\\/schema.org\",\"@graph\":[{\"@type\":\"WebPage\",\"@id\":\"https:\\\/\\\/aquariavanwolferen.nl\\\/product\\\/aquarium-achterwand-sumatra\\\/\",\"url\":\"https:\\\/\\\/aquariavanwolferen.nl\\\/product\\\/aquarium-achterwand-sumatra\\\/\",\"name\":\"Aquarium achterwand sumatra - Aquaria van Wolferen\",\"isPartOf\":{\"@id\":\"https:\\\/\\\/aquariavanwolferen.nl\\\/#website\"},\"primaryImageOfPage\":{\"@id\":\"https:\\\/\\\/aquariavanwolferen.nl\\\/product\\\/aquarium-achterwand-sumatra\\\/#primaryimage\"},\"image\":{\"@id\":\"https:\\\/\\\/aquariavanwolferen.nl\\\/product\\\/aquarium-achterwand-sumatra\\\/#primaryimage\"},\"thumbnailUrl\":\"https:\\\/\\\/i0.wp.com\\\/aquariavanwolferen.nl\\\/wp-content\\\/uploads\\\/2023\\\/07\\\/sumatra-right-alpenkalk.jpg?fit=900%2C789&ssl=1\",\"datePublished\":\"2023-07-05T07:19:10+00:00\",\"breadcrumb\":{\"@id\":\"https:\\\/\\\/aquariavanwolferen.nl\\\/product\\\/aquarium-achterwand-sumatra\\\/#breadcrumb\"},\"inLanguage\":\"es\",\"potentialAction\":[{\"@type\":\"ReadAction\",\"target\":[\"https:\\\/\\\/aquariavanwolferen.nl\\\/product\\\/aquarium-achterwand-sumatra\\\/\"]}]},{\"@type\":\"ImageObject\",\"inLanguage\":\"es\",\"@id\":\"https:\\\/\\\/aquariavanwolferen.nl\\\/product\\\/aquarium-achterwand-sumatra\\\/#primaryimage\",\"url\":\"https:\\\/\\\/i0.wp.com\\\/aquariavanwolferen.nl\\\/wp-content\\\/uploads\\\/2023\\\/07\\\/sumatra-right-alpenkalk.jpg?fit=900%2C789&ssl=1\",\"contentUrl\":\"https:\\\/\\\/i0.wp.com\\\/aquariavanwolferen.nl\\\/wp-content\\\/uploads\\\/2023\\\/07\\\/sumatra-right-alpenkalk.jpg?fit=900%2C789&ssl=1\",\"width\":900,\"height\":789},{\"@type\":\"BreadcrumbList\",\"@id\":\"https:\\\/\\\/aquariavanwolferen.nl\\\/product\\\/aquarium-achterwand-sumatra\\\/#breadcrumb\",\"itemListElement\":[{\"@type\":\"ListItem\",\"position\":1,\"name\":\"Home\",\"item\":\"https:\\\/\\\/aquariavanwolferen.nl\\\/\"},{\"@type\":\"ListItem\",\"position\":2,\"name\":\"Ons aanbod\",\"item\":\"https:\\\/\\\/aquariavanwolferen.nl\\\/onsaanbod\\\/\"},{\"@type\":\"ListItem\",\"position\":3,\"name\":\"Aquarium achterwand sumatra\"}]},{\"@type\":\"WebSite\",\"@id\":\"https:\\\/\\\/aquariavanwolferen.nl\\\/#website\",\"url\":\"https:\\\/\\\/aquariavanwolferen.nl\\\/\",\"name\":\"Aquaria van Wolferen\",\"description\":\"Voor al uw aquarias\",\"publisher\":{\"@id\":\"https:\\\/\\\/aquariavanwolferen.nl\\\/#organization\"},\"potentialAction\":[{\"@type\":\"SearchAction\",\"target\":{\"@type\":\"EntryPoint\",\"urlTemplate\":\"https:\\\/\\\/aquariavanwolferen.nl\\\/?s={search_term_string}\"},\"query-input\":{\"@type\":\"PropertyValueSpecification\",\"valueRequired\":true,\"valueName\":\"search_term_string\"}}],\"inLanguage\":\"es\"},{\"@type\":\"Organization\",\"@id\":\"https:\\\/\\\/aquariavanwolferen.nl\\\/#organization\",\"name\":\"Aquaria van Wolferen\",\"url\":\"https:\\\/\\\/aquariavanwolferen.nl\\\/\",\"logo\":{\"@type\":\"ImageObject\",\"inLanguage\":\"es\",\"@id\":\"https:\\\/\\\/aquariavanwolferen.nl\\\/#\\\/schema\\\/logo\\\/image\\\/\",\"url\":\"https:\\\/\\\/aquariavanwolferen.nl\\\/wp-content\\\/uploads\\\/2023\\\/06\\\/Logo.png\",\"contentUrl\":\"https:\\\/\\\/aquariavanwolferen.nl\\\/wp-content\\\/uploads\\\/2023\\\/06\\\/Logo.png\",\"width\":275,\"height\":121,\"caption\":\"Aquaria van Wolferen\"},\"image\":{\"@id\":\"https:\\\/\\\/aquariavanwolferen.nl\\\/#\\\/schema\\\/logo\\\/image\\\/\"},\"sameAs\":[\"https:\\\/\\\/www.facebook.com\\\/profile.php?id=100009060239869\",\"https:\\\/\\\/www.instagram.com\\\/aquariavanwolferen\\\/\"]}]}<\/script>\n<!-- \/ Yoast SEO plugin. -->","yoast_head_json":{"title":"Aquarium achterwand sumatra - Aquaria van Wolferen","robots":{"index":"index","follow":"follow","max-snippet":"max-snippet:-1","max-image-preview":"max-image-preview:large","max-video-preview":"max-video-preview:-1"},"canonical":"https:\/\/aquariavanwolferen.nl\/es\/producto\/aquarium-achterwand-sumatra\/","og_locale":"es_ES","og_type":"article","og_title":"Aquarium achterwand sumatra - Aquaria van Wolferen","og_description":"Aquarium achterwanden arstone &nbsp; Aquarium achterwanden zijn decoratieve panelen die aan de achterkant van een aquarium worden geplaatst om een aantrekkelijke achtergrond te cre\u00ebren. Ze zijn ontworpen om een visueel aantrekkelijke omgeving te bieden en het aquarium een meer realistische en natuurlijke uitstraling te geven. Er zijn verschillende soorten aquarium achterwanden beschikbaar, vari\u00ebrend in materialen, ontwerpen en installatiemethoden. Hier zijn&hellip;","og_url":"https:\/\/aquariavanwolferen.nl\/es\/producto\/aquarium-achterwand-sumatra\/","og_site_name":"Aquaria van Wolferen","article_publisher":"https:\/\/www.facebook.com\/profile.php?id=100009060239869","og_image":[{"width":900,"height":789,"url":"https:\/\/aquariavanwolferen.nl\/wp-content\/uploads\/2023\/07\/sumatra-right-alpenkalk.jpg","type":"image\/jpeg"}],"twitter_card":"summary_large_image","twitter_misc":{"Tiempo de lectura":"2 minutos"},"schema":{"@context":"https:\/\/schema.org","@graph":[{"@type":"WebPage","@id":"https:\/\/aquariavanwolferen.nl\/product\/aquarium-achterwand-sumatra\/","url":"https:\/\/aquariavanwolferen.nl\/product\/aquarium-achterwand-sumatra\/","name":"Aquarium achterwand sumatra - Aquaria van Wolferen","isPartOf":{"@id":"https:\/\/aquariavanwolferen.nl\/#website"},"primaryImageOfPage":{"@id":"https:\/\/aquariavanwolferen.nl\/product\/aquarium-achterwand-sumatra\/#primaryimage"},"image":{"@id":"https:\/\/aquariavanwolferen.nl\/product\/aquarium-achterwand-sumatra\/#primaryimage"},"thumbnailUrl":"https:\/\/i0.wp.com\/aquariavanwolferen.nl\/wp-content\/uploads\/2023\/07\/sumatra-right-alpenkalk.jpg?fit=900%2C789&ssl=1","datePublished":"2023-07-05T07:19:10+00:00","breadcrumb":{"@id":"https:\/\/aquariavanwolferen.nl\/product\/aquarium-achterwand-sumatra\/#breadcrumb"},"inLanguage":"es","potentialAction":[{"@type":"ReadAction","target":["https:\/\/aquariavanwolferen.nl\/product\/aquarium-achterwand-sumatra\/"]}]},{"@type":"ImageObject","inLanguage":"es","@id":"https:\/\/aquariavanwolferen.nl\/product\/aquarium-achterwand-sumatra\/#primaryimage","url":"https:\/\/i0.wp.com\/aquariavanwolferen.nl\/wp-content\/uploads\/2023\/07\/sumatra-right-alpenkalk.jpg?fit=900%2C789&ssl=1","contentUrl":"https:\/\/i0.wp.com\/aquariavanwolferen.nl\/wp-content\/uploads\/2023\/07\/sumatra-right-alpenkalk.jpg?fit=900%2C789&ssl=1","width":900,"height":789},{"@type":"BreadcrumbList","@id":"https:\/\/aquariavanwolferen.nl\/product\/aquarium-achterwand-sumatra\/#breadcrumb","itemListElement":[{"@type":"ListItem","position":1,"name":"Home","item":"https:\/\/aquariavanwolferen.nl\/"},{"@type":"ListItem","position":2,"name":"Ons aanbod","item":"https:\/\/aquariavanwolferen.nl\/onsaanbod\/"},{"@type":"ListItem","position":3,"name":"Aquarium achterwand sumatra"}]},{"@type":"WebSite","@id":"https:\/\/aquariavanwolferen.nl\/#website","url":"https:\/\/aquariavanwolferen.nl\/","name":"Acuarios Wolferen","description":"Para todos tus acuarios","publisher":{"@id":"https:\/\/aquariavanwolferen.nl\/#organization"},"potentialAction":[{"@type":"SearchAction","target":{"@type":"EntryPoint","urlTemplate":"https:\/\/aquariavanwolferen.nl\/?s={search_term_string}"},"query-input":{"@type":"PropertyValueSpecification","valueRequired":true,"valueName":"search_term_string"}}],"inLanguage":"es"},{"@type":"Organization","@id":"https:\/\/aquariavanwolferen.nl\/#organization","name":"Acuarios Wolferen","url":"https:\/\/aquariavanwolferen.nl\/","logo":{"@type":"ImageObject","inLanguage":"es","@id":"https:\/\/aquariavanwolferen.nl\/#\/schema\/logo\/image\/","url":"https:\/\/aquariavanwolferen.nl\/wp-content\/uploads\/2023\/06\/Logo.png","contentUrl":"https:\/\/aquariavanwolferen.nl\/wp-content\/uploads\/2023\/06\/Logo.png","width":275,"height":121,"caption":"Aquaria van Wolferen"},"image":{"@id":"https:\/\/aquariavanwolferen.nl\/#\/schema\/logo\/image\/"},"sameAs":["https:\/\/www.facebook.com\/profile.php?id=100009060239869","https:\/\/www.instagram.com\/aquariavanwolferen\/"]}]}},"_links":{"self":[{"href":"https:\/\/aquariavanwolferen.nl\/es\/wp-json\/wp\/v2\/product\/1699","targetHints":{"allow":["GET"]}}],"collection":[{"href":"https:\/\/aquariavanwolferen.nl\/es\/wp-json\/wp\/v2\/product"}],"about":[{"href":"https:\/\/aquariavanwolferen.nl\/es\/wp-json\/wp\/v2\/types\/product"}],"wp:featuredmedia":[{"embeddable":true,"href":"https:\/\/aquariavanwolferen.nl\/es\/wp-json\/wp\/v2\/media\/1696"}],"wp:attachment":[{"href":"https:\/\/aquariavanwolferen.nl\/es\/wp-json\/wp\/v2\/media?parent=1699"}],"wp:term":[{"taxonomy":"product_brand","embeddable":true,"href":"https:\/\/aquariavanwolferen.nl\/es\/wp-json\/wp\/v2\/product_brand?post=1699"},{"taxonomy":"product_cat","embeddable":true,"href":"https:\/\/aquariavanwolferen.nl\/es\/wp-json\/wp\/v2\/product_cat?post=1699"},{"taxonomy":"product_tag","embeddable":true,"href":"https:\/\/aquariavanwolferen.nl\/es\/wp-json\/wp\/v2\/product_tag?post=1699"}],"curies":[{"name":"wp","href":"https:\/\/api.w.org\/{rel}","templated":true}]}}