{"id":1544,"date":"2023-06-23T06:01:42","date_gmt":"2023-06-23T06:01:42","guid":{"rendered":"https:\/\/aquariavanwolferen.nl\/?post_type=product&#038;p=1544"},"modified":"2023-06-23T06:01:42","modified_gmt":"2023-06-23T06:01:42","slug":"paludarium-nr1","status":"publish","type":"product","link":"https:\/\/aquariavanwolferen.nl\/es\/product\/paludarium-nr1\/","title":{"rendered":"Paludario n\u00ba1"},"content":{"rendered":"<p>Paludario n\u00ba1<\/p>\n<p>realizado en el lugar 160x80x200<\/p>","protected":false},"excerpt":{"rendered":"<p>Un paludario es una variante \u00fanica y fascinante de un acuario, en el que se crean tanto una parte de agua como una parte de tierra. En un paludario pueden convivir plantas, animales y anfibios terrestres y acu\u00e1ticos, creando un entorno de vida diverso y din\u00e1mico.<\/p>\n<p>La secci\u00f3n de agua de un paludario suele estar equipada con un filtro, iluminaci\u00f3n y calefacci\u00f3n para mantener las condiciones de vida ideales de los animales acu\u00e1ticos. La superficie terrestre suele estar elevada y provista de cobertura vegetal, rocas, ramas y plantas, para que los habitantes de la tierra puedan asentarse y moverse.<\/p>\n<p>Crear un paludario es un proceso creativo que debe tener en cuenta las necesidades espec\u00edficas de las plantas y animales elegidos. Es importante encontrar el equilibrio adecuado entre humedad, temperatura e iluminaci\u00f3n tanto para el agua como para la tierra.<\/p>\n<p>Las paludarias son populares entre los amantes de los reptiles, los anfibios y algunas especies de plantas tropicales. Proporcionan una oportunidad \u00fanica de imitar diferentes ecosistemas y crear un entorno natural en el que prosperan tanto los animales acu\u00e1ticos como los terrestres.<\/p>\n<p>El mantenimiento de un paludario incluye cambios regulares de agua, control de la humedad y la temperatura, poda de plantas y limpieza general. Tambi\u00e9n es importante monitorear las interacciones entre los diferentes residentes y asegurarse de que sean compatibles.<\/p>\n<p>En resumen, un paludario ofrece una combinaci\u00f3n cautivadora y est\u00e9ticamente agradable de elementos acu\u00e1ticos y terrestres. Permite a los entusiastas crear un ecosistema \u00fanico y disfrutar de una variedad de plantas y animales que viven juntos en armon\u00eda.<\/p>","protected":false},"featured_media":1543,"template":"","meta":[],"product_brand":[],"product_cat":[66],"product_tag":[],"class_list":{"0":"post-1544","1":"product","2":"type-product","3":"status-publish","4":"has-post-thumbnail","6":"product_cat-paludarium","8":"first","9":"instock","10":"shipping-taxable","11":"product-type-external"},"yoast_head":"<!-- This site is optimized with the Yoast SEO plugin v27.4 - https:\/\/yoast.com\/product\/yoast-seo-wordpress\/ -->\n<title>Paludarium nr1 - Aquaria van Wolferen<\/title>\n<meta name=\"robots\" content=\"index, follow, max-snippet:-1, max-image-preview:large, max-video-preview:-1\" \/>\n<link rel=\"canonical\" href=\"https:\/\/aquariavanwolferen.nl\/es\/producto\/paludarium-nr1\/\" \/>\n<meta property=\"og:locale\" content=\"es_ES\" \/>\n<meta property=\"og:type\" content=\"article\" \/>\n<meta property=\"og:title\" content=\"Paludarium nr1 - Aquaria van Wolferen\" \/>\n<meta property=\"og:description\" content=\"Een paludarium is een unieke en fascinerende variant van een aquarium, waarbij zowel een watergedeelte als een landgedeelte worden gecre\u00eberd. In een paludarium kunnen zowel waterminnende als landbewonende planten, dieren en amfibie\u00ebn samenleven, waardoor een diverse en dynamische leefomgeving ontstaat.  Het watergedeelte van een paludarium is vaak uitgerust met een filter, verlichting en verwarming om de ideale leefomstandigheden voor aquatische dieren te handhaven. Het landgedeelte is meestal verhoogd en voorzien van bodembedekking, rotsen, takken en planten, zodat landbewoners zich kunnen vestigen en bewegen.  Het cre\u00ebren van een paludarium is een creatief proces waarbij rekening moet worden gehouden met de specifieke behoeften van de gekozen planten en dieren. Het is belangrijk om de juiste balans te vinden tussen de luchtvochtigheid, temperatuur en verlichting voor zowel het water- als het landgedeelte.  Paludaria zijn populair bij liefhebbers van reptielen, amfibie\u00ebn en sommige tropische plantensoorten. Ze bieden een unieke mogelijkheid om verschillende ecosystemen na te bootsen en een natuurlijke omgeving te cre\u00ebren waarin zowel aquatische als landdieren gedijen.  Het onderhoud van een paludarium omvat regelmatig waterverversingen, monitoring van de luchtvochtigheid en temperatuur, snoeien van planten en algemeen schoonmaken. Het is ook belangrijk om de interactie tussen de verschillende bewoners in de gaten te houden en ervoor te zorgen dat ze compatibel zijn.  Kortom, een paludarium biedt een boeiende en esthetisch aantrekkelijke combinatie van water- en landelementen. Het stelt liefhebbers in staat om een uniek ecosysteem te cre\u00ebren en te genieten van een verscheidenheid aan planten en dieren die samenleven in harmonie.\" \/>\n<meta property=\"og:url\" content=\"https:\/\/aquariavanwolferen.nl\/es\/producto\/paludarium-nr1\/\" \/>\n<meta property=\"og:site_name\" content=\"Aquaria van Wolferen\" \/>\n<meta property=\"article:publisher\" content=\"https:\/\/www.facebook.com\/profile.php?id=100009060239869\" \/>\n<meta property=\"og:image\" content=\"https:\/\/aquariavanwolferen.nl\/wp-content\/uploads\/2023\/06\/IMG_9001.jpeg\" \/>\n\t<meta property=\"og:image:width\" content=\"1500\" \/>\n\t<meta property=\"og:image:height\" content=\"2000\" \/>\n\t<meta property=\"og:image:type\" content=\"image\/jpeg\" \/>\n<meta name=\"twitter:card\" content=\"summary_large_image\" \/>\n<script type=\"application\/ld+json\" class=\"yoast-schema-graph\">{\"@context\":\"https:\\\/\\\/schema.org\",\"@graph\":[{\"@type\":\"WebPage\",\"@id\":\"https:\\\/\\\/aquariavanwolferen.nl\\\/product\\\/paludarium-nr1\\\/\",\"url\":\"https:\\\/\\\/aquariavanwolferen.nl\\\/product\\\/paludarium-nr1\\\/\",\"name\":\"Paludarium nr1 - Aquaria van Wolferen\",\"isPartOf\":{\"@id\":\"https:\\\/\\\/aquariavanwolferen.nl\\\/#website\"},\"primaryImageOfPage\":{\"@id\":\"https:\\\/\\\/aquariavanwolferen.nl\\\/product\\\/paludarium-nr1\\\/#primaryimage\"},\"image\":{\"@id\":\"https:\\\/\\\/aquariavanwolferen.nl\\\/product\\\/paludarium-nr1\\\/#primaryimage\"},\"thumbnailUrl\":\"https:\\\/\\\/i0.wp.com\\\/aquariavanwolferen.nl\\\/wp-content\\\/uploads\\\/2023\\\/06\\\/IMG_9001.jpeg?fit=1500%2C2000&ssl=1\",\"datePublished\":\"2023-06-23T06:01:42+00:00\",\"breadcrumb\":{\"@id\":\"https:\\\/\\\/aquariavanwolferen.nl\\\/product\\\/paludarium-nr1\\\/#breadcrumb\"},\"inLanguage\":\"es\",\"potentialAction\":[{\"@type\":\"ReadAction\",\"target\":[\"https:\\\/\\\/aquariavanwolferen.nl\\\/product\\\/paludarium-nr1\\\/\"]}]},{\"@type\":\"ImageObject\",\"inLanguage\":\"es\",\"@id\":\"https:\\\/\\\/aquariavanwolferen.nl\\\/product\\\/paludarium-nr1\\\/#primaryimage\",\"url\":\"https:\\\/\\\/i0.wp.com\\\/aquariavanwolferen.nl\\\/wp-content\\\/uploads\\\/2023\\\/06\\\/IMG_9001.jpeg?fit=1500%2C2000&ssl=1\",\"contentUrl\":\"https:\\\/\\\/i0.wp.com\\\/aquariavanwolferen.nl\\\/wp-content\\\/uploads\\\/2023\\\/06\\\/IMG_9001.jpeg?fit=1500%2C2000&ssl=1\",\"width\":1500,\"height\":2000},{\"@type\":\"BreadcrumbList\",\"@id\":\"https:\\\/\\\/aquariavanwolferen.nl\\\/product\\\/paludarium-nr1\\\/#breadcrumb\",\"itemListElement\":[{\"@type\":\"ListItem\",\"position\":1,\"name\":\"Home\",\"item\":\"https:\\\/\\\/aquariavanwolferen.nl\\\/\"},{\"@type\":\"ListItem\",\"position\":2,\"name\":\"Ons aanbod\",\"item\":\"https:\\\/\\\/aquariavanwolferen.nl\\\/onsaanbod\\\/\"},{\"@type\":\"ListItem\",\"position\":3,\"name\":\"Paludarium nr1\"}]},{\"@type\":\"WebSite\",\"@id\":\"https:\\\/\\\/aquariavanwolferen.nl\\\/#website\",\"url\":\"https:\\\/\\\/aquariavanwolferen.nl\\\/\",\"name\":\"Aquaria van Wolferen\",\"description\":\"Voor al uw aquarias\",\"publisher\":{\"@id\":\"https:\\\/\\\/aquariavanwolferen.nl\\\/#organization\"},\"potentialAction\":[{\"@type\":\"SearchAction\",\"target\":{\"@type\":\"EntryPoint\",\"urlTemplate\":\"https:\\\/\\\/aquariavanwolferen.nl\\\/?s={search_term_string}\"},\"query-input\":{\"@type\":\"PropertyValueSpecification\",\"valueRequired\":true,\"valueName\":\"search_term_string\"}}],\"inLanguage\":\"es\"},{\"@type\":\"Organization\",\"@id\":\"https:\\\/\\\/aquariavanwolferen.nl\\\/#organization\",\"name\":\"Aquaria van Wolferen\",\"url\":\"https:\\\/\\\/aquariavanwolferen.nl\\\/\",\"logo\":{\"@type\":\"ImageObject\",\"inLanguage\":\"es\",\"@id\":\"https:\\\/\\\/aquariavanwolferen.nl\\\/#\\\/schema\\\/logo\\\/image\\\/\",\"url\":\"https:\\\/\\\/aquariavanwolferen.nl\\\/wp-content\\\/uploads\\\/2023\\\/06\\\/Logo.png\",\"contentUrl\":\"https:\\\/\\\/aquariavanwolferen.nl\\\/wp-content\\\/uploads\\\/2023\\\/06\\\/Logo.png\",\"width\":275,\"height\":121,\"caption\":\"Aquaria van Wolferen\"},\"image\":{\"@id\":\"https:\\\/\\\/aquariavanwolferen.nl\\\/#\\\/schema\\\/logo\\\/image\\\/\"},\"sameAs\":[\"https:\\\/\\\/www.facebook.com\\\/profile.php?id=100009060239869\",\"https:\\\/\\\/www.instagram.com\\\/aquariavanwolferen\\\/\"]}]}<\/script>\n<!-- \/ Yoast SEO plugin. -->","yoast_head_json":{"title":"Paludarium nr1 - Aquaria van Wolferen","robots":{"index":"index","follow":"follow","max-snippet":"max-snippet:-1","max-image-preview":"max-image-preview:large","max-video-preview":"max-video-preview:-1"},"canonical":"https:\/\/aquariavanwolferen.nl\/es\/producto\/paludarium-nr1\/","og_locale":"es_ES","og_type":"article","og_title":"Paludarium nr1 - Aquaria van Wolferen","og_description":"Een paludarium is een unieke en fascinerende variant van een aquarium, waarbij zowel een watergedeelte als een landgedeelte worden gecre\u00eberd. In een paludarium kunnen zowel waterminnende als landbewonende planten, dieren en amfibie\u00ebn samenleven, waardoor een diverse en dynamische leefomgeving ontstaat.  Het watergedeelte van een paludarium is vaak uitgerust met een filter, verlichting en verwarming om de ideale leefomstandigheden voor aquatische dieren te handhaven. Het landgedeelte is meestal verhoogd en voorzien van bodembedekking, rotsen, takken en planten, zodat landbewoners zich kunnen vestigen en bewegen.  Het cre\u00ebren van een paludarium is een creatief proces waarbij rekening moet worden gehouden met de specifieke behoeften van de gekozen planten en dieren. Het is belangrijk om de juiste balans te vinden tussen de luchtvochtigheid, temperatuur en verlichting voor zowel het water- als het landgedeelte.  Paludaria zijn populair bij liefhebbers van reptielen, amfibie\u00ebn en sommige tropische plantensoorten. Ze bieden een unieke mogelijkheid om verschillende ecosystemen na te bootsen en een natuurlijke omgeving te cre\u00ebren waarin zowel aquatische als landdieren gedijen.  Het onderhoud van een paludarium omvat regelmatig waterverversingen, monitoring van de luchtvochtigheid en temperatuur, snoeien van planten en algemeen schoonmaken. Het is ook belangrijk om de interactie tussen de verschillende bewoners in de gaten te houden en ervoor te zorgen dat ze compatibel zijn.  Kortom, een paludarium biedt een boeiende en esthetisch aantrekkelijke combinatie van water- en landelementen. Het stelt liefhebbers in staat om een uniek ecosysteem te cre\u00ebren en te genieten van een verscheidenheid aan planten en dieren die samenleven in harmonie.","og_url":"https:\/\/aquariavanwolferen.nl\/es\/producto\/paludarium-nr1\/","og_site_name":"Aquaria van Wolferen","article_publisher":"https:\/\/www.facebook.com\/profile.php?id=100009060239869","og_image":[{"width":1500,"height":2000,"url":"https:\/\/aquariavanwolferen.nl\/wp-content\/uploads\/2023\/06\/IMG_9001.jpeg","type":"image\/jpeg"}],"twitter_card":"summary_large_image","schema":{"@context":"https:\/\/schema.org","@graph":[{"@type":"WebPage","@id":"https:\/\/aquariavanwolferen.nl\/product\/paludarium-nr1\/","url":"https:\/\/aquariavanwolferen.nl\/product\/paludarium-nr1\/","name":"Paludarium nr1 - Aquaria van Wolferen","isPartOf":{"@id":"https:\/\/aquariavanwolferen.nl\/#website"},"primaryImageOfPage":{"@id":"https:\/\/aquariavanwolferen.nl\/product\/paludarium-nr1\/#primaryimage"},"image":{"@id":"https:\/\/aquariavanwolferen.nl\/product\/paludarium-nr1\/#primaryimage"},"thumbnailUrl":"https:\/\/i0.wp.com\/aquariavanwolferen.nl\/wp-content\/uploads\/2023\/06\/IMG_9001.jpeg?fit=1500%2C2000&ssl=1","datePublished":"2023-06-23T06:01:42+00:00","breadcrumb":{"@id":"https:\/\/aquariavanwolferen.nl\/product\/paludarium-nr1\/#breadcrumb"},"inLanguage":"es","potentialAction":[{"@type":"ReadAction","target":["https:\/\/aquariavanwolferen.nl\/product\/paludarium-nr1\/"]}]},{"@type":"ImageObject","inLanguage":"es","@id":"https:\/\/aquariavanwolferen.nl\/product\/paludarium-nr1\/#primaryimage","url":"https:\/\/i0.wp.com\/aquariavanwolferen.nl\/wp-content\/uploads\/2023\/06\/IMG_9001.jpeg?fit=1500%2C2000&ssl=1","contentUrl":"https:\/\/i0.wp.com\/aquariavanwolferen.nl\/wp-content\/uploads\/2023\/06\/IMG_9001.jpeg?fit=1500%2C2000&ssl=1","width":1500,"height":2000},{"@type":"BreadcrumbList","@id":"https:\/\/aquariavanwolferen.nl\/product\/paludarium-nr1\/#breadcrumb","itemListElement":[{"@type":"ListItem","position":1,"name":"Home","item":"https:\/\/aquariavanwolferen.nl\/"},{"@type":"ListItem","position":2,"name":"Ons aanbod","item":"https:\/\/aquariavanwolferen.nl\/onsaanbod\/"},{"@type":"ListItem","position":3,"name":"Paludarium nr1"}]},{"@type":"WebSite","@id":"https:\/\/aquariavanwolferen.nl\/#website","url":"https:\/\/aquariavanwolferen.nl\/","name":"Acuarios Wolferen","description":"Para todos tus acuarios","publisher":{"@id":"https:\/\/aquariavanwolferen.nl\/#organization"},"potentialAction":[{"@type":"SearchAction","target":{"@type":"EntryPoint","urlTemplate":"https:\/\/aquariavanwolferen.nl\/?s={search_term_string}"},"query-input":{"@type":"PropertyValueSpecification","valueRequired":true,"valueName":"search_term_string"}}],"inLanguage":"es"},{"@type":"Organization","@id":"https:\/\/aquariavanwolferen.nl\/#organization","name":"Acuarios Wolferen","url":"https:\/\/aquariavanwolferen.nl\/","logo":{"@type":"ImageObject","inLanguage":"es","@id":"https:\/\/aquariavanwolferen.nl\/#\/schema\/logo\/image\/","url":"https:\/\/aquariavanwolferen.nl\/wp-content\/uploads\/2023\/06\/Logo.png","contentUrl":"https:\/\/aquariavanwolferen.nl\/wp-content\/uploads\/2023\/06\/Logo.png","width":275,"height":121,"caption":"Aquaria van Wolferen"},"image":{"@id":"https:\/\/aquariavanwolferen.nl\/#\/schema\/logo\/image\/"},"sameAs":["https:\/\/www.facebook.com\/profile.php?id=100009060239869","https:\/\/www.instagram.com\/aquariavanwolferen\/"]}]}},"_links":{"self":[{"href":"https:\/\/aquariavanwolferen.nl\/es\/wp-json\/wp\/v2\/product\/1544","targetHints":{"allow":["GET"]}}],"collection":[{"href":"https:\/\/aquariavanwolferen.nl\/es\/wp-json\/wp\/v2\/product"}],"about":[{"href":"https:\/\/aquariavanwolferen.nl\/es\/wp-json\/wp\/v2\/types\/product"}],"wp:featuredmedia":[{"embeddable":true,"href":"https:\/\/aquariavanwolferen.nl\/es\/wp-json\/wp\/v2\/media\/1543"}],"wp:attachment":[{"href":"https:\/\/aquariavanwolferen.nl\/es\/wp-json\/wp\/v2\/media?parent=1544"}],"wp:term":[{"taxonomy":"product_brand","embeddable":true,"href":"https:\/\/aquariavanwolferen.nl\/es\/wp-json\/wp\/v2\/product_brand?post=1544"},{"taxonomy":"product_cat","embeddable":true,"href":"https:\/\/aquariavanwolferen.nl\/es\/wp-json\/wp\/v2\/product_cat?post=1544"},{"taxonomy":"product_tag","embeddable":true,"href":"https:\/\/aquariavanwolferen.nl\/es\/wp-json\/wp\/v2\/product_tag?post=1544"}],"curies":[{"name":"wp","href":"https:\/\/api.w.org\/{rel}","templated":true}]}}