{"id":1310,"date":"2023-06-20T17:53:39","date_gmt":"2023-06-20T17:53:39","guid":{"rendered":"https:\/\/aquariavanwolferen.nl\/?post_type=product&#038;p=1310"},"modified":"2023-06-20T17:54:15","modified_gmt":"2023-06-20T17:54:15","slug":"gelamineerd-hout-nr2","status":"publish","type":"product","link":"https:\/\/aquariavanwolferen.nl\/es\/product\/gelamineerd-hout-nr2\/","title":{"rendered":"Madera Laminada n\u00ba2"},"content":{"rendered":"<p>Un acuario es una hermosa adici\u00f3n a cualquier interior y ofrece una visi\u00f3n fascinante del mundo submarino. Si buscas un aspecto elegante y natural, un acuario acabado con madera laminada es una excelente opci\u00f3n.<\/p>\n<p>La madera laminada es un material formado por varias capas de chapa de madera prensadas y pegadas entre s\u00ed bajo presi\u00f3n. El resultado es un material duradero y est\u00e9ticamente agradable, perfecto para terminar un acuario.<\/p>\n<p>Una de las mayores ventajas de la madera laminada es el aspecto c\u00e1lido y natural que le da a tu acuario. La chapa de madera a\u00f1ade un toque de elegancia y belleza, haciendo de su acuario un elemento llamativo en su interior.<\/p>\n<p>Adem\u00e1s, la madera laminada tambi\u00e9n es muy duradera y resistente a la humedad. El material est\u00e1 tratado con una capa especial que proporciona resistencia al agua, lo que lo hace adecuado para su uso en un entorno de acuario. As\u00ed que no tienes que preocuparte de que la madera se deforme o se da\u00f1e con el agua.<\/p>\n<p>La madera laminada tambi\u00e9n ofrece muchas posibilidades de dise\u00f1o. El material est\u00e1 disponible en diferentes tipos de madera, colores y texturas, para que puedas elegir el que mejor se adapte a tu interior. Ya sea que prefiera un acabado de roble cl\u00e1sico o un aspecto moderno de nogal oscuro, hay un acuario de madera laminada que se adapta a sus necesidades.<\/p>\n<p>Otra ventaja de la madera laminada es su f\u00e1cil limpieza y mantenimiento. La superficie lisa de la madera laminada facilita la eliminaci\u00f3n de suciedad y manchas. Un pa\u00f1o suave y un detergente suave son suficientes para mantener su acuario en \u00f3ptimas condiciones.<\/p>\n<p>En resumen, un acuario acabado con madera laminada es una elecci\u00f3n maravillosa si buscas un aspecto natural y elegante. No s\u00f3lo ofrece un aspecto c\u00e1lido y elegante, sino que tambi\u00e9n es duradero, resistente al agua y f\u00e1cil de mantener. Con un acuario de madera laminada crear\u00e1s una pieza \u00fanica en tu interior que podr\u00e1s disfrutar mientras exploras el encantador mundo de tus animales acu\u00e1ticos.<\/p>","protected":false},"excerpt":{"rendered":"<p>Un acuario es una hermosa adici\u00f3n a cualquier interior y ofrece una visi\u00f3n fascinante del mundo submarino. Si buscas un aspecto elegante y natural, un acuario acabado con madera laminada es una excelente opci\u00f3n. La madera laminada es un material formado por varias capas de chapa de madera prensadas y pegadas entre s\u00ed bajo presi\u00f3n. El resultado es un\u2026<\/p>","protected":false},"featured_media":1311,"template":"","meta":[],"product_brand":[],"product_cat":[54],"product_tag":[],"class_list":{"0":"post-1310","1":"product","2":"type-product","3":"status-publish","4":"has-post-thumbnail","6":"product_cat-aquarium-met-gelamineerd-meubel","8":"first","9":"instock","10":"shipping-taxable","11":"product-type-external"},"yoast_head":"<!-- This site is optimized with the Yoast SEO plugin v27.3 - https:\/\/yoast.com\/product\/yoast-seo-wordpress\/ -->\n<title>Gelamineerd Hout nr2 - Aquaria van Wolferen<\/title>\n<meta name=\"robots\" content=\"index, follow, max-snippet:-1, max-image-preview:large, max-video-preview:-1\" \/>\n<link rel=\"canonical\" href=\"https:\/\/aquariavanwolferen.nl\/es\/producto\/gelamineerd-hout-nr2\/\" \/>\n<meta property=\"og:locale\" content=\"es_ES\" \/>\n<meta property=\"og:type\" content=\"article\" \/>\n<meta property=\"og:title\" content=\"Gelamineerd Hout nr2 - Aquaria van Wolferen\" \/>\n<meta property=\"og:description\" content=\"Een aquarium is een prachtige toevoeging aan elk interieur en biedt een fascinerende blik op de onderwaterwereld. Als je op zoek bent naar een stijlvolle en natuurlijke uitstraling, is een aquarium afgewerkt met gelamineerd hout een uitstekende keuze. Gelamineerd hout is een materiaal dat bestaat uit verschillende lagen houtfineer die onder druk zijn samengeperst en gelijmd. Het resultaat is een&hellip;\" \/>\n<meta property=\"og:url\" content=\"https:\/\/aquariavanwolferen.nl\/es\/producto\/gelamineerd-hout-nr2\/\" \/>\n<meta property=\"og:site_name\" content=\"Aquaria van Wolferen\" \/>\n<meta property=\"article:publisher\" content=\"https:\/\/www.facebook.com\/profile.php?id=100009060239869\" \/>\n<meta property=\"article:modified_time\" content=\"2023-06-20T17:54:15+00:00\" \/>\n<meta property=\"og:image\" content=\"https:\/\/aquariavanwolferen.nl\/wp-content\/uploads\/2023\/06\/IMG_3424-scaled.jpeg\" \/>\n\t<meta property=\"og:image:width\" content=\"2560\" \/>\n\t<meta property=\"og:image:height\" content=\"1920\" \/>\n\t<meta property=\"og:image:type\" content=\"image\/jpeg\" \/>\n<meta name=\"twitter:card\" content=\"summary_large_image\" \/>\n<meta name=\"twitter:label1\" content=\"Tiempo de lectura\" \/>\n\t<meta name=\"twitter:data1\" content=\"2 minutos\" \/>\n<script type=\"application\/ld+json\" class=\"yoast-schema-graph\">{\"@context\":\"https:\\\/\\\/schema.org\",\"@graph\":[{\"@type\":\"WebPage\",\"@id\":\"https:\\\/\\\/aquariavanwolferen.nl\\\/product\\\/gelamineerd-hout-nr2\\\/\",\"url\":\"https:\\\/\\\/aquariavanwolferen.nl\\\/product\\\/gelamineerd-hout-nr2\\\/\",\"name\":\"Gelamineerd Hout nr2 - Aquaria van Wolferen\",\"isPartOf\":{\"@id\":\"https:\\\/\\\/aquariavanwolferen.nl\\\/#website\"},\"primaryImageOfPage\":{\"@id\":\"https:\\\/\\\/aquariavanwolferen.nl\\\/product\\\/gelamineerd-hout-nr2\\\/#primaryimage\"},\"image\":{\"@id\":\"https:\\\/\\\/aquariavanwolferen.nl\\\/product\\\/gelamineerd-hout-nr2\\\/#primaryimage\"},\"thumbnailUrl\":\"https:\\\/\\\/i0.wp.com\\\/aquariavanwolferen.nl\\\/wp-content\\\/uploads\\\/2023\\\/06\\\/IMG_3424-scaled.jpeg?fit=2560%2C1920&ssl=1\",\"datePublished\":\"2023-06-20T17:53:39+00:00\",\"dateModified\":\"2023-06-20T17:54:15+00:00\",\"breadcrumb\":{\"@id\":\"https:\\\/\\\/aquariavanwolferen.nl\\\/product\\\/gelamineerd-hout-nr2\\\/#breadcrumb\"},\"inLanguage\":\"es\",\"potentialAction\":[{\"@type\":\"ReadAction\",\"target\":[\"https:\\\/\\\/aquariavanwolferen.nl\\\/product\\\/gelamineerd-hout-nr2\\\/\"]}]},{\"@type\":\"ImageObject\",\"inLanguage\":\"es\",\"@id\":\"https:\\\/\\\/aquariavanwolferen.nl\\\/product\\\/gelamineerd-hout-nr2\\\/#primaryimage\",\"url\":\"https:\\\/\\\/i0.wp.com\\\/aquariavanwolferen.nl\\\/wp-content\\\/uploads\\\/2023\\\/06\\\/IMG_3424-scaled.jpeg?fit=2560%2C1920&ssl=1\",\"contentUrl\":\"https:\\\/\\\/i0.wp.com\\\/aquariavanwolferen.nl\\\/wp-content\\\/uploads\\\/2023\\\/06\\\/IMG_3424-scaled.jpeg?fit=2560%2C1920&ssl=1\",\"width\":2560,\"height\":1920},{\"@type\":\"BreadcrumbList\",\"@id\":\"https:\\\/\\\/aquariavanwolferen.nl\\\/product\\\/gelamineerd-hout-nr2\\\/#breadcrumb\",\"itemListElement\":[{\"@type\":\"ListItem\",\"position\":1,\"name\":\"Home\",\"item\":\"https:\\\/\\\/aquariavanwolferen.nl\\\/\"},{\"@type\":\"ListItem\",\"position\":2,\"name\":\"Ons aanbod\",\"item\":\"https:\\\/\\\/aquariavanwolferen.nl\\\/onsaanbod\\\/\"},{\"@type\":\"ListItem\",\"position\":3,\"name\":\"Gelamineerd Hout nr2\"}]},{\"@type\":\"WebSite\",\"@id\":\"https:\\\/\\\/aquariavanwolferen.nl\\\/#website\",\"url\":\"https:\\\/\\\/aquariavanwolferen.nl\\\/\",\"name\":\"Aquaria van Wolferen\",\"description\":\"Voor al uw aquarias\",\"publisher\":{\"@id\":\"https:\\\/\\\/aquariavanwolferen.nl\\\/#organization\"},\"potentialAction\":[{\"@type\":\"SearchAction\",\"target\":{\"@type\":\"EntryPoint\",\"urlTemplate\":\"https:\\\/\\\/aquariavanwolferen.nl\\\/?s={search_term_string}\"},\"query-input\":{\"@type\":\"PropertyValueSpecification\",\"valueRequired\":true,\"valueName\":\"search_term_string\"}}],\"inLanguage\":\"es\"},{\"@type\":\"Organization\",\"@id\":\"https:\\\/\\\/aquariavanwolferen.nl\\\/#organization\",\"name\":\"Aquaria van Wolferen\",\"url\":\"https:\\\/\\\/aquariavanwolferen.nl\\\/\",\"logo\":{\"@type\":\"ImageObject\",\"inLanguage\":\"es\",\"@id\":\"https:\\\/\\\/aquariavanwolferen.nl\\\/#\\\/schema\\\/logo\\\/image\\\/\",\"url\":\"https:\\\/\\\/aquariavanwolferen.nl\\\/wp-content\\\/uploads\\\/2023\\\/06\\\/Logo.png\",\"contentUrl\":\"https:\\\/\\\/aquariavanwolferen.nl\\\/wp-content\\\/uploads\\\/2023\\\/06\\\/Logo.png\",\"width\":275,\"height\":121,\"caption\":\"Aquaria van Wolferen\"},\"image\":{\"@id\":\"https:\\\/\\\/aquariavanwolferen.nl\\\/#\\\/schema\\\/logo\\\/image\\\/\"},\"sameAs\":[\"https:\\\/\\\/www.facebook.com\\\/profile.php?id=100009060239869\",\"https:\\\/\\\/www.instagram.com\\\/aquariavanwolferen\\\/\"]}]}<\/script>\n<!-- \/ Yoast SEO plugin. -->","yoast_head_json":{"title":"Gelamineerd Hout nr2 - Aquaria van Wolferen","robots":{"index":"index","follow":"follow","max-snippet":"max-snippet:-1","max-image-preview":"max-image-preview:large","max-video-preview":"max-video-preview:-1"},"canonical":"https:\/\/aquariavanwolferen.nl\/es\/producto\/gelamineerd-hout-nr2\/","og_locale":"es_ES","og_type":"article","og_title":"Gelamineerd Hout nr2 - Aquaria van Wolferen","og_description":"Een aquarium is een prachtige toevoeging aan elk interieur en biedt een fascinerende blik op de onderwaterwereld. Als je op zoek bent naar een stijlvolle en natuurlijke uitstraling, is een aquarium afgewerkt met gelamineerd hout een uitstekende keuze. Gelamineerd hout is een materiaal dat bestaat uit verschillende lagen houtfineer die onder druk zijn samengeperst en gelijmd. Het resultaat is een&hellip;","og_url":"https:\/\/aquariavanwolferen.nl\/es\/producto\/gelamineerd-hout-nr2\/","og_site_name":"Aquaria van Wolferen","article_publisher":"https:\/\/www.facebook.com\/profile.php?id=100009060239869","article_modified_time":"2023-06-20T17:54:15+00:00","og_image":[{"width":2560,"height":1920,"url":"https:\/\/aquariavanwolferen.nl\/wp-content\/uploads\/2023\/06\/IMG_3424-scaled.jpeg","type":"image\/jpeg"}],"twitter_card":"summary_large_image","twitter_misc":{"Tiempo de lectura":"2 minutos"},"schema":{"@context":"https:\/\/schema.org","@graph":[{"@type":"WebPage","@id":"https:\/\/aquariavanwolferen.nl\/product\/gelamineerd-hout-nr2\/","url":"https:\/\/aquariavanwolferen.nl\/product\/gelamineerd-hout-nr2\/","name":"Gelamineerd Hout nr2 - Aquaria van Wolferen","isPartOf":{"@id":"https:\/\/aquariavanwolferen.nl\/#website"},"primaryImageOfPage":{"@id":"https:\/\/aquariavanwolferen.nl\/product\/gelamineerd-hout-nr2\/#primaryimage"},"image":{"@id":"https:\/\/aquariavanwolferen.nl\/product\/gelamineerd-hout-nr2\/#primaryimage"},"thumbnailUrl":"https:\/\/i0.wp.com\/aquariavanwolferen.nl\/wp-content\/uploads\/2023\/06\/IMG_3424-scaled.jpeg?fit=2560%2C1920&ssl=1","datePublished":"2023-06-20T17:53:39+00:00","dateModified":"2023-06-20T17:54:15+00:00","breadcrumb":{"@id":"https:\/\/aquariavanwolferen.nl\/product\/gelamineerd-hout-nr2\/#breadcrumb"},"inLanguage":"es","potentialAction":[{"@type":"ReadAction","target":["https:\/\/aquariavanwolferen.nl\/product\/gelamineerd-hout-nr2\/"]}]},{"@type":"ImageObject","inLanguage":"es","@id":"https:\/\/aquariavanwolferen.nl\/product\/gelamineerd-hout-nr2\/#primaryimage","url":"https:\/\/i0.wp.com\/aquariavanwolferen.nl\/wp-content\/uploads\/2023\/06\/IMG_3424-scaled.jpeg?fit=2560%2C1920&ssl=1","contentUrl":"https:\/\/i0.wp.com\/aquariavanwolferen.nl\/wp-content\/uploads\/2023\/06\/IMG_3424-scaled.jpeg?fit=2560%2C1920&ssl=1","width":2560,"height":1920},{"@type":"BreadcrumbList","@id":"https:\/\/aquariavanwolferen.nl\/product\/gelamineerd-hout-nr2\/#breadcrumb","itemListElement":[{"@type":"ListItem","position":1,"name":"Home","item":"https:\/\/aquariavanwolferen.nl\/"},{"@type":"ListItem","position":2,"name":"Ons aanbod","item":"https:\/\/aquariavanwolferen.nl\/onsaanbod\/"},{"@type":"ListItem","position":3,"name":"Gelamineerd Hout nr2"}]},{"@type":"WebSite","@id":"https:\/\/aquariavanwolferen.nl\/#website","url":"https:\/\/aquariavanwolferen.nl\/","name":"Acuarios Wolferen","description":"Para todos tus acuarios","publisher":{"@id":"https:\/\/aquariavanwolferen.nl\/#organization"},"potentialAction":[{"@type":"SearchAction","target":{"@type":"EntryPoint","urlTemplate":"https:\/\/aquariavanwolferen.nl\/?s={search_term_string}"},"query-input":{"@type":"PropertyValueSpecification","valueRequired":true,"valueName":"search_term_string"}}],"inLanguage":"es"},{"@type":"Organization","@id":"https:\/\/aquariavanwolferen.nl\/#organization","name":"Acuarios Wolferen","url":"https:\/\/aquariavanwolferen.nl\/","logo":{"@type":"ImageObject","inLanguage":"es","@id":"https:\/\/aquariavanwolferen.nl\/#\/schema\/logo\/image\/","url":"https:\/\/aquariavanwolferen.nl\/wp-content\/uploads\/2023\/06\/Logo.png","contentUrl":"https:\/\/aquariavanwolferen.nl\/wp-content\/uploads\/2023\/06\/Logo.png","width":275,"height":121,"caption":"Aquaria van Wolferen"},"image":{"@id":"https:\/\/aquariavanwolferen.nl\/#\/schema\/logo\/image\/"},"sameAs":["https:\/\/www.facebook.com\/profile.php?id=100009060239869","https:\/\/www.instagram.com\/aquariavanwolferen\/"]}]}},"_links":{"self":[{"href":"https:\/\/aquariavanwolferen.nl\/es\/wp-json\/wp\/v2\/product\/1310","targetHints":{"allow":["GET"]}}],"collection":[{"href":"https:\/\/aquariavanwolferen.nl\/es\/wp-json\/wp\/v2\/product"}],"about":[{"href":"https:\/\/aquariavanwolferen.nl\/es\/wp-json\/wp\/v2\/types\/product"}],"wp:featuredmedia":[{"embeddable":true,"href":"https:\/\/aquariavanwolferen.nl\/es\/wp-json\/wp\/v2\/media\/1311"}],"wp:attachment":[{"href":"https:\/\/aquariavanwolferen.nl\/es\/wp-json\/wp\/v2\/media?parent=1310"}],"wp:term":[{"taxonomy":"product_brand","embeddable":true,"href":"https:\/\/aquariavanwolferen.nl\/es\/wp-json\/wp\/v2\/product_brand?post=1310"},{"taxonomy":"product_cat","embeddable":true,"href":"https:\/\/aquariavanwolferen.nl\/es\/wp-json\/wp\/v2\/product_cat?post=1310"},{"taxonomy":"product_tag","embeddable":true,"href":"https:\/\/aquariavanwolferen.nl\/es\/wp-json\/wp\/v2\/product_tag?post=1310"}],"curies":[{"name":"wp","href":"https:\/\/api.w.org\/{rel}","templated":true}]}}