{"id":1296,"date":"2023-06-20T17:27:56","date_gmt":"2023-06-20T17:27:56","guid":{"rendered":"https:\/\/aquariavanwolferen.nl\/?post_type=product&#038;p=1296"},"modified":"2023-06-20T21:26:04","modified_gmt":"2023-06-20T21:26:04","slug":"dibond-nr2","status":"publish","type":"product","link":"https:\/\/aquariavanwolferen.nl\/es\/product\/dibond-nr2\/","title":{"rendered":"Acuario dibond con mueble n\u00ba 4"},"content":{"rendered":"<p>Un acuario es una hermosa adici\u00f3n a cualquier interior. Aporta un toque del mundo submarino a su hogar y ofrece la oportunidad de observar fascinantes animales acu\u00e1ticos. Pero, \u00bfc\u00f3mo puede asegurarse de que su acuario no s\u00f3lo sea un espect\u00e1culo visual, sino tambi\u00e9n un elemento elegante en su interior?<\/p>\n<p>Una excelente opci\u00f3n es utilizar dibond para tu acuario. Dibond es un material compuesto que consta de dos finas capas exteriores de aluminio con un n\u00facleo de polietileno resistente en el medio. El resultado es un material ligero, duradero y vers\u00e1til, perfecto para la construcci\u00f3n de acuarios.<\/p>\n<p>Dibond tiene varias ventajas a la hora de crear un bonito acuario. En primer lugar, el material es muy fuerte y resistente al agua, lo que lo hace adecuado para un uso prolongado en un ambiente h\u00famedo. No se doblar\u00e1, deformar\u00e1 ni oxidar\u00e1, manteniendo su acuario siempre limpio.<\/p>\n<p>Adem\u00e1s, dibond ofrece muchas opciones de dise\u00f1o. El material est\u00e1 disponible en diferentes colores y acabados, para que puedas elegir el que mejor se adapta a tu interior. Tambi\u00e9n puedes crear f\u00e1cilmente diferentes formas y tama\u00f1os, porque es f\u00e1cil trabajar con Dibond. Esto le brinda la libertad de crear un acuario \u00fanico y personalizado.<\/p>\n<p>Otra ventaja del dibond es que tiene excelentes propiedades aislantes. Esto ayuda a mantener estable la temperatura del agua en su acuario, lo cual es beneficioso para la salud de sus peces y otros animales acu\u00e1ticos. Adem\u00e1s, el aislamiento asegura que los sonidos sean amortiguados, creando un ambiente tranquilo y relajante.<\/p>\n<p>Mantener un acuario con dibond tambi\u00e9n es sencillo. La superficie lisa del material facilita la limpieza y el mantenimiento. Simplemente puede utilizar un pa\u00f1o suave y un detergente suave para eliminar las manchas o la suciedad.<\/p>\n<p>En resumen, un acuario con dibond es una excelente opci\u00f3n si buscas un hogar elegante y duradero para tus animales acu\u00e1ticos. No s\u00f3lo proporciona un ambiente visualmente atractivo, sino que tambi\u00e9n tiene beneficios pr\u00e1cticos como resistencia al agua, libertad de dise\u00f1o y aislamiento. Con dibond podr\u00e1s crear un acuario \u00fanico, que encaje perfectamente con tu interior y del que podr\u00e1s disfrutar durante muchos a\u00f1os.<\/p>","protected":false},"excerpt":{"rendered":"<p>Un acuario es una hermosa adici\u00f3n a cualquier interior. Aporta un toque del mundo submarino a su hogar y ofrece la oportunidad de observar fascinantes animales acu\u00e1ticos. Pero, \u00bfc\u00f3mo puede asegurarse de que su acuario no s\u00f3lo sea un espect\u00e1culo visual, sino tambi\u00e9n un elemento elegante en su interior? Una excelente opci\u00f3n es utilizar dibond para tu acuario. Dibond es...<\/p>","protected":false},"featured_media":1297,"template":"","meta":[],"product_brand":[],"product_cat":[51],"product_tag":[],"class_list":{"0":"post-1296","1":"product","2":"type-product","3":"status-publish","4":"has-post-thumbnail","6":"product_cat-aquaria-met-kap-meubel-dibond","8":"first","9":"instock","10":"shipping-taxable","11":"product-type-external"},"yoast_head":"<!-- This site is optimized with the Yoast SEO plugin v27.3 - https:\/\/yoast.com\/product\/yoast-seo-wordpress\/ -->\n<title>Aquarium dibond met meubel nr 4 - Aquaria van Wolferen<\/title>\n<meta name=\"robots\" content=\"index, follow, max-snippet:-1, max-image-preview:large, max-video-preview:-1\" \/>\n<link rel=\"canonical\" href=\"https:\/\/aquariavanwolferen.nl\/es\/producto\/dibond-nr2\/\" \/>\n<meta property=\"og:locale\" content=\"es_ES\" \/>\n<meta property=\"og:type\" content=\"article\" \/>\n<meta property=\"og:title\" content=\"Aquarium dibond met meubel nr 4 - Aquaria van Wolferen\" \/>\n<meta property=\"og:description\" content=\"Een aquarium is een prachtige toevoeging aan elk interieur. Het brengt een vleugje onderwaterwereld in huis en biedt de mogelijkheid om fascinerende waterdieren te observeren. Maar hoe zorg je ervoor dat je aquarium niet alleen een visueel spektakel is, maar ook een stijlvol element in je interieur? Een uitstekende optie is het gebruik van dibond voor je aquarium. Dibond is&hellip;\" \/>\n<meta property=\"og:url\" content=\"https:\/\/aquariavanwolferen.nl\/es\/producto\/dibond-nr2\/\" \/>\n<meta property=\"og:site_name\" content=\"Aquaria van Wolferen\" \/>\n<meta property=\"article:publisher\" content=\"https:\/\/www.facebook.com\/profile.php?id=100009060239869\" \/>\n<meta property=\"article:modified_time\" content=\"2023-06-20T21:26:04+00:00\" \/>\n<meta property=\"og:image\" content=\"https:\/\/aquariavanwolferen.nl\/wp-content\/uploads\/2023\/06\/IMG_3385D-1-scaled.jpeg\" \/>\n\t<meta property=\"og:image:width\" content=\"2560\" \/>\n\t<meta property=\"og:image:height\" content=\"1920\" \/>\n\t<meta property=\"og:image:type\" content=\"image\/jpeg\" \/>\n<meta name=\"twitter:card\" content=\"summary_large_image\" \/>\n<meta name=\"twitter:label1\" content=\"Tiempo de lectura\" \/>\n\t<meta name=\"twitter:data1\" content=\"2 minutos\" \/>\n<script type=\"application\/ld+json\" class=\"yoast-schema-graph\">{\"@context\":\"https:\\\/\\\/schema.org\",\"@graph\":[{\"@type\":\"WebPage\",\"@id\":\"https:\\\/\\\/aquariavanwolferen.nl\\\/product\\\/dibond-nr2\\\/\",\"url\":\"https:\\\/\\\/aquariavanwolferen.nl\\\/product\\\/dibond-nr2\\\/\",\"name\":\"Aquarium dibond met meubel nr 4 - Aquaria van Wolferen\",\"isPartOf\":{\"@id\":\"https:\\\/\\\/aquariavanwolferen.nl\\\/#website\"},\"primaryImageOfPage\":{\"@id\":\"https:\\\/\\\/aquariavanwolferen.nl\\\/product\\\/dibond-nr2\\\/#primaryimage\"},\"image\":{\"@id\":\"https:\\\/\\\/aquariavanwolferen.nl\\\/product\\\/dibond-nr2\\\/#primaryimage\"},\"thumbnailUrl\":\"https:\\\/\\\/i0.wp.com\\\/aquariavanwolferen.nl\\\/wp-content\\\/uploads\\\/2023\\\/06\\\/IMG_3385D-1-scaled.jpeg?fit=2560%2C1920&ssl=1\",\"datePublished\":\"2023-06-20T17:27:56+00:00\",\"dateModified\":\"2023-06-20T21:26:04+00:00\",\"breadcrumb\":{\"@id\":\"https:\\\/\\\/aquariavanwolferen.nl\\\/product\\\/dibond-nr2\\\/#breadcrumb\"},\"inLanguage\":\"es\",\"potentialAction\":[{\"@type\":\"ReadAction\",\"target\":[\"https:\\\/\\\/aquariavanwolferen.nl\\\/product\\\/dibond-nr2\\\/\"]}]},{\"@type\":\"ImageObject\",\"inLanguage\":\"es\",\"@id\":\"https:\\\/\\\/aquariavanwolferen.nl\\\/product\\\/dibond-nr2\\\/#primaryimage\",\"url\":\"https:\\\/\\\/i0.wp.com\\\/aquariavanwolferen.nl\\\/wp-content\\\/uploads\\\/2023\\\/06\\\/IMG_3385D-1-scaled.jpeg?fit=2560%2C1920&ssl=1\",\"contentUrl\":\"https:\\\/\\\/i0.wp.com\\\/aquariavanwolferen.nl\\\/wp-content\\\/uploads\\\/2023\\\/06\\\/IMG_3385D-1-scaled.jpeg?fit=2560%2C1920&ssl=1\",\"width\":2560,\"height\":1920},{\"@type\":\"BreadcrumbList\",\"@id\":\"https:\\\/\\\/aquariavanwolferen.nl\\\/product\\\/dibond-nr2\\\/#breadcrumb\",\"itemListElement\":[{\"@type\":\"ListItem\",\"position\":1,\"name\":\"Home\",\"item\":\"https:\\\/\\\/aquariavanwolferen.nl\\\/\"},{\"@type\":\"ListItem\",\"position\":2,\"name\":\"Ons aanbod\",\"item\":\"https:\\\/\\\/aquariavanwolferen.nl\\\/onsaanbod\\\/\"},{\"@type\":\"ListItem\",\"position\":3,\"name\":\"Aquarium dibond met meubel nr 4\"}]},{\"@type\":\"WebSite\",\"@id\":\"https:\\\/\\\/aquariavanwolferen.nl\\\/#website\",\"url\":\"https:\\\/\\\/aquariavanwolferen.nl\\\/\",\"name\":\"Aquaria van Wolferen\",\"description\":\"Voor al uw aquarias\",\"publisher\":{\"@id\":\"https:\\\/\\\/aquariavanwolferen.nl\\\/#organization\"},\"potentialAction\":[{\"@type\":\"SearchAction\",\"target\":{\"@type\":\"EntryPoint\",\"urlTemplate\":\"https:\\\/\\\/aquariavanwolferen.nl\\\/?s={search_term_string}\"},\"query-input\":{\"@type\":\"PropertyValueSpecification\",\"valueRequired\":true,\"valueName\":\"search_term_string\"}}],\"inLanguage\":\"es\"},{\"@type\":\"Organization\",\"@id\":\"https:\\\/\\\/aquariavanwolferen.nl\\\/#organization\",\"name\":\"Aquaria van Wolferen\",\"url\":\"https:\\\/\\\/aquariavanwolferen.nl\\\/\",\"logo\":{\"@type\":\"ImageObject\",\"inLanguage\":\"es\",\"@id\":\"https:\\\/\\\/aquariavanwolferen.nl\\\/#\\\/schema\\\/logo\\\/image\\\/\",\"url\":\"https:\\\/\\\/aquariavanwolferen.nl\\\/wp-content\\\/uploads\\\/2023\\\/06\\\/Logo.png\",\"contentUrl\":\"https:\\\/\\\/aquariavanwolferen.nl\\\/wp-content\\\/uploads\\\/2023\\\/06\\\/Logo.png\",\"width\":275,\"height\":121,\"caption\":\"Aquaria van Wolferen\"},\"image\":{\"@id\":\"https:\\\/\\\/aquariavanwolferen.nl\\\/#\\\/schema\\\/logo\\\/image\\\/\"},\"sameAs\":[\"https:\\\/\\\/www.facebook.com\\\/profile.php?id=100009060239869\",\"https:\\\/\\\/www.instagram.com\\\/aquariavanwolferen\\\/\"]}]}<\/script>\n<!-- \/ Yoast SEO plugin. -->","yoast_head_json":{"title":"Aquarium dibond met meubel nr 4 - Aquaria van Wolferen","robots":{"index":"index","follow":"follow","max-snippet":"max-snippet:-1","max-image-preview":"max-image-preview:large","max-video-preview":"max-video-preview:-1"},"canonical":"https:\/\/aquariavanwolferen.nl\/es\/producto\/dibond-nr2\/","og_locale":"es_ES","og_type":"article","og_title":"Aquarium dibond met meubel nr 4 - Aquaria van Wolferen","og_description":"Een aquarium is een prachtige toevoeging aan elk interieur. Het brengt een vleugje onderwaterwereld in huis en biedt de mogelijkheid om fascinerende waterdieren te observeren. Maar hoe zorg je ervoor dat je aquarium niet alleen een visueel spektakel is, maar ook een stijlvol element in je interieur? Een uitstekende optie is het gebruik van dibond voor je aquarium. Dibond is&hellip;","og_url":"https:\/\/aquariavanwolferen.nl\/es\/producto\/dibond-nr2\/","og_site_name":"Aquaria van Wolferen","article_publisher":"https:\/\/www.facebook.com\/profile.php?id=100009060239869","article_modified_time":"2023-06-20T21:26:04+00:00","og_image":[{"width":2560,"height":1920,"url":"https:\/\/aquariavanwolferen.nl\/wp-content\/uploads\/2023\/06\/IMG_3385D-1-scaled.jpeg","type":"image\/jpeg"}],"twitter_card":"summary_large_image","twitter_misc":{"Tiempo de lectura":"2 minutos"},"schema":{"@context":"https:\/\/schema.org","@graph":[{"@type":"WebPage","@id":"https:\/\/aquariavanwolferen.nl\/product\/dibond-nr2\/","url":"https:\/\/aquariavanwolferen.nl\/product\/dibond-nr2\/","name":"Aquarium dibond met meubel nr 4 - Aquaria van Wolferen","isPartOf":{"@id":"https:\/\/aquariavanwolferen.nl\/#website"},"primaryImageOfPage":{"@id":"https:\/\/aquariavanwolferen.nl\/product\/dibond-nr2\/#primaryimage"},"image":{"@id":"https:\/\/aquariavanwolferen.nl\/product\/dibond-nr2\/#primaryimage"},"thumbnailUrl":"https:\/\/i0.wp.com\/aquariavanwolferen.nl\/wp-content\/uploads\/2023\/06\/IMG_3385D-1-scaled.jpeg?fit=2560%2C1920&ssl=1","datePublished":"2023-06-20T17:27:56+00:00","dateModified":"2023-06-20T21:26:04+00:00","breadcrumb":{"@id":"https:\/\/aquariavanwolferen.nl\/product\/dibond-nr2\/#breadcrumb"},"inLanguage":"es","potentialAction":[{"@type":"ReadAction","target":["https:\/\/aquariavanwolferen.nl\/product\/dibond-nr2\/"]}]},{"@type":"ImageObject","inLanguage":"es","@id":"https:\/\/aquariavanwolferen.nl\/product\/dibond-nr2\/#primaryimage","url":"https:\/\/i0.wp.com\/aquariavanwolferen.nl\/wp-content\/uploads\/2023\/06\/IMG_3385D-1-scaled.jpeg?fit=2560%2C1920&ssl=1","contentUrl":"https:\/\/i0.wp.com\/aquariavanwolferen.nl\/wp-content\/uploads\/2023\/06\/IMG_3385D-1-scaled.jpeg?fit=2560%2C1920&ssl=1","width":2560,"height":1920},{"@type":"BreadcrumbList","@id":"https:\/\/aquariavanwolferen.nl\/product\/dibond-nr2\/#breadcrumb","itemListElement":[{"@type":"ListItem","position":1,"name":"Home","item":"https:\/\/aquariavanwolferen.nl\/"},{"@type":"ListItem","position":2,"name":"Ons aanbod","item":"https:\/\/aquariavanwolferen.nl\/onsaanbod\/"},{"@type":"ListItem","position":3,"name":"Aquarium dibond met meubel nr 4"}]},{"@type":"WebSite","@id":"https:\/\/aquariavanwolferen.nl\/#website","url":"https:\/\/aquariavanwolferen.nl\/","name":"Acuarios Wolferen","description":"Para todos tus acuarios","publisher":{"@id":"https:\/\/aquariavanwolferen.nl\/#organization"},"potentialAction":[{"@type":"SearchAction","target":{"@type":"EntryPoint","urlTemplate":"https:\/\/aquariavanwolferen.nl\/?s={search_term_string}"},"query-input":{"@type":"PropertyValueSpecification","valueRequired":true,"valueName":"search_term_string"}}],"inLanguage":"es"},{"@type":"Organization","@id":"https:\/\/aquariavanwolferen.nl\/#organization","name":"Acuarios Wolferen","url":"https:\/\/aquariavanwolferen.nl\/","logo":{"@type":"ImageObject","inLanguage":"es","@id":"https:\/\/aquariavanwolferen.nl\/#\/schema\/logo\/image\/","url":"https:\/\/aquariavanwolferen.nl\/wp-content\/uploads\/2023\/06\/Logo.png","contentUrl":"https:\/\/aquariavanwolferen.nl\/wp-content\/uploads\/2023\/06\/Logo.png","width":275,"height":121,"caption":"Aquaria van Wolferen"},"image":{"@id":"https:\/\/aquariavanwolferen.nl\/#\/schema\/logo\/image\/"},"sameAs":["https:\/\/www.facebook.com\/profile.php?id=100009060239869","https:\/\/www.instagram.com\/aquariavanwolferen\/"]}]}},"_links":{"self":[{"href":"https:\/\/aquariavanwolferen.nl\/es\/wp-json\/wp\/v2\/product\/1296","targetHints":{"allow":["GET"]}}],"collection":[{"href":"https:\/\/aquariavanwolferen.nl\/es\/wp-json\/wp\/v2\/product"}],"about":[{"href":"https:\/\/aquariavanwolferen.nl\/es\/wp-json\/wp\/v2\/types\/product"}],"wp:featuredmedia":[{"embeddable":true,"href":"https:\/\/aquariavanwolferen.nl\/es\/wp-json\/wp\/v2\/media\/1297"}],"wp:attachment":[{"href":"https:\/\/aquariavanwolferen.nl\/es\/wp-json\/wp\/v2\/media?parent=1296"}],"wp:term":[{"taxonomy":"product_brand","embeddable":true,"href":"https:\/\/aquariavanwolferen.nl\/es\/wp-json\/wp\/v2\/product_brand?post=1296"},{"taxonomy":"product_cat","embeddable":true,"href":"https:\/\/aquariavanwolferen.nl\/es\/wp-json\/wp\/v2\/product_cat?post=1296"},{"taxonomy":"product_tag","embeddable":true,"href":"https:\/\/aquariavanwolferen.nl\/es\/wp-json\/wp\/v2\/product_tag?post=1296"}],"curies":[{"name":"wp","href":"https:\/\/api.w.org\/{rel}","templated":true}]}}