{"id":1199,"date":"2023-06-14T18:55:01","date_gmt":"2023-06-14T18:55:01","guid":{"rendered":"https:\/\/aquariavanwolferen.nl\/?post_type=product&#038;p=1199"},"modified":"2023-07-02T11:23:32","modified_gmt":"2023-07-02T11:23:32","slug":"schilldpadden-aquarium-nr1","status":"publish","type":"product","link":"https:\/\/aquariavanwolferen.nl\/es\/product\/schilldpadden-aquarium-nr1\/","title":{"rendered":"Acuario de tortugas n\u00b01"},"content":{"rendered":"<p>Conozca nuestro acuario para tortugas especialmente dise\u00f1ado, el hogar perfecto para su querida tortuga. Con cuidado y experiencia hemos creado un entorno que satisface todas las necesidades de estos fascinantes reptiles.<\/p>\n<p>Nuestro acuario de tortugas es espacioso y ofrece mucho espacio para nadar y hacer ejercicio para que su tortuga se desarrolle. Est\u00e1 equipado con un sistema de filtraci\u00f3n especial que mantiene el agua limpia y saludable, asegurando un ambiente de vida \u00f3ptimo para su tortuga.<\/p>\n<p>Tambi\u00e9n hemos habilitado una zona de sol, un lugar especial donde tu tortuga podr\u00e1 tomar el sol y regular su temperatura corporal. Esta caracter\u00edstica imita las condiciones naturales que las tortugas necesitan para su bienestar.<\/p>\n<p>Tambi\u00e9n hemos pensado en la seguridad y comodidad del propietario. El acuario para tortugas est\u00e1 equipado con materiales resistentes y una cubierta segura para evitar que la tortuga se escape. Adem\u00e1s, hemos asegurado un f\u00e1cil mantenimiento y limpieza, para que puedas cuidar a tu tortuga sin esfuerzo.<\/p>\n<p>Lleve la belleza del mundo submarino a su hogar y brinde a su tortuga el ambiente ideal para vivir con nuestro acuario para tortugas. Deja que tu tortuga disfrute de un ambiente c\u00f3modo y estimulante mientras t\u00fa disfrutas del fascinante espect\u00e1culo que se desarrolla ante tus ojos.<\/p>\n<p>Toma la decisi\u00f3n hoy de brindarle a tu tortuga el mejor cuidado. Elija nuestro acuario de tortugas y cree un hogar donde su tortuga pueda prosperar feliz y saludablemente.<\/p>","protected":false},"excerpt":{"rendered":"<p>Conozca nuestro acuario para tortugas especialmente dise\u00f1ado, el hogar perfecto para su querida tortuga. Con cuidado y experiencia hemos creado un entorno que satisface todas las necesidades de estos fascinantes reptiles. Nuestro acuario de tortugas es espacioso y ofrece mucho espacio para nadar y hacer ejercicio para que su tortuga se desarrolle. Est\u00e1 equipado con un sistema de filtraci\u00f3n especial que\u2026<\/p>","protected":false},"featured_media":1206,"template":"","meta":[],"product_brand":[],"product_cat":[61,53],"product_tag":[],"class_list":{"0":"post-1199","1":"product","2":"type-product","3":"status-publish","4":"has-post-thumbnail","6":"product_cat-aquarium-industrieel-look","7":"product_cat-schildpaddenbak","9":"first","10":"instock","11":"shipping-taxable","12":"product-type-external"},"yoast_head":"<!-- This site is optimized with the Yoast SEO plugin v27.4 - https:\/\/yoast.com\/product\/yoast-seo-wordpress\/ -->\n<title>Schilldpadden aquarium nr1 - Aquaria van Wolferen<\/title>\n<meta name=\"robots\" content=\"index, follow, max-snippet:-1, max-image-preview:large, max-video-preview:-1\" \/>\n<link rel=\"canonical\" href=\"https:\/\/aquariavanwolferen.nl\/es\/producto\/schilldpadden-aquarium-nr1\/\" \/>\n<meta property=\"og:locale\" content=\"es_ES\" \/>\n<meta property=\"og:type\" content=\"article\" \/>\n<meta property=\"og:title\" content=\"Schilldpadden aquarium nr1 - Aquaria van Wolferen\" \/>\n<meta property=\"og:description\" content=\"Maak kennis met ons speciaal ontworpen schildpadden aquarium, de perfecte thuisbasis voor jouw geliefde schildpad. Met zorg en expertise hebben we een omgeving gecre\u00eberd die voldoet aan alle behoeften van deze boeiende reptielen. Ons schildpadden aquarium is ruim en biedt voldoende zwem- en bewegingsruimte voor jouw schildpad om te gedijen. Het is uitgerust met een speciaal filtratiesysteem dat het water&hellip;\" \/>\n<meta property=\"og:url\" content=\"https:\/\/aquariavanwolferen.nl\/es\/producto\/schilldpadden-aquarium-nr1\/\" \/>\n<meta property=\"og:site_name\" content=\"Aquaria van Wolferen\" \/>\n<meta property=\"article:publisher\" content=\"https:\/\/www.facebook.com\/profile.php?id=100009060239869\" \/>\n<meta property=\"article:modified_time\" content=\"2023-07-02T11:23:32+00:00\" \/>\n<meta property=\"og:image\" content=\"https:\/\/aquariavanwolferen.nl\/wp-content\/uploads\/2023\/06\/IMG_7565D-scaled.jpeg\" \/>\n\t<meta property=\"og:image:width\" content=\"2560\" \/>\n\t<meta property=\"og:image:height\" content=\"1920\" \/>\n\t<meta property=\"og:image:type\" content=\"image\/jpeg\" \/>\n<meta name=\"twitter:card\" content=\"summary_large_image\" \/>\n<meta name=\"twitter:label1\" content=\"Tiempo de lectura\" \/>\n\t<meta name=\"twitter:data1\" content=\"2 minutos\" \/>\n<script type=\"application\/ld+json\" class=\"yoast-schema-graph\">{\"@context\":\"https:\\\/\\\/schema.org\",\"@graph\":[{\"@type\":\"WebPage\",\"@id\":\"https:\\\/\\\/aquariavanwolferen.nl\\\/product\\\/schilldpadden-aquarium-nr1\\\/\",\"url\":\"https:\\\/\\\/aquariavanwolferen.nl\\\/product\\\/schilldpadden-aquarium-nr1\\\/\",\"name\":\"Schilldpadden aquarium nr1 - Aquaria van Wolferen\",\"isPartOf\":{\"@id\":\"https:\\\/\\\/aquariavanwolferen.nl\\\/#website\"},\"primaryImageOfPage\":{\"@id\":\"https:\\\/\\\/aquariavanwolferen.nl\\\/product\\\/schilldpadden-aquarium-nr1\\\/#primaryimage\"},\"image\":{\"@id\":\"https:\\\/\\\/aquariavanwolferen.nl\\\/product\\\/schilldpadden-aquarium-nr1\\\/#primaryimage\"},\"thumbnailUrl\":\"https:\\\/\\\/i0.wp.com\\\/aquariavanwolferen.nl\\\/wp-content\\\/uploads\\\/2023\\\/06\\\/IMG_7565D-scaled.jpeg?fit=2560%2C1920&ssl=1\",\"datePublished\":\"2023-06-14T18:55:01+00:00\",\"dateModified\":\"2023-07-02T11:23:32+00:00\",\"breadcrumb\":{\"@id\":\"https:\\\/\\\/aquariavanwolferen.nl\\\/product\\\/schilldpadden-aquarium-nr1\\\/#breadcrumb\"},\"inLanguage\":\"es\",\"potentialAction\":[{\"@type\":\"ReadAction\",\"target\":[\"https:\\\/\\\/aquariavanwolferen.nl\\\/product\\\/schilldpadden-aquarium-nr1\\\/\"]}]},{\"@type\":\"ImageObject\",\"inLanguage\":\"es\",\"@id\":\"https:\\\/\\\/aquariavanwolferen.nl\\\/product\\\/schilldpadden-aquarium-nr1\\\/#primaryimage\",\"url\":\"https:\\\/\\\/i0.wp.com\\\/aquariavanwolferen.nl\\\/wp-content\\\/uploads\\\/2023\\\/06\\\/IMG_7565D-scaled.jpeg?fit=2560%2C1920&ssl=1\",\"contentUrl\":\"https:\\\/\\\/i0.wp.com\\\/aquariavanwolferen.nl\\\/wp-content\\\/uploads\\\/2023\\\/06\\\/IMG_7565D-scaled.jpeg?fit=2560%2C1920&ssl=1\",\"width\":2560,\"height\":1920},{\"@type\":\"BreadcrumbList\",\"@id\":\"https:\\\/\\\/aquariavanwolferen.nl\\\/product\\\/schilldpadden-aquarium-nr1\\\/#breadcrumb\",\"itemListElement\":[{\"@type\":\"ListItem\",\"position\":1,\"name\":\"Home\",\"item\":\"https:\\\/\\\/aquariavanwolferen.nl\\\/\"},{\"@type\":\"ListItem\",\"position\":2,\"name\":\"Ons aanbod\",\"item\":\"https:\\\/\\\/aquariavanwolferen.nl\\\/onsaanbod\\\/\"},{\"@type\":\"ListItem\",\"position\":3,\"name\":\"Schilldpadden aquarium nr1\"}]},{\"@type\":\"WebSite\",\"@id\":\"https:\\\/\\\/aquariavanwolferen.nl\\\/#website\",\"url\":\"https:\\\/\\\/aquariavanwolferen.nl\\\/\",\"name\":\"Aquaria van Wolferen\",\"description\":\"Voor al uw aquarias\",\"publisher\":{\"@id\":\"https:\\\/\\\/aquariavanwolferen.nl\\\/#organization\"},\"potentialAction\":[{\"@type\":\"SearchAction\",\"target\":{\"@type\":\"EntryPoint\",\"urlTemplate\":\"https:\\\/\\\/aquariavanwolferen.nl\\\/?s={search_term_string}\"},\"query-input\":{\"@type\":\"PropertyValueSpecification\",\"valueRequired\":true,\"valueName\":\"search_term_string\"}}],\"inLanguage\":\"es\"},{\"@type\":\"Organization\",\"@id\":\"https:\\\/\\\/aquariavanwolferen.nl\\\/#organization\",\"name\":\"Aquaria van Wolferen\",\"url\":\"https:\\\/\\\/aquariavanwolferen.nl\\\/\",\"logo\":{\"@type\":\"ImageObject\",\"inLanguage\":\"es\",\"@id\":\"https:\\\/\\\/aquariavanwolferen.nl\\\/#\\\/schema\\\/logo\\\/image\\\/\",\"url\":\"https:\\\/\\\/aquariavanwolferen.nl\\\/wp-content\\\/uploads\\\/2023\\\/06\\\/Logo.png\",\"contentUrl\":\"https:\\\/\\\/aquariavanwolferen.nl\\\/wp-content\\\/uploads\\\/2023\\\/06\\\/Logo.png\",\"width\":275,\"height\":121,\"caption\":\"Aquaria van Wolferen\"},\"image\":{\"@id\":\"https:\\\/\\\/aquariavanwolferen.nl\\\/#\\\/schema\\\/logo\\\/image\\\/\"},\"sameAs\":[\"https:\\\/\\\/www.facebook.com\\\/profile.php?id=100009060239869\",\"https:\\\/\\\/www.instagram.com\\\/aquariavanwolferen\\\/\"]}]}<\/script>\n<!-- \/ Yoast SEO plugin. -->","yoast_head_json":{"title":"Schilldpadden aquarium nr1 - Aquaria van Wolferen","robots":{"index":"index","follow":"follow","max-snippet":"max-snippet:-1","max-image-preview":"max-image-preview:large","max-video-preview":"max-video-preview:-1"},"canonical":"https:\/\/aquariavanwolferen.nl\/es\/producto\/schilldpadden-aquarium-nr1\/","og_locale":"es_ES","og_type":"article","og_title":"Schilldpadden aquarium nr1 - Aquaria van Wolferen","og_description":"Maak kennis met ons speciaal ontworpen schildpadden aquarium, de perfecte thuisbasis voor jouw geliefde schildpad. Met zorg en expertise hebben we een omgeving gecre\u00eberd die voldoet aan alle behoeften van deze boeiende reptielen. Ons schildpadden aquarium is ruim en biedt voldoende zwem- en bewegingsruimte voor jouw schildpad om te gedijen. Het is uitgerust met een speciaal filtratiesysteem dat het water&hellip;","og_url":"https:\/\/aquariavanwolferen.nl\/es\/producto\/schilldpadden-aquarium-nr1\/","og_site_name":"Aquaria van Wolferen","article_publisher":"https:\/\/www.facebook.com\/profile.php?id=100009060239869","article_modified_time":"2023-07-02T11:23:32+00:00","og_image":[{"width":2560,"height":1920,"url":"https:\/\/aquariavanwolferen.nl\/wp-content\/uploads\/2023\/06\/IMG_7565D-scaled.jpeg","type":"image\/jpeg"}],"twitter_card":"summary_large_image","twitter_misc":{"Tiempo de lectura":"2 minutos"},"schema":{"@context":"https:\/\/schema.org","@graph":[{"@type":"WebPage","@id":"https:\/\/aquariavanwolferen.nl\/product\/schilldpadden-aquarium-nr1\/","url":"https:\/\/aquariavanwolferen.nl\/product\/schilldpadden-aquarium-nr1\/","name":"Schilldpadden aquarium nr1 - Aquaria van Wolferen","isPartOf":{"@id":"https:\/\/aquariavanwolferen.nl\/#website"},"primaryImageOfPage":{"@id":"https:\/\/aquariavanwolferen.nl\/product\/schilldpadden-aquarium-nr1\/#primaryimage"},"image":{"@id":"https:\/\/aquariavanwolferen.nl\/product\/schilldpadden-aquarium-nr1\/#primaryimage"},"thumbnailUrl":"https:\/\/i0.wp.com\/aquariavanwolferen.nl\/wp-content\/uploads\/2023\/06\/IMG_7565D-scaled.jpeg?fit=2560%2C1920&ssl=1","datePublished":"2023-06-14T18:55:01+00:00","dateModified":"2023-07-02T11:23:32+00:00","breadcrumb":{"@id":"https:\/\/aquariavanwolferen.nl\/product\/schilldpadden-aquarium-nr1\/#breadcrumb"},"inLanguage":"es","potentialAction":[{"@type":"ReadAction","target":["https:\/\/aquariavanwolferen.nl\/product\/schilldpadden-aquarium-nr1\/"]}]},{"@type":"ImageObject","inLanguage":"es","@id":"https:\/\/aquariavanwolferen.nl\/product\/schilldpadden-aquarium-nr1\/#primaryimage","url":"https:\/\/i0.wp.com\/aquariavanwolferen.nl\/wp-content\/uploads\/2023\/06\/IMG_7565D-scaled.jpeg?fit=2560%2C1920&ssl=1","contentUrl":"https:\/\/i0.wp.com\/aquariavanwolferen.nl\/wp-content\/uploads\/2023\/06\/IMG_7565D-scaled.jpeg?fit=2560%2C1920&ssl=1","width":2560,"height":1920},{"@type":"BreadcrumbList","@id":"https:\/\/aquariavanwolferen.nl\/product\/schilldpadden-aquarium-nr1\/#breadcrumb","itemListElement":[{"@type":"ListItem","position":1,"name":"Home","item":"https:\/\/aquariavanwolferen.nl\/"},{"@type":"ListItem","position":2,"name":"Ons aanbod","item":"https:\/\/aquariavanwolferen.nl\/onsaanbod\/"},{"@type":"ListItem","position":3,"name":"Schilldpadden aquarium nr1"}]},{"@type":"WebSite","@id":"https:\/\/aquariavanwolferen.nl\/#website","url":"https:\/\/aquariavanwolferen.nl\/","name":"Acuarios Wolferen","description":"Para todos tus acuarios","publisher":{"@id":"https:\/\/aquariavanwolferen.nl\/#organization"},"potentialAction":[{"@type":"SearchAction","target":{"@type":"EntryPoint","urlTemplate":"https:\/\/aquariavanwolferen.nl\/?s={search_term_string}"},"query-input":{"@type":"PropertyValueSpecification","valueRequired":true,"valueName":"search_term_string"}}],"inLanguage":"es"},{"@type":"Organization","@id":"https:\/\/aquariavanwolferen.nl\/#organization","name":"Acuarios Wolferen","url":"https:\/\/aquariavanwolferen.nl\/","logo":{"@type":"ImageObject","inLanguage":"es","@id":"https:\/\/aquariavanwolferen.nl\/#\/schema\/logo\/image\/","url":"https:\/\/aquariavanwolferen.nl\/wp-content\/uploads\/2023\/06\/Logo.png","contentUrl":"https:\/\/aquariavanwolferen.nl\/wp-content\/uploads\/2023\/06\/Logo.png","width":275,"height":121,"caption":"Aquaria van Wolferen"},"image":{"@id":"https:\/\/aquariavanwolferen.nl\/#\/schema\/logo\/image\/"},"sameAs":["https:\/\/www.facebook.com\/profile.php?id=100009060239869","https:\/\/www.instagram.com\/aquariavanwolferen\/"]}]}},"_links":{"self":[{"href":"https:\/\/aquariavanwolferen.nl\/es\/wp-json\/wp\/v2\/product\/1199","targetHints":{"allow":["GET"]}}],"collection":[{"href":"https:\/\/aquariavanwolferen.nl\/es\/wp-json\/wp\/v2\/product"}],"about":[{"href":"https:\/\/aquariavanwolferen.nl\/es\/wp-json\/wp\/v2\/types\/product"}],"wp:featuredmedia":[{"embeddable":true,"href":"https:\/\/aquariavanwolferen.nl\/es\/wp-json\/wp\/v2\/media\/1206"}],"wp:attachment":[{"href":"https:\/\/aquariavanwolferen.nl\/es\/wp-json\/wp\/v2\/media?parent=1199"}],"wp:term":[{"taxonomy":"product_brand","embeddable":true,"href":"https:\/\/aquariavanwolferen.nl\/es\/wp-json\/wp\/v2\/product_brand?post=1199"},{"taxonomy":"product_cat","embeddable":true,"href":"https:\/\/aquariavanwolferen.nl\/es\/wp-json\/wp\/v2\/product_cat?post=1199"},{"taxonomy":"product_tag","embeddable":true,"href":"https:\/\/aquariavanwolferen.nl\/es\/wp-json\/wp\/v2\/product_tag?post=1199"}],"curies":[{"name":"wp","href":"https:\/\/api.w.org\/{rel}","templated":true}]}}