{"id":1164,"date":"2023-06-14T18:49:38","date_gmt":"2023-06-14T18:49:38","guid":{"rendered":"https:\/\/aquariavanwolferen.nl\/?post_type=product&#038;p=1164"},"modified":"2024-04-23T09:50:17","modified_gmt":"2024-04-23T09:50:17","slug":"op-locatie-gemaakte-aquariums","status":"publish","type":"product","link":"https:\/\/aquariavanwolferen.nl\/es\/product\/op-locatie-gemaakte-aquariums\/","title":{"rendered":"Acuario realizado en el lugar NR1."},"content":{"rendered":"<p>Bienvenido al mundo de nuestros acuarios internos, donde lo llevamos a un viaje \u00fanico de creatividad y artesan\u00eda. Ya sea que tenga un entorno empresarial, un espacio comercial o una casa privada, estamos listos para dise\u00f1ar y construir un acuario impresionante que se adapte perfectamente a sus necesidades y estilo espec\u00edficos.<\/p>\n<p>Nuestro dedicado equipo de expertos trabajar\u00e1 estrechamente con usted para hacer realidad su visi\u00f3n. Escuchamos sus necesidades, nos tomamos el tiempo para comprender su espacio y crear un dise\u00f1o personalizado que sea tanto est\u00e9tico como funcional. Ya sea que sue\u00f1e con un impresionante acuario del tama\u00f1o de una pared, un elegante separador de ambientes o un atractivo paisaje acu\u00e1tico, nos aseguraremos de que su visi\u00f3n se haga realidad.<\/p>\n<p>Somos expertos en trabajar con una amplia gama de materiales, como vidrio, pl\u00e1stico y metal, para lograr un resultado visualmente impresionante. Proporcionan el equilibrio perfecto entre est\u00e9tica y durabilidad, para que su acuario personalizado no sea s\u00f3lo un espect\u00e1culo visual, sino que tambi\u00e9n le proporcione a\u00f1os de disfrute y admiraci\u00f3n.<\/p>\n<p>Tambi\u00e9n nos aseguramos de la correcta instalaci\u00f3n t\u00e9cnica de su acuario. Queremos asegurarnos de que no s\u00f3lo tengas un hermoso acuario, sino que tambi\u00e9n puedas disfrutarlo sin esfuerzo.<\/p>\n<p>Imag\u00ednese: el hipn\u00f3tico juego de luces y colores, el relajante movimiento de los peces y la atm\u00f3sfera serena que aporta un acuario hecho a medida. Es una pieza de belleza natural que transforma tu espacio y crea una sensaci\u00f3n de asombro y serenidad.<\/p>\n<p>Elija nuestros acuarios en el sitio y agregue un elemento impresionante a su espacio que deleitar\u00e1 los sentidos y dejar\u00e1 una impresi\u00f3n duradera en todos los que lo vean. Cont\u00e1ctenos hoy y perm\u00edtanos crear juntos una obra maestra que superar\u00e1 sus expectativas.<\/p>","protected":false},"excerpt":{"rendered":"<p>Bienvenido al mundo de nuestros acuarios internos, donde lo llevamos a un viaje \u00fanico de creatividad y artesan\u00eda. Ya sea que tenga un entorno empresarial, un espacio comercial o una casa privada, estamos listos para dise\u00f1ar y construir un acuario impresionante que se adapte perfectamente a sus necesidades y estilo espec\u00edficos. Nuestro dedicado equipo de expertos...<\/p>","protected":false},"featured_media":1168,"template":"","meta":[],"product_brand":[],"product_cat":[60],"product_tag":[],"class_list":{"0":"post-1164","1":"product","2":"type-product","3":"status-publish","4":"has-post-thumbnail","6":"product_cat-aquarium-project-locatie-bouw","8":"first","9":"instock","10":"shipping-taxable","11":"product-type-external"},"yoast_head":"<!-- This site is optimized with the Yoast SEO plugin v27.3 - https:\/\/yoast.com\/product\/yoast-seo-wordpress\/ -->\n<title>Aquarium op locatie gemaakt NR1 - Aquaria van Wolferen<\/title>\n<meta name=\"robots\" content=\"index, follow, max-snippet:-1, max-image-preview:large, max-video-preview:-1\" \/>\n<link rel=\"canonical\" href=\"https:\/\/aquariavanwolferen.nl\/es\/producto\/op-locatie-gemaakte-aquariums\/\" \/>\n<meta property=\"og:locale\" content=\"es_ES\" \/>\n<meta property=\"og:type\" content=\"article\" \/>\n<meta property=\"og:title\" content=\"Aquarium op locatie gemaakt NR1 - Aquaria van Wolferen\" \/>\n<meta property=\"og:description\" content=\"Welkom in de wereld van onze op locatie gemaakte aquariums, waar we je meenemen op een unieke reis van creativiteit en vakmanschap. Of je nu een zakelijke omgeving, een commerci\u00eble ruimte of een priv\u00e9woning hebt, wij staan klaar om een adembenemend aquarium te ontwerpen en bouwen dat perfect aansluit bij jouw specifieke behoeften en stijl. Ons toegewijde team van experts&hellip;\" \/>\n<meta property=\"og:url\" content=\"https:\/\/aquariavanwolferen.nl\/es\/producto\/op-locatie-gemaakte-aquariums\/\" \/>\n<meta property=\"og:site_name\" content=\"Aquaria van Wolferen\" \/>\n<meta property=\"article:publisher\" content=\"https:\/\/www.facebook.com\/profile.php?id=100009060239869\" \/>\n<meta property=\"article:modified_time\" content=\"2024-04-23T09:50:17+00:00\" \/>\n<meta property=\"og:image\" content=\"https:\/\/aquariavanwolferen.nl\/wp-content\/uploads\/2023\/06\/IMG_4164D-scaled.jpeg\" \/>\n\t<meta property=\"og:image:width\" content=\"2560\" \/>\n\t<meta property=\"og:image:height\" content=\"1920\" \/>\n\t<meta property=\"og:image:type\" content=\"image\/jpeg\" \/>\n<meta name=\"twitter:card\" content=\"summary_large_image\" \/>\n<meta name=\"twitter:label1\" content=\"Tiempo de lectura\" \/>\n\t<meta name=\"twitter:data1\" content=\"2 minutos\" \/>\n<script type=\"application\/ld+json\" class=\"yoast-schema-graph\">{\"@context\":\"https:\\\/\\\/schema.org\",\"@graph\":[{\"@type\":\"WebPage\",\"@id\":\"https:\\\/\\\/aquariavanwolferen.nl\\\/product\\\/op-locatie-gemaakte-aquariums\\\/\",\"url\":\"https:\\\/\\\/aquariavanwolferen.nl\\\/product\\\/op-locatie-gemaakte-aquariums\\\/\",\"name\":\"Aquarium op locatie gemaakt NR1 - Aquaria van Wolferen\",\"isPartOf\":{\"@id\":\"https:\\\/\\\/aquariavanwolferen.nl\\\/#website\"},\"primaryImageOfPage\":{\"@id\":\"https:\\\/\\\/aquariavanwolferen.nl\\\/product\\\/op-locatie-gemaakte-aquariums\\\/#primaryimage\"},\"image\":{\"@id\":\"https:\\\/\\\/aquariavanwolferen.nl\\\/product\\\/op-locatie-gemaakte-aquariums\\\/#primaryimage\"},\"thumbnailUrl\":\"https:\\\/\\\/i0.wp.com\\\/aquariavanwolferen.nl\\\/wp-content\\\/uploads\\\/2023\\\/06\\\/IMG_4164D-scaled.jpeg?fit=2560%2C1920&ssl=1\",\"datePublished\":\"2023-06-14T18:49:38+00:00\",\"dateModified\":\"2024-04-23T09:50:17+00:00\",\"breadcrumb\":{\"@id\":\"https:\\\/\\\/aquariavanwolferen.nl\\\/product\\\/op-locatie-gemaakte-aquariums\\\/#breadcrumb\"},\"inLanguage\":\"es\",\"potentialAction\":[{\"@type\":\"ReadAction\",\"target\":[\"https:\\\/\\\/aquariavanwolferen.nl\\\/product\\\/op-locatie-gemaakte-aquariums\\\/\"]}]},{\"@type\":\"ImageObject\",\"inLanguage\":\"es\",\"@id\":\"https:\\\/\\\/aquariavanwolferen.nl\\\/product\\\/op-locatie-gemaakte-aquariums\\\/#primaryimage\",\"url\":\"https:\\\/\\\/i0.wp.com\\\/aquariavanwolferen.nl\\\/wp-content\\\/uploads\\\/2023\\\/06\\\/IMG_4164D-scaled.jpeg?fit=2560%2C1920&ssl=1\",\"contentUrl\":\"https:\\\/\\\/i0.wp.com\\\/aquariavanwolferen.nl\\\/wp-content\\\/uploads\\\/2023\\\/06\\\/IMG_4164D-scaled.jpeg?fit=2560%2C1920&ssl=1\",\"width\":2560,\"height\":1920},{\"@type\":\"BreadcrumbList\",\"@id\":\"https:\\\/\\\/aquariavanwolferen.nl\\\/product\\\/op-locatie-gemaakte-aquariums\\\/#breadcrumb\",\"itemListElement\":[{\"@type\":\"ListItem\",\"position\":1,\"name\":\"Home\",\"item\":\"https:\\\/\\\/aquariavanwolferen.nl\\\/\"},{\"@type\":\"ListItem\",\"position\":2,\"name\":\"Ons aanbod\",\"item\":\"https:\\\/\\\/aquariavanwolferen.nl\\\/onsaanbod\\\/\"},{\"@type\":\"ListItem\",\"position\":3,\"name\":\"Aquarium op locatie gemaakt NR1\"}]},{\"@type\":\"WebSite\",\"@id\":\"https:\\\/\\\/aquariavanwolferen.nl\\\/#website\",\"url\":\"https:\\\/\\\/aquariavanwolferen.nl\\\/\",\"name\":\"Aquaria van Wolferen\",\"description\":\"Voor al uw aquarias\",\"publisher\":{\"@id\":\"https:\\\/\\\/aquariavanwolferen.nl\\\/#organization\"},\"potentialAction\":[{\"@type\":\"SearchAction\",\"target\":{\"@type\":\"EntryPoint\",\"urlTemplate\":\"https:\\\/\\\/aquariavanwolferen.nl\\\/?s={search_term_string}\"},\"query-input\":{\"@type\":\"PropertyValueSpecification\",\"valueRequired\":true,\"valueName\":\"search_term_string\"}}],\"inLanguage\":\"es\"},{\"@type\":\"Organization\",\"@id\":\"https:\\\/\\\/aquariavanwolferen.nl\\\/#organization\",\"name\":\"Aquaria van Wolferen\",\"url\":\"https:\\\/\\\/aquariavanwolferen.nl\\\/\",\"logo\":{\"@type\":\"ImageObject\",\"inLanguage\":\"es\",\"@id\":\"https:\\\/\\\/aquariavanwolferen.nl\\\/#\\\/schema\\\/logo\\\/image\\\/\",\"url\":\"https:\\\/\\\/aquariavanwolferen.nl\\\/wp-content\\\/uploads\\\/2023\\\/06\\\/Logo.png\",\"contentUrl\":\"https:\\\/\\\/aquariavanwolferen.nl\\\/wp-content\\\/uploads\\\/2023\\\/06\\\/Logo.png\",\"width\":275,\"height\":121,\"caption\":\"Aquaria van Wolferen\"},\"image\":{\"@id\":\"https:\\\/\\\/aquariavanwolferen.nl\\\/#\\\/schema\\\/logo\\\/image\\\/\"},\"sameAs\":[\"https:\\\/\\\/www.facebook.com\\\/profile.php?id=100009060239869\",\"https:\\\/\\\/www.instagram.com\\\/aquariavanwolferen\\\/\"]}]}<\/script>\n<!-- \/ Yoast SEO plugin. -->","yoast_head_json":{"title":"Aquarium op locatie gemaakt NR1 - Aquaria van Wolferen","robots":{"index":"index","follow":"follow","max-snippet":"max-snippet:-1","max-image-preview":"max-image-preview:large","max-video-preview":"max-video-preview:-1"},"canonical":"https:\/\/aquariavanwolferen.nl\/es\/producto\/op-locatie-gemaakte-aquariums\/","og_locale":"es_ES","og_type":"article","og_title":"Aquarium op locatie gemaakt NR1 - Aquaria van Wolferen","og_description":"Welkom in de wereld van onze op locatie gemaakte aquariums, waar we je meenemen op een unieke reis van creativiteit en vakmanschap. Of je nu een zakelijke omgeving, een commerci\u00eble ruimte of een priv\u00e9woning hebt, wij staan klaar om een adembenemend aquarium te ontwerpen en bouwen dat perfect aansluit bij jouw specifieke behoeften en stijl. Ons toegewijde team van experts&hellip;","og_url":"https:\/\/aquariavanwolferen.nl\/es\/producto\/op-locatie-gemaakte-aquariums\/","og_site_name":"Aquaria van Wolferen","article_publisher":"https:\/\/www.facebook.com\/profile.php?id=100009060239869","article_modified_time":"2024-04-23T09:50:17+00:00","og_image":[{"width":2560,"height":1920,"url":"https:\/\/aquariavanwolferen.nl\/wp-content\/uploads\/2023\/06\/IMG_4164D-scaled.jpeg","type":"image\/jpeg"}],"twitter_card":"summary_large_image","twitter_misc":{"Tiempo de lectura":"2 minutos"},"schema":{"@context":"https:\/\/schema.org","@graph":[{"@type":"WebPage","@id":"https:\/\/aquariavanwolferen.nl\/product\/op-locatie-gemaakte-aquariums\/","url":"https:\/\/aquariavanwolferen.nl\/product\/op-locatie-gemaakte-aquariums\/","name":"Aquarium op locatie gemaakt NR1 - Aquaria van Wolferen","isPartOf":{"@id":"https:\/\/aquariavanwolferen.nl\/#website"},"primaryImageOfPage":{"@id":"https:\/\/aquariavanwolferen.nl\/product\/op-locatie-gemaakte-aquariums\/#primaryimage"},"image":{"@id":"https:\/\/aquariavanwolferen.nl\/product\/op-locatie-gemaakte-aquariums\/#primaryimage"},"thumbnailUrl":"https:\/\/i0.wp.com\/aquariavanwolferen.nl\/wp-content\/uploads\/2023\/06\/IMG_4164D-scaled.jpeg?fit=2560%2C1920&ssl=1","datePublished":"2023-06-14T18:49:38+00:00","dateModified":"2024-04-23T09:50:17+00:00","breadcrumb":{"@id":"https:\/\/aquariavanwolferen.nl\/product\/op-locatie-gemaakte-aquariums\/#breadcrumb"},"inLanguage":"es","potentialAction":[{"@type":"ReadAction","target":["https:\/\/aquariavanwolferen.nl\/product\/op-locatie-gemaakte-aquariums\/"]}]},{"@type":"ImageObject","inLanguage":"es","@id":"https:\/\/aquariavanwolferen.nl\/product\/op-locatie-gemaakte-aquariums\/#primaryimage","url":"https:\/\/i0.wp.com\/aquariavanwolferen.nl\/wp-content\/uploads\/2023\/06\/IMG_4164D-scaled.jpeg?fit=2560%2C1920&ssl=1","contentUrl":"https:\/\/i0.wp.com\/aquariavanwolferen.nl\/wp-content\/uploads\/2023\/06\/IMG_4164D-scaled.jpeg?fit=2560%2C1920&ssl=1","width":2560,"height":1920},{"@type":"BreadcrumbList","@id":"https:\/\/aquariavanwolferen.nl\/product\/op-locatie-gemaakte-aquariums\/#breadcrumb","itemListElement":[{"@type":"ListItem","position":1,"name":"Home","item":"https:\/\/aquariavanwolferen.nl\/"},{"@type":"ListItem","position":2,"name":"Ons aanbod","item":"https:\/\/aquariavanwolferen.nl\/onsaanbod\/"},{"@type":"ListItem","position":3,"name":"Aquarium op locatie gemaakt NR1"}]},{"@type":"WebSite","@id":"https:\/\/aquariavanwolferen.nl\/#website","url":"https:\/\/aquariavanwolferen.nl\/","name":"Acuarios Wolferen","description":"Para todos tus acuarios","publisher":{"@id":"https:\/\/aquariavanwolferen.nl\/#organization"},"potentialAction":[{"@type":"SearchAction","target":{"@type":"EntryPoint","urlTemplate":"https:\/\/aquariavanwolferen.nl\/?s={search_term_string}"},"query-input":{"@type":"PropertyValueSpecification","valueRequired":true,"valueName":"search_term_string"}}],"inLanguage":"es"},{"@type":"Organization","@id":"https:\/\/aquariavanwolferen.nl\/#organization","name":"Acuarios Wolferen","url":"https:\/\/aquariavanwolferen.nl\/","logo":{"@type":"ImageObject","inLanguage":"es","@id":"https:\/\/aquariavanwolferen.nl\/#\/schema\/logo\/image\/","url":"https:\/\/aquariavanwolferen.nl\/wp-content\/uploads\/2023\/06\/Logo.png","contentUrl":"https:\/\/aquariavanwolferen.nl\/wp-content\/uploads\/2023\/06\/Logo.png","width":275,"height":121,"caption":"Aquaria van Wolferen"},"image":{"@id":"https:\/\/aquariavanwolferen.nl\/#\/schema\/logo\/image\/"},"sameAs":["https:\/\/www.facebook.com\/profile.php?id=100009060239869","https:\/\/www.instagram.com\/aquariavanwolferen\/"]}]}},"_links":{"self":[{"href":"https:\/\/aquariavanwolferen.nl\/es\/wp-json\/wp\/v2\/product\/1164","targetHints":{"allow":["GET"]}}],"collection":[{"href":"https:\/\/aquariavanwolferen.nl\/es\/wp-json\/wp\/v2\/product"}],"about":[{"href":"https:\/\/aquariavanwolferen.nl\/es\/wp-json\/wp\/v2\/types\/product"}],"wp:featuredmedia":[{"embeddable":true,"href":"https:\/\/aquariavanwolferen.nl\/es\/wp-json\/wp\/v2\/media\/1168"}],"wp:attachment":[{"href":"https:\/\/aquariavanwolferen.nl\/es\/wp-json\/wp\/v2\/media?parent=1164"}],"wp:term":[{"taxonomy":"product_brand","embeddable":true,"href":"https:\/\/aquariavanwolferen.nl\/es\/wp-json\/wp\/v2\/product_brand?post=1164"},{"taxonomy":"product_cat","embeddable":true,"href":"https:\/\/aquariavanwolferen.nl\/es\/wp-json\/wp\/v2\/product_cat?post=1164"},{"taxonomy":"product_tag","embeddable":true,"href":"https:\/\/aquariavanwolferen.nl\/es\/wp-json\/wp\/v2\/product_tag?post=1164"}],"curies":[{"name":"wp","href":"https:\/\/api.w.org\/{rel}","templated":true}]}}