{"id":1157,"date":"2023-06-14T18:35:03","date_gmt":"2023-06-14T18:35:03","guid":{"rendered":"https:\/\/aquariavanwolferen.nl\/?post_type=product&#038;p=1157"},"modified":"2023-06-20T21:22:15","modified_gmt":"2023-06-20T21:22:15","slug":"aquarium-vrijstaand","status":"publish","type":"product","link":"https:\/\/aquariavanwolferen.nl\/es\/product\/aquarium-vrijstaand\/","title":{"rendered":"Acuario independiente n\u00ba 3"},"content":{"rendered":"<p>Descubra nuestro acuario casero \u00fanico, una obra maestra de creatividad y artesan\u00eda. Con atenci\u00f3n al detalle y amor por la belleza acu\u00e1tica, hemos creado un acuario que proporciona un entorno hermoso y sereno para su mundo submarino. D\u00e9jese encantar por el peculiar encanto de nuestro acuario hecho a mano y disfrute de la magia de la vida acu\u00e1tica en su propia casa.<\/p>","protected":false},"excerpt":{"rendered":"<p>Descubra nuestro acuario casero \u00fanico, una obra maestra de creatividad y artesan\u00eda. Con atenci\u00f3n al detalle y amor por la belleza acu\u00e1tica, hemos creado un acuario que proporciona un entorno hermoso y sereno para su mundo submarino. D\u00e9jese encantar por el peculiar encanto de nuestro acuario hecho a mano y disfrute de la magia de la vida acu\u00e1tica en su propia casa.<\/p>","protected":false},"featured_media":1116,"template":"","meta":[],"product_brand":[],"product_cat":[51],"product_tag":[],"class_list":{"0":"post-1157","1":"product","2":"type-product","3":"status-publish","4":"has-post-thumbnail","6":"product_cat-aquaria-met-kap-meubel-dibond","8":"first","9":"instock","10":"shipping-taxable","11":"product-type-external"},"yoast_head":"<!-- This site is optimized with the Yoast SEO plugin v27.4 - https:\/\/yoast.com\/product\/yoast-seo-wordpress\/ -->\n<title>Aquarium vrijstaand nr 3 - Aquaria van Wolferen<\/title>\n<meta name=\"robots\" content=\"index, follow, max-snippet:-1, max-image-preview:large, max-video-preview:-1\" \/>\n<link rel=\"canonical\" href=\"https:\/\/aquariavanwolferen.nl\/es\/producto\/aquarium-vrijstaand\/\" \/>\n<meta property=\"og:locale\" content=\"es_ES\" \/>\n<meta property=\"og:type\" content=\"article\" \/>\n<meta property=\"og:title\" content=\"Aquarium vrijstaand nr 3 - Aquaria van Wolferen\" \/>\n<meta property=\"og:description\" content=\"Ontdek onze unieke zelfgemaakte aquarium, een meesterwerk van creativiteit en vakmanschap. Met oog voor detail en liefde voor aquatische schoonheid hebben wij een aquarium gecre\u00eberd dat een prachtige en serene omgeving biedt voor jouw onderwaterwereld. Laat je betoveren door de eigenzinnige charme van ons handgemaakte aquarium en geniet van de magie van het aquatische leven in jouw eigen huis.\" \/>\n<meta property=\"og:url\" content=\"https:\/\/aquariavanwolferen.nl\/es\/producto\/aquarium-vrijstaand\/\" \/>\n<meta property=\"og:site_name\" content=\"Aquaria van Wolferen\" \/>\n<meta property=\"article:publisher\" content=\"https:\/\/www.facebook.com\/profile.php?id=100009060239869\" \/>\n<meta property=\"article:modified_time\" content=\"2023-06-20T21:22:15+00:00\" \/>\n<meta property=\"og:image\" content=\"https:\/\/aquariavanwolferen.nl\/wp-content\/uploads\/2023\/06\/IMG_3448-scaled.jpeg\" \/>\n\t<meta property=\"og:image:width\" content=\"2560\" \/>\n\t<meta property=\"og:image:height\" content=\"1920\" \/>\n\t<meta property=\"og:image:type\" content=\"image\/jpeg\" \/>\n<meta name=\"twitter:card\" content=\"summary_large_image\" \/>\n<script type=\"application\/ld+json\" class=\"yoast-schema-graph\">{\"@context\":\"https:\\\/\\\/schema.org\",\"@graph\":[{\"@type\":\"WebPage\",\"@id\":\"https:\\\/\\\/aquariavanwolferen.nl\\\/product\\\/aquarium-vrijstaand\\\/\",\"url\":\"https:\\\/\\\/aquariavanwolferen.nl\\\/product\\\/aquarium-vrijstaand\\\/\",\"name\":\"Aquarium vrijstaand nr 3 - Aquaria van Wolferen\",\"isPartOf\":{\"@id\":\"https:\\\/\\\/aquariavanwolferen.nl\\\/#website\"},\"primaryImageOfPage\":{\"@id\":\"https:\\\/\\\/aquariavanwolferen.nl\\\/product\\\/aquarium-vrijstaand\\\/#primaryimage\"},\"image\":{\"@id\":\"https:\\\/\\\/aquariavanwolferen.nl\\\/product\\\/aquarium-vrijstaand\\\/#primaryimage\"},\"thumbnailUrl\":\"https:\\\/\\\/i0.wp.com\\\/aquariavanwolferen.nl\\\/wp-content\\\/uploads\\\/2023\\\/06\\\/IMG_3448-scaled.jpeg?fit=2560%2C1920&ssl=1\",\"datePublished\":\"2023-06-14T18:35:03+00:00\",\"dateModified\":\"2023-06-20T21:22:15+00:00\",\"breadcrumb\":{\"@id\":\"https:\\\/\\\/aquariavanwolferen.nl\\\/product\\\/aquarium-vrijstaand\\\/#breadcrumb\"},\"inLanguage\":\"es\",\"potentialAction\":[{\"@type\":\"ReadAction\",\"target\":[\"https:\\\/\\\/aquariavanwolferen.nl\\\/product\\\/aquarium-vrijstaand\\\/\"]}]},{\"@type\":\"ImageObject\",\"inLanguage\":\"es\",\"@id\":\"https:\\\/\\\/aquariavanwolferen.nl\\\/product\\\/aquarium-vrijstaand\\\/#primaryimage\",\"url\":\"https:\\\/\\\/i0.wp.com\\\/aquariavanwolferen.nl\\\/wp-content\\\/uploads\\\/2023\\\/06\\\/IMG_3448-scaled.jpeg?fit=2560%2C1920&ssl=1\",\"contentUrl\":\"https:\\\/\\\/i0.wp.com\\\/aquariavanwolferen.nl\\\/wp-content\\\/uploads\\\/2023\\\/06\\\/IMG_3448-scaled.jpeg?fit=2560%2C1920&ssl=1\",\"width\":2560,\"height\":1920},{\"@type\":\"BreadcrumbList\",\"@id\":\"https:\\\/\\\/aquariavanwolferen.nl\\\/product\\\/aquarium-vrijstaand\\\/#breadcrumb\",\"itemListElement\":[{\"@type\":\"ListItem\",\"position\":1,\"name\":\"Home\",\"item\":\"https:\\\/\\\/aquariavanwolferen.nl\\\/\"},{\"@type\":\"ListItem\",\"position\":2,\"name\":\"Ons aanbod\",\"item\":\"https:\\\/\\\/aquariavanwolferen.nl\\\/onsaanbod\\\/\"},{\"@type\":\"ListItem\",\"position\":3,\"name\":\"Aquarium vrijstaand nr 3\"}]},{\"@type\":\"WebSite\",\"@id\":\"https:\\\/\\\/aquariavanwolferen.nl\\\/#website\",\"url\":\"https:\\\/\\\/aquariavanwolferen.nl\\\/\",\"name\":\"Aquaria van Wolferen\",\"description\":\"Voor al uw aquarias\",\"publisher\":{\"@id\":\"https:\\\/\\\/aquariavanwolferen.nl\\\/#organization\"},\"potentialAction\":[{\"@type\":\"SearchAction\",\"target\":{\"@type\":\"EntryPoint\",\"urlTemplate\":\"https:\\\/\\\/aquariavanwolferen.nl\\\/?s={search_term_string}\"},\"query-input\":{\"@type\":\"PropertyValueSpecification\",\"valueRequired\":true,\"valueName\":\"search_term_string\"}}],\"inLanguage\":\"es\"},{\"@type\":\"Organization\",\"@id\":\"https:\\\/\\\/aquariavanwolferen.nl\\\/#organization\",\"name\":\"Aquaria van Wolferen\",\"url\":\"https:\\\/\\\/aquariavanwolferen.nl\\\/\",\"logo\":{\"@type\":\"ImageObject\",\"inLanguage\":\"es\",\"@id\":\"https:\\\/\\\/aquariavanwolferen.nl\\\/#\\\/schema\\\/logo\\\/image\\\/\",\"url\":\"https:\\\/\\\/aquariavanwolferen.nl\\\/wp-content\\\/uploads\\\/2023\\\/06\\\/Logo.png\",\"contentUrl\":\"https:\\\/\\\/aquariavanwolferen.nl\\\/wp-content\\\/uploads\\\/2023\\\/06\\\/Logo.png\",\"width\":275,\"height\":121,\"caption\":\"Aquaria van Wolferen\"},\"image\":{\"@id\":\"https:\\\/\\\/aquariavanwolferen.nl\\\/#\\\/schema\\\/logo\\\/image\\\/\"},\"sameAs\":[\"https:\\\/\\\/www.facebook.com\\\/profile.php?id=100009060239869\",\"https:\\\/\\\/www.instagram.com\\\/aquariavanwolferen\\\/\"]}]}<\/script>\n<!-- \/ Yoast SEO plugin. -->","yoast_head_json":{"title":"Aquarium vrijstaand nr 3 - Aquaria van Wolferen","robots":{"index":"index","follow":"follow","max-snippet":"max-snippet:-1","max-image-preview":"max-image-preview:large","max-video-preview":"max-video-preview:-1"},"canonical":"https:\/\/aquariavanwolferen.nl\/es\/producto\/aquarium-vrijstaand\/","og_locale":"es_ES","og_type":"article","og_title":"Aquarium vrijstaand nr 3 - Aquaria van Wolferen","og_description":"Ontdek onze unieke zelfgemaakte aquarium, een meesterwerk van creativiteit en vakmanschap. Met oog voor detail en liefde voor aquatische schoonheid hebben wij een aquarium gecre\u00eberd dat een prachtige en serene omgeving biedt voor jouw onderwaterwereld. Laat je betoveren door de eigenzinnige charme van ons handgemaakte aquarium en geniet van de magie van het aquatische leven in jouw eigen huis.","og_url":"https:\/\/aquariavanwolferen.nl\/es\/producto\/aquarium-vrijstaand\/","og_site_name":"Aquaria van Wolferen","article_publisher":"https:\/\/www.facebook.com\/profile.php?id=100009060239869","article_modified_time":"2023-06-20T21:22:15+00:00","og_image":[{"width":2560,"height":1920,"url":"https:\/\/aquariavanwolferen.nl\/wp-content\/uploads\/2023\/06\/IMG_3448-scaled.jpeg","type":"image\/jpeg"}],"twitter_card":"summary_large_image","schema":{"@context":"https:\/\/schema.org","@graph":[{"@type":"WebPage","@id":"https:\/\/aquariavanwolferen.nl\/product\/aquarium-vrijstaand\/","url":"https:\/\/aquariavanwolferen.nl\/product\/aquarium-vrijstaand\/","name":"Aquarium vrijstaand nr 3 - Aquaria van Wolferen","isPartOf":{"@id":"https:\/\/aquariavanwolferen.nl\/#website"},"primaryImageOfPage":{"@id":"https:\/\/aquariavanwolferen.nl\/product\/aquarium-vrijstaand\/#primaryimage"},"image":{"@id":"https:\/\/aquariavanwolferen.nl\/product\/aquarium-vrijstaand\/#primaryimage"},"thumbnailUrl":"https:\/\/i0.wp.com\/aquariavanwolferen.nl\/wp-content\/uploads\/2023\/06\/IMG_3448-scaled.jpeg?fit=2560%2C1920&ssl=1","datePublished":"2023-06-14T18:35:03+00:00","dateModified":"2023-06-20T21:22:15+00:00","breadcrumb":{"@id":"https:\/\/aquariavanwolferen.nl\/product\/aquarium-vrijstaand\/#breadcrumb"},"inLanguage":"es","potentialAction":[{"@type":"ReadAction","target":["https:\/\/aquariavanwolferen.nl\/product\/aquarium-vrijstaand\/"]}]},{"@type":"ImageObject","inLanguage":"es","@id":"https:\/\/aquariavanwolferen.nl\/product\/aquarium-vrijstaand\/#primaryimage","url":"https:\/\/i0.wp.com\/aquariavanwolferen.nl\/wp-content\/uploads\/2023\/06\/IMG_3448-scaled.jpeg?fit=2560%2C1920&ssl=1","contentUrl":"https:\/\/i0.wp.com\/aquariavanwolferen.nl\/wp-content\/uploads\/2023\/06\/IMG_3448-scaled.jpeg?fit=2560%2C1920&ssl=1","width":2560,"height":1920},{"@type":"BreadcrumbList","@id":"https:\/\/aquariavanwolferen.nl\/product\/aquarium-vrijstaand\/#breadcrumb","itemListElement":[{"@type":"ListItem","position":1,"name":"Home","item":"https:\/\/aquariavanwolferen.nl\/"},{"@type":"ListItem","position":2,"name":"Ons aanbod","item":"https:\/\/aquariavanwolferen.nl\/onsaanbod\/"},{"@type":"ListItem","position":3,"name":"Aquarium vrijstaand nr 3"}]},{"@type":"WebSite","@id":"https:\/\/aquariavanwolferen.nl\/#website","url":"https:\/\/aquariavanwolferen.nl\/","name":"Acuarios Wolferen","description":"Para todos tus acuarios","publisher":{"@id":"https:\/\/aquariavanwolferen.nl\/#organization"},"potentialAction":[{"@type":"SearchAction","target":{"@type":"EntryPoint","urlTemplate":"https:\/\/aquariavanwolferen.nl\/?s={search_term_string}"},"query-input":{"@type":"PropertyValueSpecification","valueRequired":true,"valueName":"search_term_string"}}],"inLanguage":"es"},{"@type":"Organization","@id":"https:\/\/aquariavanwolferen.nl\/#organization","name":"Acuarios Wolferen","url":"https:\/\/aquariavanwolferen.nl\/","logo":{"@type":"ImageObject","inLanguage":"es","@id":"https:\/\/aquariavanwolferen.nl\/#\/schema\/logo\/image\/","url":"https:\/\/aquariavanwolferen.nl\/wp-content\/uploads\/2023\/06\/Logo.png","contentUrl":"https:\/\/aquariavanwolferen.nl\/wp-content\/uploads\/2023\/06\/Logo.png","width":275,"height":121,"caption":"Aquaria van Wolferen"},"image":{"@id":"https:\/\/aquariavanwolferen.nl\/#\/schema\/logo\/image\/"},"sameAs":["https:\/\/www.facebook.com\/profile.php?id=100009060239869","https:\/\/www.instagram.com\/aquariavanwolferen\/"]}]}},"_links":{"self":[{"href":"https:\/\/aquariavanwolferen.nl\/es\/wp-json\/wp\/v2\/product\/1157","targetHints":{"allow":["GET"]}}],"collection":[{"href":"https:\/\/aquariavanwolferen.nl\/es\/wp-json\/wp\/v2\/product"}],"about":[{"href":"https:\/\/aquariavanwolferen.nl\/es\/wp-json\/wp\/v2\/types\/product"}],"wp:featuredmedia":[{"embeddable":true,"href":"https:\/\/aquariavanwolferen.nl\/es\/wp-json\/wp\/v2\/media\/1116"}],"wp:attachment":[{"href":"https:\/\/aquariavanwolferen.nl\/es\/wp-json\/wp\/v2\/media?parent=1157"}],"wp:term":[{"taxonomy":"product_brand","embeddable":true,"href":"https:\/\/aquariavanwolferen.nl\/es\/wp-json\/wp\/v2\/product_brand?post=1157"},{"taxonomy":"product_cat","embeddable":true,"href":"https:\/\/aquariavanwolferen.nl\/es\/wp-json\/wp\/v2\/product_cat?post=1157"},{"taxonomy":"product_tag","embeddable":true,"href":"https:\/\/aquariavanwolferen.nl\/es\/wp-json\/wp\/v2\/product_tag?post=1157"}],"curies":[{"name":"wp","href":"https:\/\/api.w.org\/{rel}","templated":true}]}}