{"id":1268,"date":"2023-06-15T18:02:23","date_gmt":"2023-06-15T18:02:23","guid":{"rendered":"https:\/\/aquariavanwolferen.nl\/?page_id=1268"},"modified":"2026-04-24T08:00:06","modified_gmt":"2026-04-24T08:00:06","slug":"prijzen","status":"publish","type":"page","link":"https:\/\/aquariavanwolferen.nl\/es\/prijzen\/","title":{"rendered":"Precios"},"content":{"rendered":"<section class=\"wpb-content-wrapper\"><div class=\"vc_row wpb_row vc_row-fluid\"><div class=\"wpb_column vc_column_container vc_col-sm-12 sc_layouts_column_icons_position_left\"><div class=\"vc_column-inner\"><div class=\"wpb_wrapper\"><div id=\"sc_title_1470437819\"\n\t\tclass=\"sc_title sc_title_default\"><h3 class=\"sc_item_title sc_title_title sc_align_left sc_item_title_style_default\">Precios personalizados<\/h3><\/div><!-- \/.sc_title --><\/div><\/div><\/div><\/div><div class=\"vc_row wpb_row vc_row-fluid\"><div class=\"wpb_column vc_column_container vc_col-sm-12 sc_layouts_column_icons_position_left\"><div class=\"vc_column-inner\"><div class=\"wpb_wrapper\"><div class=\"vc_empty_space  height_tiny\"   style=\"height: 32px\"><span class=\"vc_empty_space_inner\"><\/span><\/div>\n\t<div class=\"wpb_text_column wpb_content_element\" >\n\t\t<div class=\"wpb_wrapper\">\n\t\t\t<p>Acelerador a fondo \/ Dibond<br \/>\nOnderstaand kunt u ons complete assortiment van standaard volglas aquaria vinden en de mogelijkheden daarbij.<\/p>\n<p><strong>Daarnaast bouwen wij ook uw gewenste aquarium op maat, met bijbehorende aanpassingen.( deze dient u op te vragen via offerte formulier)<\/strong><\/p>\n<p>De op maat gemaakte aquaria zijn kwalitatief hoogwaardig, daarnaast professioneel gelijmd en handmatig geschuurd waardoor de scherpe kanten eraf zijn, op aanvraag bieden we ook poly slijpen aan. dit betekend dat de ruiten machinaal geslepen worden en worden voorzien van een klein facet randje zodat de afwerking verfijnt is.<br \/>\nPara la cubierta de la l\u00e1mpara se utiliza Dibond de 3 mm o madera de 18 mm. La altura del acuario incluye una cubierta luminosa de +\/- 10 cm.<br \/>\nLos precios indicados para dibond est\u00e1n basados en acabado blanco o negro. Si prefieres otros colores, esto tambi\u00e9n es posible, con un coste adicional de 15% sobre el total. Estos colores adicionales son antracita, aspecto acero inoxidable\/aluminio.<br \/>\nPara madera laminada podemos suministrar casi cualquier motivo (de madera) o color RAL, estos est\u00e1n disponibles bajo pedido.<br \/>\nPara la construcci\u00f3n de viviendas de lujo podemos pintar casi cualquier color RAL, por lo que ofrecemos una amplia variedad de opciones, precios a consultar.<br \/>\nCobramos una tarifa adicional por:<br \/>\n\u2013 Tener poli afilado<br \/>\n- Para perforar agujeros<br \/>\n\u2013 Vidrio negro para el rellano.<br \/>\n\u2013 Un tratamiento para el marco contra la oxidaci\u00f3n mediante Brantho-Korrux.<br \/>\n\u2013 Tambi\u00e9n es posible una estructura de acero inoxidable.<\/p>\n<p>Si tiene m\u00e1s o diferentes deseos para el acuario, puede indicarlo por correo electr\u00f3nico o por tel\u00e9fono.<\/p>\n<p>EXPLICACI\u00d3N DE PRECIOS:<br \/>\nEl acuario desnudo es la primera columna.<br \/>\nSi quieres un acuario con capota, es la 2\u00aa columna.<br \/>\nSi desea un conjunto completo, se suman las columnas 2.\u00aa y 3.\u00aa.<br \/>\n<span style=\"color: #ff0000;\"><strong><a style=\"color: #ff0000;\" href=\"https:\/\/aquariavanwolferen.nl\/wp-content\/uploads\/2023\/06\/prijzenlijst.pdf\">Haga clic aqu\u00ed para descargar la lista de precios o mire a continuaci\u00f3n.<\/a><\/strong><\/span><\/p>\n\n\t\t<\/div>\n\t<\/div>\n<div class=\"vc_empty_space  height_tiny\"   style=\"height: 32px\"><span class=\"vc_empty_space_inner\"><\/span><\/div><div id=\"sc_table_1437903504_wrap\" class=\"sc_table_wrap\"><div id=\"sc_table_1437903504\"\n\t\t\tclass=\"sc_table sc_table_default\" style=\"width:100%;\"><\/p>\n<table style=\"border-collapse: collapse; width: 100%;\" border=\"1\">\n<thead>\n<tr>\n<th>Maat (cm)<\/th>\n<th>Dikte<\/th>\n<th>Kaal Aquarium (\u20ac)<\/th>\n<th>Kaal Aquarium met kap (\u20ac)<\/th>\n<th>Los meubel (\u20ac)<\/th>\n<\/tr>\n<\/thead>\n<tbody>\n<tr>\n<td>80 x 40 x 40<\/td>\n<td>6mm<\/td>\n<td>65<\/td>\n<td>220<\/td>\n<td>325<\/td>\n<\/tr>\n<tr>\n<td>80 x 40 x 50<\/td>\n<td>8mm<\/td>\n<td>115<\/td>\n<td>265<\/td>\n<td>350<\/td>\n<\/tr>\n<tr>\n<td>100 x 40 x 40<\/td>\n<td>6mm<\/td>\n<td>90<\/td>\n<td>275<\/td>\n<td>350<\/td>\n<\/tr>\n<tr>\n<td>100 x 40 x 50<\/td>\n<td>8mm<\/td>\n<td>135<\/td>\n<td>295<\/td>\n<td>350<\/td>\n<\/tr>\n<tr>\n<td>100 x 50 x 50<\/td>\n<td>8mm<\/td>\n<td>155<\/td>\n<td>340<\/td>\n<td>375<\/td>\n<\/tr>\n<tr>\n<td>100 x 50 x 60<\/td>\n<td>10mm<\/td>\n<td>195<\/td>\n<td>390<\/td>\n<td>375<\/td>\n<\/tr>\n<tr>\n<td>130 x 40 x 40<\/td>\n<td>8mm<\/td>\n<td>190<\/td>\n<td>390<\/td>\n<td>395<\/td>\n<\/tr>\n<tr>\n<td>130 x 40 x 50<\/td>\n<td>8mm<\/td>\n<td>225<\/td>\n<td>415<\/td>\n<td>395<\/td>\n<\/tr>\n<tr>\n<td>130 x 50 x 50<\/td>\n<td>8mm<\/td>\n<td>250<\/td>\n<td>450<\/td>\n<td>425<\/td>\n<\/tr>\n<tr>\n<td>130 x 50 x 60<\/td>\n<td>10mm<\/td>\n<td>290<\/td>\n<td>480<\/td>\n<td>425<\/td>\n<\/tr>\n<tr>\n<td>160 x 40 x 40<\/td>\n<td>8mm<\/td>\n<td>225<\/td>\n<td>495<\/td>\n<td>495<\/td>\n<\/tr>\n<tr>\n<td>160 x 40 x 50<\/td>\n<td>8mm<\/td>\n<td>245<\/td>\n<td>515<\/td>\n<td>495<\/td>\n<\/tr>\n<tr>\n<td>160 x 50 x 50<\/td>\n<td>8mm<\/td>\n<td>325<\/td>\n<td>595<\/td>\n<td>495<\/td>\n<\/tr>\n<tr>\n<td>160 x 50 x 60<\/td>\n<td>10mm<\/td>\n<td>335<\/td>\n<td>595<\/td>\n<td>495<\/td>\n<\/tr>\n<tr>\n<td>160 x 60 x 60<\/td>\n<td>10mm<\/td>\n<td>360<\/td>\n<td>650<\/td>\n<td>575<\/td>\n<\/tr>\n<tr>\n<td>200 x 50 x 50<\/td>\n<td>8mm<\/td>\n<td>325<\/td>\n<td>650<\/td>\n<td>625<\/td>\n<\/tr>\n<tr>\n<td>200 x 50 x 60<\/td>\n<td>10mm<\/td>\n<td>425<\/td>\n<td>725<\/td>\n<td>675<\/td>\n<\/tr>\n<tr>\n<td>200 x 60 x 60<\/td>\n<td>10mm<\/td>\n<td>475<\/td>\n<td>795<\/td>\n<td>695<\/td>\n<\/tr>\n<tr>\n<td>200 x 70 x 70<\/td>\n<td>12mm<\/td>\n<td>850<\/td>\n<td>1250<\/td>\n<td>775<\/td>\n<\/tr>\n<tr>\n<td>250 x 50 x 50<\/td>\n<td>10mm<\/td>\n<td>525<\/td>\n<td>975<\/td>\n<td>775<\/td>\n<\/tr>\n<tr>\n<td>250 x 50 x 60<\/td>\n<td>10mm<\/td>\n<td>575<\/td>\n<td>1075<\/td>\n<td>795<\/td>\n<\/tr>\n<tr>\n<td>250 x 60 x 60<\/td>\n<td>10mm<\/td>\n<td>575<\/td>\n<td>1095<\/td>\n<td>795<\/td>\n<\/tr>\n<tr>\n<td>250 x 70 x 70<\/td>\n<td>12mm<\/td>\n<td>1125<\/td>\n<td>1595<\/td>\n<td>795<\/td>\n<\/tr>\n<tr>\n<td>300 x 50 x 50<\/td>\n<td>10mm<\/td>\n<td>695<\/td>\n<td>1295<\/td>\n<td>895<\/td>\n<\/tr>\n<tr>\n<td>300 x 60 x 60<\/td>\n<td>10mm<\/td>\n<td>750<\/td>\n<td>1395<\/td>\n<td>925<\/td>\n<\/tr>\n<tr>\n<td>300 x 70 x 70<\/td>\n<td>12mm<\/td>\n<td>1295<\/td>\n<td>1795<\/td>\n<td>975<\/td>\n<\/tr>\n<\/tbody>\n<\/table>\n<p><\/div><\/div><!-- \/.sc_table_wrap --><div class=\"vc_empty_space  height_tiny\"   style=\"height: 32px\"><span class=\"vc_empty_space_inner\"><\/span><\/div><\/div><\/div><\/div><\/div>\n<\/section>","protected":false},"excerpt":{"rendered":"Prijzen op maat Volgas \/\u00a0 Dibond Onderstaand kunt u ons complete assortiment van standaard volglas aquaria vinden en de mogelijkheden daarbij. Daarnaast bouwen wij ook uw gewenste aquarium op maat, met bijbehorende aanpassingen.( deze dient u op te vragen via offerte formulier) De op maat gemaakte aquaria zijn kwalitatief hoogwaardig, daarnaast professioneel gelijmd en handmatig geschuurd waardoor de scherpe kanten&hellip;","protected":false},"author":1,"featured_media":0,"parent":0,"menu_order":0,"comment_status":"closed","ping_status":"closed","template":"","meta":{"footnotes":""},"class_list":["post-1268","page","type-page","status-publish","hentry"],"yoast_head":"<!-- This site is optimized with the Yoast SEO plugin v27.4 - https:\/\/yoast.com\/product\/yoast-seo-wordpress\/ -->\n<title>Prijzen - Aquaria van Wolferen<\/title>\n<meta name=\"robots\" content=\"index, follow, max-snippet:-1, max-image-preview:large, max-video-preview:-1\" \/>\n<link rel=\"canonical\" href=\"https:\/\/aquariavanwolferen.nl\/es\/prijzen\/\" \/>\n<meta property=\"og:locale\" content=\"es_ES\" \/>\n<meta property=\"og:type\" content=\"article\" \/>\n<meta property=\"og:title\" content=\"Prijzen - Aquaria van Wolferen\" \/>\n<meta property=\"og:url\" content=\"https:\/\/aquariavanwolferen.nl\/es\/prijzen\/\" \/>\n<meta property=\"og:site_name\" content=\"Aquaria van Wolferen\" \/>\n<meta property=\"article:publisher\" content=\"https:\/\/www.facebook.com\/profile.php?id=100009060239869\" \/>\n<meta property=\"article:modified_time\" content=\"2026-04-24T08:00:06+00:00\" \/>\n<meta name=\"twitter:card\" content=\"summary_large_image\" \/>\n<meta name=\"twitter:label1\" content=\"Tiempo de lectura\" \/>\n\t<meta name=\"twitter:data1\" content=\"3 minutos\" \/>\n<script type=\"application\/ld+json\" class=\"yoast-schema-graph\">{\"@context\":\"https:\\\/\\\/schema.org\",\"@graph\":[{\"@type\":\"WebPage\",\"@id\":\"https:\\\/\\\/aquariavanwolferen.nl\\\/prijzen\\\/\",\"url\":\"https:\\\/\\\/aquariavanwolferen.nl\\\/prijzen\\\/\",\"name\":\"Prijzen - Aquaria van Wolferen\",\"isPartOf\":{\"@id\":\"https:\\\/\\\/aquariavanwolferen.nl\\\/#website\"},\"datePublished\":\"2023-06-15T18:02:23+00:00\",\"dateModified\":\"2026-04-24T08:00:06+00:00\",\"breadcrumb\":{\"@id\":\"https:\\\/\\\/aquariavanwolferen.nl\\\/prijzen\\\/#breadcrumb\"},\"inLanguage\":\"es\",\"potentialAction\":[{\"@type\":\"ReadAction\",\"target\":[\"https:\\\/\\\/aquariavanwolferen.nl\\\/prijzen\\\/\"]}]},{\"@type\":\"BreadcrumbList\",\"@id\":\"https:\\\/\\\/aquariavanwolferen.nl\\\/prijzen\\\/#breadcrumb\",\"itemListElement\":[{\"@type\":\"ListItem\",\"position\":1,\"name\":\"Home\",\"item\":\"https:\\\/\\\/aquariavanwolferen.nl\\\/\"},{\"@type\":\"ListItem\",\"position\":2,\"name\":\"Prijzen\"}]},{\"@type\":\"WebSite\",\"@id\":\"https:\\\/\\\/aquariavanwolferen.nl\\\/#website\",\"url\":\"https:\\\/\\\/aquariavanwolferen.nl\\\/\",\"name\":\"Aquaria van Wolferen\",\"description\":\"Voor al uw aquarias\",\"publisher\":{\"@id\":\"https:\\\/\\\/aquariavanwolferen.nl\\\/#organization\"},\"potentialAction\":[{\"@type\":\"SearchAction\",\"target\":{\"@type\":\"EntryPoint\",\"urlTemplate\":\"https:\\\/\\\/aquariavanwolferen.nl\\\/?s={search_term_string}\"},\"query-input\":{\"@type\":\"PropertyValueSpecification\",\"valueRequired\":true,\"valueName\":\"search_term_string\"}}],\"inLanguage\":\"es\"},{\"@type\":\"Organization\",\"@id\":\"https:\\\/\\\/aquariavanwolferen.nl\\\/#organization\",\"name\":\"Aquaria van Wolferen\",\"url\":\"https:\\\/\\\/aquariavanwolferen.nl\\\/\",\"logo\":{\"@type\":\"ImageObject\",\"inLanguage\":\"es\",\"@id\":\"https:\\\/\\\/aquariavanwolferen.nl\\\/#\\\/schema\\\/logo\\\/image\\\/\",\"url\":\"https:\\\/\\\/aquariavanwolferen.nl\\\/wp-content\\\/uploads\\\/2023\\\/06\\\/Logo.png\",\"contentUrl\":\"https:\\\/\\\/aquariavanwolferen.nl\\\/wp-content\\\/uploads\\\/2023\\\/06\\\/Logo.png\",\"width\":275,\"height\":121,\"caption\":\"Aquaria van Wolferen\"},\"image\":{\"@id\":\"https:\\\/\\\/aquariavanwolferen.nl\\\/#\\\/schema\\\/logo\\\/image\\\/\"},\"sameAs\":[\"https:\\\/\\\/www.facebook.com\\\/profile.php?id=100009060239869\",\"https:\\\/\\\/www.instagram.com\\\/aquariavanwolferen\\\/\"]}]}<\/script>\n<!-- \/ Yoast SEO plugin. -->","yoast_head_json":{"title":"Prijzen - Aquaria van Wolferen","robots":{"index":"index","follow":"follow","max-snippet":"max-snippet:-1","max-image-preview":"max-image-preview:large","max-video-preview":"max-video-preview:-1"},"canonical":"https:\/\/aquariavanwolferen.nl\/es\/prijzen\/","og_locale":"es_ES","og_type":"article","og_title":"Prijzen - Aquaria van Wolferen","og_url":"https:\/\/aquariavanwolferen.nl\/es\/prijzen\/","og_site_name":"Aquaria van Wolferen","article_publisher":"https:\/\/www.facebook.com\/profile.php?id=100009060239869","article_modified_time":"2026-04-24T08:00:06+00:00","twitter_card":"summary_large_image","twitter_misc":{"Tiempo de lectura":"3 minutos"},"schema":{"@context":"https:\/\/schema.org","@graph":[{"@type":"WebPage","@id":"https:\/\/aquariavanwolferen.nl\/prijzen\/","url":"https:\/\/aquariavanwolferen.nl\/prijzen\/","name":"Prijzen - Aquaria van Wolferen","isPartOf":{"@id":"https:\/\/aquariavanwolferen.nl\/#website"},"datePublished":"2023-06-15T18:02:23+00:00","dateModified":"2026-04-24T08:00:06+00:00","breadcrumb":{"@id":"https:\/\/aquariavanwolferen.nl\/prijzen\/#breadcrumb"},"inLanguage":"es","potentialAction":[{"@type":"ReadAction","target":["https:\/\/aquariavanwolferen.nl\/prijzen\/"]}]},{"@type":"BreadcrumbList","@id":"https:\/\/aquariavanwolferen.nl\/prijzen\/#breadcrumb","itemListElement":[{"@type":"ListItem","position":1,"name":"Home","item":"https:\/\/aquariavanwolferen.nl\/"},{"@type":"ListItem","position":2,"name":"Prijzen"}]},{"@type":"WebSite","@id":"https:\/\/aquariavanwolferen.nl\/#website","url":"https:\/\/aquariavanwolferen.nl\/","name":"Acuarios Wolferen","description":"Para todos tus acuarios","publisher":{"@id":"https:\/\/aquariavanwolferen.nl\/#organization"},"potentialAction":[{"@type":"SearchAction","target":{"@type":"EntryPoint","urlTemplate":"https:\/\/aquariavanwolferen.nl\/?s={search_term_string}"},"query-input":{"@type":"PropertyValueSpecification","valueRequired":true,"valueName":"search_term_string"}}],"inLanguage":"es"},{"@type":"Organization","@id":"https:\/\/aquariavanwolferen.nl\/#organization","name":"Acuarios Wolferen","url":"https:\/\/aquariavanwolferen.nl\/","logo":{"@type":"ImageObject","inLanguage":"es","@id":"https:\/\/aquariavanwolferen.nl\/#\/schema\/logo\/image\/","url":"https:\/\/aquariavanwolferen.nl\/wp-content\/uploads\/2023\/06\/Logo.png","contentUrl":"https:\/\/aquariavanwolferen.nl\/wp-content\/uploads\/2023\/06\/Logo.png","width":275,"height":121,"caption":"Aquaria van Wolferen"},"image":{"@id":"https:\/\/aquariavanwolferen.nl\/#\/schema\/logo\/image\/"},"sameAs":["https:\/\/www.facebook.com\/profile.php?id=100009060239869","https:\/\/www.instagram.com\/aquariavanwolferen\/"]}]}},"_links":{"self":[{"href":"https:\/\/aquariavanwolferen.nl\/es\/wp-json\/wp\/v2\/pages\/1268","targetHints":{"allow":["GET"]}}],"collection":[{"href":"https:\/\/aquariavanwolferen.nl\/es\/wp-json\/wp\/v2\/pages"}],"about":[{"href":"https:\/\/aquariavanwolferen.nl\/es\/wp-json\/wp\/v2\/types\/page"}],"author":[{"embeddable":true,"href":"https:\/\/aquariavanwolferen.nl\/es\/wp-json\/wp\/v2\/users\/1"}],"replies":[{"embeddable":true,"href":"https:\/\/aquariavanwolferen.nl\/es\/wp-json\/wp\/v2\/comments?post=1268"}],"version-history":[{"count":4,"href":"https:\/\/aquariavanwolferen.nl\/es\/wp-json\/wp\/v2\/pages\/1268\/revisions"}],"predecessor-version":[{"id":3314,"href":"https:\/\/aquariavanwolferen.nl\/es\/wp-json\/wp\/v2\/pages\/1268\/revisions\/3314"}],"wp:attachment":[{"href":"https:\/\/aquariavanwolferen.nl\/es\/wp-json\/wp\/v2\/media?parent=1268"}],"curies":[{"name":"wp","href":"https:\/\/api.w.org\/{rel}","templated":true}]}}